{"id":8724,"date":"2026-03-26T22:37:47","date_gmt":"2026-03-26T21:37:47","guid":{"rendered":"https:\/\/paradiznik.si\/?post_type=product&#038;p=8724"},"modified":"2026-03-31T21:58:24","modified_gmt":"2026-03-31T19:58:24","slug":"potonika-roznato-bela-2","status":"publish","type":"product","link":"https:\/\/paradiznik.si\/en\/product\/potonika-roznato-bela-2\/","title":{"rendered":"Peony \u2013 Pinkish white"},"content":{"rendered":"<p data-start=\"257\" data-end=\"546\">Peony <strong data-start=\"266\" data-end=\"278\">The Fawn<\/strong> je zelo ne\u017ena in dekorativna sorta z velikimi cvetovi v ro\u017enatih in belih odtenkih. Cvetovi so pogosto rahlo pikasti, kar daje rastlini poseben in eleganten videz. Zaradi svoje ne\u017ene barvne kombinacije je odli\u010dna izbira za romanti\u010dne zasaditve in okrasne vrtne grede.<\/p>\n<p data-start=\"548\" data-end=\"715\">It grows best in a sunny or slightly shaded position in fertile, well-drained soil. Peonies are long-lived perennials and can grow in the same place for decades.<\/p>","protected":false},"excerpt":{"rendered":"<p><strong data-start=\"21\" data-end=\"31\">Colour:<\/strong> pink white<br data-start=\"44\" data-end=\"47\" \/><strong data-start=\"47\" data-end=\"63\">Planting time:<\/strong> September \u2013 November or March \u2013 April<br data-start=\"102\" data-end=\"105\" \/><strong data-start=\"105\" data-end=\"122\">Flowering time:<\/strong> May \u2013 June<br data-start=\"134\" data-end=\"137\" \/><strong data-start=\"137\" data-end=\"146\">Location:<\/strong> sunny or semi-shady<br data-start=\"167\" data-end=\"170\" \/><strong data-start=\"170\" data-end=\"181\" data-is-only-node=\"\">Height:<\/strong> 80 \u2013 100 cm<br data-start=\"193\" data-end=\"196\" \/><strong data-start=\"196\" data-end=\"206\">Variety:<\/strong> The Fawn<br data-start=\"215\" data-end=\"218\" \/><b>1 GOMOLJ<\/b><\/p>","protected":false},"featured_media":8725,"template":"","meta":{"_mo_disable_npp":""},"product_brand":[],"product_cat":[144],"product_tag":[],"class_list":{"0":"post-8724","1":"product","2":"type-product","3":"status-publish","4":"has-post-thumbnail","6":"product_cat-cebulice","8":"first","9":"instock","10":"featured","11":"shipping-taxable","12":"purchasable","13":"product-type-simple"},"_links":{"self":[{"href":"https:\/\/paradiznik.si\/en\/wp-json\/wp\/v2\/product\/8724","targetHints":{"allow":["GET"]}}],"collection":[{"href":"https:\/\/paradiznik.si\/en\/wp-json\/wp\/v2\/product"}],"about":[{"href":"https:\/\/paradiznik.si\/en\/wp-json\/wp\/v2\/types\/product"}],"wp:featuredmedia":[{"embeddable":true,"href":"https:\/\/paradiznik.si\/en\/wp-json\/wp\/v2\/media\/8725"}],"wp:attachment":[{"href":"https:\/\/paradiznik.si\/en\/wp-json\/wp\/v2\/media?parent=8724"}],"wp:term":[{"taxonomy":"product_brand","embeddable":true,"href":"https:\/\/paradiznik.si\/en\/wp-json\/wp\/v2\/product_brand?post=8724"},{"taxonomy":"product_cat","embeddable":true,"href":"https:\/\/paradiznik.si\/en\/wp-json\/wp\/v2\/product_cat?post=8724"},{"taxonomy":"product_tag","embeddable":true,"href":"https:\/\/paradiznik.si\/en\/wp-json\/wp\/v2\/product_tag?post=8724"}],"curies":[{"name":"wp","href":"https:\/\/api.w.org\/{rel}","templated":true}]}}