{"id":8713,"date":"2026-03-26T22:15:35","date_gmt":"2026-03-26T21:15:35","guid":{"rendered":"https:\/\/paradiznik.si\/?post_type=product&#038;p=8713"},"modified":"2026-04-04T09:20:49","modified_gmt":"2026-04-04T07:20:49","slug":"kala-belo-vijolicna","status":"publish","type":"product","link":"https:\/\/paradiznik.si\/en\/product\/kala-belo-vijolicna\/","title":{"rendered":"Calla \u2013 White purple"},"content":{"rendered":"<p data-start=\"25\" data-end=\"226\"><strong data-start=\"25\" data-end=\"35\">Colour:<\/strong> belo vijoli\u010dna<br data-start=\"50\" data-end=\"53\" \/><strong data-start=\"53\" data-end=\"69\">Planting time:<\/strong> April \u2013 May<br data-start=\"81\" data-end=\"84\" \/><strong data-start=\"84\" data-end=\"101\">Flowering time:<\/strong> June \u2013 August<br data-start=\"116\" data-end=\"119\" \/><strong data-start=\"119\" data-end=\"128\">Location:<\/strong> sunny or semi-shady<br data-start=\"149\" data-end=\"152\" \/><strong data-start=\"152\" data-end=\"163\" data-is-only-node=\"\">Height:<\/strong> 40 \u2013 60 cm<br data-start=\"174\" data-end=\"177\" \/><strong data-start=\"177\" data-end=\"187\">Variety:<\/strong> Picasso<br data-start=\"195\" data-end=\"198\" \/><strong data-start=\"198\" data-end=\"215\">Plant type:<\/strong> tuber<\/p>\n<p data-start=\"228\" data-end=\"561\">Kala <strong data-start=\"241\" data-end=\"252\">Picasso<\/strong> je zelo dekorativna kala z zna\u010dilnimi dvobarvnimi cvetovi. Cvetovi so beli na zunaj, notranjost pa je obarvana v intenzivno vijoli\u010dne odtenke, kar ustvarja izrazit kontrast in eleganten videz. Rastlina je primerna za okrasne grede, cvetli\u010dne posode in balkone, pogosto pa se uporablja tudi kot rezano cvetje.<\/p>\n<p data-start=\"563\" data-end=\"772\">Najbolje uspeva na son\u010dni ali rahlo polsen\u010dni legi v rodovitni, rahli in dobro odcedni zemlji. Gomolje sadimo spomladi, v hladnej\u0161ih obmo\u010djih pa jih jeseni izkopljemo in shranimo na suhem ter za\u0161\u010ditenem mestu.<\/p>","protected":false},"excerpt":{"rendered":"<p><strong data-start=\"22\" data-end=\"32\">Colour:<\/strong> pinkish white<br data-start=\"45\" data-end=\"48\" \/><strong data-start=\"48\" data-end=\"64\">Planting time:<\/strong> March \u2013 May<br data-start=\"76\" data-end=\"79\" \/><strong data-start=\"79\" data-end=\"96\">Flowering time:<\/strong> April \u2013 May<br data-start=\"108\" data-end=\"111\" \/><strong data-start=\"111\" data-end=\"120\">Location:<\/strong> semi-shaded or shady<br data-start=\"141\" data-end=\"144\" \/><strong data-start=\"144\" data-end=\"155\" data-is-only-node=\"\">Height:<\/strong> 15 \u2013 25 cm<br data-start=\"166\" data-end=\"169\" \/><strong data-start=\"169\" data-end=\"179\">Variety:<\/strong> Formosan<br data-start=\"189\" data-end=\"192\" \/><strong data-start=\"192\" data-end=\"209\">Plant type:<\/strong> ranunkula<br \/>\n<strong>Quantity<\/strong>: 1 gomolj<\/p>","protected":false},"featured_media":8714,"template":"","meta":{"_mo_disable_npp":""},"product_brand":[],"product_cat":[144],"product_tag":[],"class_list":{"0":"post-8713","1":"product","2":"type-product","3":"status-publish","4":"has-post-thumbnail","6":"product_cat-cebulice","8":"first","9":"instock","10":"featured","11":"shipping-taxable","12":"purchasable","13":"product-type-simple"},"_links":{"self":[{"href":"https:\/\/paradiznik.si\/en\/wp-json\/wp\/v2\/product\/8713","targetHints":{"allow":["GET"]}}],"collection":[{"href":"https:\/\/paradiznik.si\/en\/wp-json\/wp\/v2\/product"}],"about":[{"href":"https:\/\/paradiznik.si\/en\/wp-json\/wp\/v2\/types\/product"}],"wp:featuredmedia":[{"embeddable":true,"href":"https:\/\/paradiznik.si\/en\/wp-json\/wp\/v2\/media\/8714"}],"wp:attachment":[{"href":"https:\/\/paradiznik.si\/en\/wp-json\/wp\/v2\/media?parent=8713"}],"wp:term":[{"taxonomy":"product_brand","embeddable":true,"href":"https:\/\/paradiznik.si\/en\/wp-json\/wp\/v2\/product_brand?post=8713"},{"taxonomy":"product_cat","embeddable":true,"href":"https:\/\/paradiznik.si\/en\/wp-json\/wp\/v2\/product_cat?post=8713"},{"taxonomy":"product_tag","embeddable":true,"href":"https:\/\/paradiznik.si\/en\/wp-json\/wp\/v2\/product_tag?post=8713"}],"curies":[{"name":"wp","href":"https:\/\/api.w.org\/{rel}","templated":true}]}}