{"id":5046,"date":"2024-03-24T23:04:31","date_gmt":"2024-03-24T22:04:31","guid":{"rendered":"https:\/\/paradiznik.si\/?post_type=product&#038;p=5046"},"modified":"2026-01-29T20:32:26","modified_gmt":"2026-01-29T19:32:26","slug":"strocji-fizol-esterka","status":"publish","type":"product","link":"https:\/\/paradiznik.si\/en\/product\/strocji-fizol-esterka\/","title":{"rendered":"Stro\u010dji fi\u017eol &#8211; Esterka"},"content":{"rendered":"<p data-start=\"0\" data-end=\"447\">Stro\u010dji fi\u017eol <strong data-start=\"34\" data-end=\"45\">Esterka<\/strong> is <strong data-start=\"49\" data-end=\"89\">nizka, zgodnja sorta zelega fi\u017eola<\/strong>, appreciated for <strong data-start=\"106\" data-end=\"133\">zelo zgodnjega pridelka<\/strong> and <strong data-start=\"137\" data-end=\"167\">odli\u010dne kakovosti stro\u010dkov<\/strong>. The plant forms <strong data-start=\"184\" data-end=\"213\" data-is-only-node=\"\">kompaktne, grmi\u010daste \u0161ope<\/strong> height approximately <strong data-start=\"231\" data-end=\"243\">40\u201350cm<\/strong>, therefore <strong data-start=\"250\" data-end=\"272\">does not need support<\/strong> in je idealna za <strong data-start=\"290\" data-end=\"325\">manj\u0161e vrtove ali gosto sajenje<\/strong>. The pods are <strong data-start=\"337\" data-end=\"362\">ravni, dolgi 12\u201314 cm<\/strong>, <strong data-start=\"364\" data-end=\"386\">zelene barve<\/strong>, <strong data-start=\"388\" data-end=\"401\">brez niti<\/strong>, very <strong data-start=\"408\" data-end=\"428\">ne\u017eni in mesnati<\/strong> tudi po kuhanju.<\/p>\n<p data-start=\"449\" data-end=\"834\">Variety <strong data-start=\"455\" data-end=\"466\">Esterka<\/strong> is known for <strong data-start=\"479\" data-end=\"511\">izjemno enakomernem pridelku<\/strong> and <strong data-start=\"515\" data-end=\"543\">kratki vegetacijski dobi<\/strong>, saj stroki dozorijo \u017ee pribli\u017eno <strong data-start=\"578\" data-end=\"597\">55 dni po setvi<\/strong>. It is <strong data-start=\"602\" data-end=\"639\">odporna na pogoste bolezni fi\u017eola<\/strong>, dobro prena\u0161a vro\u010dino in su\u0161o, ter ohranja visoko kakovost pridelka skozi celotno sezono. Odli\u010dna je za <strong data-start=\"745\" data-end=\"788\">sve\u017eo uporabo, vlaganje ali zamrzovanje<\/strong>, saj ohranja barvo in okus tudi po kuhanju.<\/p>\n<p>&nbsp;<\/p>","protected":false},"excerpt":{"rendered":"<ul>\n<li data-start=\"841\" data-end=\"883\">\n<p data-start=\"843\" data-end=\"883\"><strong data-start=\"843\" data-end=\"862\">Scientific name:<\/strong> Phaseolus vulgaris<\/p>\n<\/li>\n<li data-start=\"884\" data-end=\"911\">\n<p data-start=\"886\" data-end=\"911\"><strong data-start=\"886\" data-end=\"896\">Colour:<\/strong> Green<\/p>\n<\/li>\n<li data-start=\"912\" data-end=\"968\">\n<p data-start=\"914\" data-end=\"968\"><strong data-start=\"914\" data-end=\"930\">Maturation time:<\/strong> Pribli\u017eno 55 dni od setve (zgodnja)<\/p>\n<\/li>\n<li data-start=\"969\" data-end=\"992\">\n<p data-start=\"971\" data-end=\"992\"><strong data-start=\"971\" data-end=\"984\">Quantity:<\/strong> 25g semena<\/p>\n<\/li>\n<li data-start=\"993\" data-end=\"1034\">\n<p data-start=\"995\" data-end=\"1034\"><strong data-start=\"995\" data-end=\"1004\">Growth:<\/strong> Nizka, grmi\u010dasta (40\u201350 cm)<\/p>\n<\/li>\n<li data-start=\"1035\" data-end=\"1056\">\n<p data-start=\"1037\" data-end=\"1056\"><strong data-start=\"1037\" data-end=\"1047\">Origin:<\/strong> Europe<\/p>\n<\/li>\n<\/ul>","protected":false},"featured_media":5047,"template":"","meta":{"_mo_disable_npp":""},"product_brand":[],"product_cat":[143,71],"product_tag":[],"class_list":{"0":"post-5046","1":"product","2":"type-product","3":"status-publish","4":"has-post-thumbnail","6":"product_cat-ostalo","7":"product_cat-semena","9":"first","10":"outofstock","11":"shipping-taxable","12":"purchasable","13":"product-type-simple"},"_links":{"self":[{"href":"https:\/\/paradiznik.si\/en\/wp-json\/wp\/v2\/product\/5046","targetHints":{"allow":["GET"]}}],"collection":[{"href":"https:\/\/paradiznik.si\/en\/wp-json\/wp\/v2\/product"}],"about":[{"href":"https:\/\/paradiznik.si\/en\/wp-json\/wp\/v2\/types\/product"}],"wp:featuredmedia":[{"embeddable":true,"href":"https:\/\/paradiznik.si\/en\/wp-json\/wp\/v2\/media\/5047"}],"wp:attachment":[{"href":"https:\/\/paradiznik.si\/en\/wp-json\/wp\/v2\/media?parent=5046"}],"wp:term":[{"taxonomy":"product_brand","embeddable":true,"href":"https:\/\/paradiznik.si\/en\/wp-json\/wp\/v2\/product_brand?post=5046"},{"taxonomy":"product_cat","embeddable":true,"href":"https:\/\/paradiznik.si\/en\/wp-json\/wp\/v2\/product_cat?post=5046"},{"taxonomy":"product_tag","embeddable":true,"href":"https:\/\/paradiznik.si\/en\/wp-json\/wp\/v2\/product_tag?post=5046"}],"curies":[{"name":"wp","href":"https:\/\/api.w.org\/{rel}","templated":true}]}}