{"id":266,"date":"2023-09-15T20:48:17","date_gmt":"2023-09-15T18:48:17","guid":{"rendered":"https:\/\/paradiznik.si\/?page_id=266"},"modified":"2026-02-14T07:57:44","modified_gmt":"2026-02-14T06:57:44","slug":"dostava","status":"publish","type":"page","link":"https:\/\/paradiznik.si\/en\/dostava\/","title":{"rendered":"Delivery"},"content":{"rendered":"<div data-elementor-type=\"wp-page\" data-elementor-id=\"266\" class=\"elementor elementor-266\" data-elementor-post-type=\"page\">\n\t\t\t\t<div class=\"elementor-element elementor-element-702b1a88 e-flex e-con-boxed e-con e-parent\" data-id=\"702b1a88\" data-element_type=\"container\" data-settings=\"{&quot;background_background&quot;:&quot;classic&quot;}\">\n\t\t\t\t\t<div class=\"e-con-inner\">\n\t\t\t\t<div class=\"elementor-element elementor-element-14823f6c elementor-widget elementor-widget-heading\" data-id=\"14823f6c\" data-element_type=\"widget\" data-widget_type=\"heading.default\">\n\t\t\t\t<div class=\"elementor-widget-container\">\n\t\t\t\t\t<h1 class=\"elementor-heading-title elementor-size-default\">Delivery<\/h1>\t\t\t\t<\/div>\n\t\t\t\t<\/div>\n\t\t\t\t<div class=\"elementor-element elementor-element-30c79f2 elementor-widget elementor-widget-text-editor\" data-id=\"30c79f2\" data-element_type=\"widget\" data-widget_type=\"text-editor.default\">\n\t\t\t\t<div class=\"elementor-widget-container\">\n\t\t\t\t\t\t\t\t\t<p>Paradiznik.si (the provider) strives to deliver products within the promised time frame. In most cases, products are delivered with Po\u0161ta Slovenije, but we reserve the right to choose another delivery service if this will allow the order to be fulfilled more efficiently.<\/p><p>Delivery is completely secure and for all purchases only possible to addresses in Slovenia. Express or personal delivery is only possible in certain cities.<\/p><p>The risk of loss or damage to the goods shipped shall pass from the provider to the buyer when the goods are physically received by the latter or when the goods are physically received by a third party other than the carrier and designated by the consumer for this purpose. If the consumer has ordered transport from a carrier not offered by the provider, the risk of destruction or damage to the goods shall nevertheless pass to the buyer upon delivery of the goods to the carrier.<\/p>\t\t\t\t\t\t\t\t<\/div>\n\t\t\t\t<\/div>\n\t\t\t\t<div class=\"elementor-element elementor-element-7782134 elementor-widget elementor-widget-heading\" data-id=\"7782134\" data-element_type=\"widget\" data-widget_type=\"heading.default\">\n\t\t\t\t<div class=\"elementor-widget-container\">\n\t\t\t\t\t<h2 class=\"elementor-heading-title elementor-size-default\">1. Delivery times<\/h2>\t\t\t\t<\/div>\n\t\t\t\t<\/div>\n\t\t\t\t<div class=\"elementor-element elementor-element-aa37c6f elementor-widget elementor-widget-text-editor\" data-id=\"aa37c6f\" data-element_type=\"widget\" data-widget_type=\"text-editor.default\">\n\t\t\t\t<div class=\"elementor-widget-container\">\n\t\t\t\t\t\t\t\t\t<p>How quickly your ordered goods will arrive depends on many factors. If the ordered goods are in stock, the goods will be shipped from our site within 4 business days. If we do not have any of the ordered products in stock, your shipment will be shipped the next business day when we receive the product in stock. If the product is currently out of stock, we will inform the customer about the delivery time.<\/p><p>After receiving your order or payment confirmation (*), we will begin the shipping or preparation activities for your order. You will receive an email when the shipment is ready.<\/p><p><em>* when choosing the payment option to our transaction account, the activities for executing the order will begin after receiving information about the inflow of funds to our transaction account.<\/em><\/p>\t\t\t\t\t\t\t\t<\/div>\n\t\t\t\t<\/div>\n\t\t\t\t<div class=\"elementor-element elementor-element-ff084db elementor-widget elementor-widget-heading\" data-id=\"ff084db\" data-element_type=\"widget\" data-widget_type=\"heading.default\">\n\t\t\t\t<div class=\"elementor-widget-container\">\n\t\t\t\t\t<h2 class=\"elementor-heading-title elementor-size-default\">2. Delivery cost<\/h2>\t\t\t\t<\/div>\n\t\t\t\t<\/div>\n\t\t\t\t<div class=\"elementor-element elementor-element-ec62af5 elementor-widget elementor-widget-text-editor\" data-id=\"ec62af5\" data-element_type=\"widget\" data-widget_type=\"text-editor.default\">\n\t\t\t\t<div class=\"elementor-widget-container\">\n\t\t\t\t\t\t\t\t\t<p>Delivery price list according to purchase value:<\/p><ul><li>Slovenia: \u20ac4.00;<\/li><li>Austria, Czech Republic, Croatia, Hungary, Germany, Slovakia: \u20ac6.60;<\/li><li>Poland, Romania: \u20ac8.00;<\/li><li>Italy: \u20ac10.00;<\/li><li>Belgium, Bulgaria, Luxembourg, Netherlands: \u20ac11.00;<\/li><li>France: \u20ac15.00;<\/li><li>over \u20ac50.00, delivery costs are covered by the provider.<br \/><br \/><\/li><\/ul>\t\t\t\t\t\t\t\t<\/div>\n\t\t\t\t<\/div>\n\t\t\t\t<div class=\"elementor-element elementor-element-3debed1 elementor-widget elementor-widget-heading\" data-id=\"3debed1\" data-element_type=\"widget\" data-widget_type=\"heading.default\">\n\t\t\t\t<div class=\"elementor-widget-container\">\n\t\t\t\t\t<h2 class=\"elementor-heading-title elementor-size-default\">3. Delivery time<\/h2>\t\t\t\t<\/div>\n\t\t\t\t<\/div>\n\t\t\t\t<div class=\"elementor-element elementor-element-b3df8d2 elementor-widget elementor-widget-text-editor\" data-id=\"b3df8d2\" data-element_type=\"widget\" data-widget_type=\"text-editor.default\">\n\t\t\t\t<div class=\"elementor-widget-container\">\n\t\t\t\t\t\t\t\t\t<p>Delivery is made during the week and on Saturday mornings until 12:00 noon to the address you enter when placing the order.<\/p><p>If you are not at home at the time of delivery, the courier\/delivery service will leave a message, based on which you will arrange for redelivery or collection at the nearest collection unit.<\/p>\t\t\t\t\t\t\t\t<\/div>\n\t\t\t\t<\/div>\n\t\t\t\t<div class=\"elementor-element elementor-element-1cb54c0 elementor-widget elementor-widget-text-editor\" data-id=\"1cb54c0\" data-element_type=\"widget\" data-widget_type=\"text-editor.default\">\n\t\t\t\t<div class=\"elementor-widget-container\">\n\t\t\t\t\t\t\t\t\t<p>Ptuj, 14. 12. 2026<\/p>\t\t\t\t\t\t\t\t<\/div>\n\t\t\t\t<\/div>\n\t\t\t\t\t<\/div>\n\t\t\t\t<\/div>\n\t\t\t\t<\/div>","protected":false},"excerpt":{"rendered":"<p>Dostava Paradiznik.si (ponudnik) se trudi izdelke dostaviti v obljubljenem roku. Izdelke dostavljamo v ve\u010dini primerov s Po\u0161to Slovenije, vendar si pridr\u017eujemo pravico izbrati drugo dostavno slu\u017ebo, \u010de bo s tem lahko naro\u010dilo izpolnjeno bolj u\u010dinkovito. Dostava je popolnoma varna in za vse nakupe mogo\u010da samo na naslovu v Sloveniji. Hitra ali osebna dostava je mogo\u010da [&hellip;]<\/p>","protected":false},"author":1,"featured_media":0,"parent":0,"menu_order":0,"comment_status":"closed","ping_status":"closed","template":"elementor_header_footer","meta":{"_mo_disable_npp":"","footnotes":""},"class_list":["post-266","page","type-page","status-publish","hentry"],"_links":{"self":[{"href":"https:\/\/paradiznik.si\/en\/wp-json\/wp\/v2\/pages\/266","targetHints":{"allow":["GET"]}}],"collection":[{"href":"https:\/\/paradiznik.si\/en\/wp-json\/wp\/v2\/pages"}],"about":[{"href":"https:\/\/paradiznik.si\/en\/wp-json\/wp\/v2\/types\/page"}],"author":[{"embeddable":true,"href":"https:\/\/paradiznik.si\/en\/wp-json\/wp\/v2\/users\/1"}],"replies":[{"embeddable":true,"href":"https:\/\/paradiznik.si\/en\/wp-json\/wp\/v2\/comments?post=266"}],"version-history":[{"count":8,"href":"https:\/\/paradiznik.si\/en\/wp-json\/wp\/v2\/pages\/266\/revisions"}],"predecessor-version":[{"id":8079,"href":"https:\/\/paradiznik.si\/en\/wp-json\/wp\/v2\/pages\/266\/revisions\/8079"}],"wp:attachment":[{"href":"https:\/\/paradiznik.si\/en\/wp-json\/wp\/v2\/media?parent=266"}],"curies":[{"name":"wp","href":"https:\/\/api.w.org\/{rel}","templated":true}]}}