{"id":8622,"date":"2026-03-21T23:01:08","date_gmt":"2026-03-21T22:01:08","guid":{"rendered":"https:\/\/paradiznik.si\/?post_type=product&#038;p=8622"},"modified":"2026-03-27T18:30:50","modified_gmt":"2026-03-27T17:30:50","slug":"melona-uncle-sam","status":"publish","type":"product","link":"https:\/\/paradiznik.si\/de\/produkt\/melona-uncle-sam\/","title":{"rendered":"Melone \u2013 Onkel Sam"},"content":{"rendered":"<p data-start=\"110\" data-end=\"320\">Melona Uncle Sam F1 je hibrid tipa Honey Dew, cenjen zaradi rodovitnosti rastline in dobre listne mase, ki naravno \u0161\u010diti plodove pred soncem ter zagotavlja visoko estetsko in okusno kakovost.<\/p>\n<p data-start=\"322\" data-end=\"465\">Plodovi so okrogli, z gladko lupino svetlo zelene barve, ki ob zorenju preide v kremno rumeno. Zelo privla\u010dni in lahko prepoznavni ob obiranju.<\/p>\n<p data-start=\"467\" data-end=\"678\">Meso je intenzivno lososove barve, \u010dvrsto, zelo aromati\u010dno, s srednje veliko semensko votlino. Vsebnost sladkorja je zelo visoka, zato je sorta odli\u010dna za sve\u017eo porabo, kjer izstopa po sladkem okusu in so\u010dnosti.<\/p>\n<p data-start=\"680\" data-end=\"743\">Hibrid ima dobro gensko odpornost na klju\u010dne bolezni, kot so:<\/p>\n<ul data-start=\"744\" data-end=\"826\">\n<li data-section-id=\"1q1ma25\" data-start=\"744\" data-end=\"796\"><strong data-start=\"746\" data-end=\"794\">Fusarium oxysporum f. sp. melonis (rase 0\u20132)<\/strong><\/li>\n<li data-section-id=\"s39uvy\" data-start=\"797\" data-end=\"826\"><strong data-start=\"799\" data-end=\"824\">Pepelasta plesen (PM)<\/strong><\/li>\n<\/ul>\n<p data-start=\"828\" data-end=\"910\">To omogo\u010da stabilen in zanesljiv pridelek ter manj potrebe po za\u0161\u010ditnih sredstvih.<\/p>","protected":false},"excerpt":{"rendered":"<p data-start=\"673\" data-end=\"707\"><strong data-start=\"673\" data-end=\"692\">Wissenschaftlicher Name:<\/strong> Cucumis melo<\/p>\n<p data-start=\"709\" data-end=\"774\"><strong data-start=\"709\" data-end=\"719\">Farbe:<\/strong> mre\u017easta zelena do rjavkasta lupina, sredica oran\u017ena<\/p>\n<p data-start=\"776\" data-end=\"810\"><strong data-start=\"776\" data-end=\"792\">Reifungszeit:<\/strong> mittelfr\u00fch<\/p>\n<p data-start=\"812\" data-end=\"827\"><strong data-start=\"812\" data-end=\"825\">Menge:<\/strong><\/p>\n<p data-start=\"829\" data-end=\"860\"><strong data-start=\"829\" data-end=\"838\">Wachstum:<\/strong> kriechendes, \u00fcppiges Wachstum<\/p>\n<p data-start=\"912\" data-end=\"932\">","protected":false},"featured_media":8623,"template":"","meta":{"_mo_disable_npp":""},"product_brand":[],"product_cat":[75,127,131,71],"product_tag":[],"class_list":{"0":"post-8622","1":"product","2":"type-product","3":"status-publish","4":"has-post-thumbnail","6":"product_cat-lubenice-in-melone","7":"product_cat-novo","8":"product_cat-profesionalna-semena","9":"product_cat-semena","11":"first","12":"instock","13":"shipping-taxable","14":"purchasable","15":"product-type-simple"},"_links":{"self":[{"href":"https:\/\/paradiznik.si\/de\/wp-json\/wp\/v2\/product\/8622","targetHints":{"allow":["GET"]}}],"collection":[{"href":"https:\/\/paradiznik.si\/de\/wp-json\/wp\/v2\/product"}],"about":[{"href":"https:\/\/paradiznik.si\/de\/wp-json\/wp\/v2\/types\/product"}],"wp:featuredmedia":[{"embeddable":true,"href":"https:\/\/paradiznik.si\/de\/wp-json\/wp\/v2\/media\/8623"}],"wp:attachment":[{"href":"https:\/\/paradiznik.si\/de\/wp-json\/wp\/v2\/media?parent=8622"}],"wp:term":[{"taxonomy":"product_brand","embeddable":true,"href":"https:\/\/paradiznik.si\/de\/wp-json\/wp\/v2\/product_brand?post=8622"},{"taxonomy":"product_cat","embeddable":true,"href":"https:\/\/paradiznik.si\/de\/wp-json\/wp\/v2\/product_cat?post=8622"},{"taxonomy":"product_tag","embeddable":true,"href":"https:\/\/paradiznik.si\/de\/wp-json\/wp\/v2\/product_tag?post=8622"}],"curies":[{"name":"wp","href":"https:\/\/api.w.org\/{rel}","templated":true}]}}