{"id":8585,"date":"2026-03-17T22:02:27","date_gmt":"2026-03-17T21:02:27","guid":{"rendered":"https:\/\/paradiznik.si\/?post_type=product&#038;p=8585"},"modified":"2026-03-26T23:25:49","modified_gmt":"2026-03-26T22:25:49","slug":"smarnica-bela","status":"publish","type":"product","link":"https:\/\/paradiznik.si\/de\/produkt\/smarnica-bela\/","title":{"rendered":"Maigl\u00f6ckchen \u2013 Wei\u00df"},"content":{"rendered":"<p data-start=\"30\" data-end=\"246\"><strong data-start=\"30\" data-end=\"40\">Farbe:<\/strong> Wei\u00df<br data-start=\"45\" data-end=\"48\" \/><strong data-start=\"48\" data-end=\"64\">Pflanzzeit:<\/strong> M\u00e4rz \u2013 Mai oder September \u2013 Oktober<br data-start=\"100\" data-end=\"103\" \/><strong data-start=\"103\" data-end=\"120\">Bl\u00fctezeit:<\/strong> Mai \u2013 Juni<br data-start=\"132\" data-end=\"135\" \/><strong data-start=\"135\" data-end=\"144\">Standort:<\/strong> halbschattig oder schattig<br data-start=\"165\" data-end=\"168\" \/><strong data-start=\"168\" data-end=\"179\" data-is-only-node=\"\">H\u00f6he:<\/strong> 15 \u2013 25 cm<br data-start=\"190\" data-end=\"193\" \/><strong data-start=\"193\" data-end=\"203\">Vielfalt:<\/strong> Majalis White<br data-start=\"217\" data-end=\"220\" \/><strong data-start=\"220\" data-end=\"237\">Pflanzenart:<\/strong> mehrj\u00e4hrig<\/p>\n<p data-start=\"248\" data-end=\"522\">Maigl\u00f6ckchen <strong data-start=\"257\" data-end=\"286\">Convallaria majalis Wei\u00df<\/strong> Diese beliebte Fr\u00fchlingsstaude besticht durch zarte, wei\u00dfe, glockenf\u00f6rmige Bl\u00fcten und einen charakteristischen, angenehmen Duft. Sie bildet dichte, gr\u00fcne Bl\u00e4tterteppiche und eignet sich hervorragend f\u00fcr die Pflanzung unter B\u00e4umen, in Schattenbeeten oder naturnahen G\u00e4rten.<\/p>\n<p data-start=\"524\" data-end=\"681\">Sie gedeiht am besten an einem halbschattigen oder schattigen Standort in leichtem, humusreichem und leicht feuchtem Boden. Die Pflanze ist sehr robust und winterhart und w\u00e4chst \u00fcber die Jahre hinweg pr\u00e4chtig.<\/p>","protected":false},"excerpt":{"rendered":"<p><strong>Menge:<\/strong> 1 Knolle<strong><br \/>\nQualit\u00e4t: <\/strong>A+<\/p>","protected":false},"featured_media":8586,"template":"","meta":{"_mo_disable_npp":""},"product_brand":[],"product_cat":[144],"product_tag":[],"class_list":{"0":"post-8585","1":"product","2":"type-product","3":"status-publish","4":"has-post-thumbnail","6":"product_cat-cebulice","8":"first","9":"instock","10":"featured","11":"shipping-taxable","12":"purchasable","13":"product-type-simple"},"_links":{"self":[{"href":"https:\/\/paradiznik.si\/de\/wp-json\/wp\/v2\/product\/8585","targetHints":{"allow":["GET"]}}],"collection":[{"href":"https:\/\/paradiznik.si\/de\/wp-json\/wp\/v2\/product"}],"about":[{"href":"https:\/\/paradiznik.si\/de\/wp-json\/wp\/v2\/types\/product"}],"wp:featuredmedia":[{"embeddable":true,"href":"https:\/\/paradiznik.si\/de\/wp-json\/wp\/v2\/media\/8586"}],"wp:attachment":[{"href":"https:\/\/paradiznik.si\/de\/wp-json\/wp\/v2\/media?parent=8585"}],"wp:term":[{"taxonomy":"product_brand","embeddable":true,"href":"https:\/\/paradiznik.si\/de\/wp-json\/wp\/v2\/product_brand?post=8585"},{"taxonomy":"product_cat","embeddable":true,"href":"https:\/\/paradiznik.si\/de\/wp-json\/wp\/v2\/product_cat?post=8585"},{"taxonomy":"product_tag","embeddable":true,"href":"https:\/\/paradiznik.si\/de\/wp-json\/wp\/v2\/product_tag?post=8585"}],"curies":[{"name":"wp","href":"https:\/\/api.w.org\/{rel}","templated":true}]}}