{"id":8566,"date":"2026-03-17T15:21:11","date_gmt":"2026-03-17T14:21:11","guid":{"rendered":"https:\/\/paradiznik.si\/?post_type=product&#038;p=8566"},"modified":"2026-03-30T22:37:34","modified_gmt":"2026-03-30T20:37:34","slug":"lilija-rumena-velika","status":"publish","type":"product","link":"https:\/\/paradiznik.si\/de\/produkt\/lilija-rumena-velika\/","title":{"rendered":"Lilie \u2013 Gelb gro\u00df"},"content":{"rendered":"<p data-start=\"249\" data-end=\"520\">Lilie <strong data-start=\"256\" data-end=\"273\">Gelber Planet<\/strong> Diese Sorte ist sehr dekorativ und besticht durch gro\u00dfe, leuchtend gelbe Bl\u00fcten. Die ausdrucksstarken und eleganten Bl\u00fcten setzen an ihren hohen Stielen einen wundersch\u00f6nen Akzent im Sommergarten. Dank ihrer kr\u00e4ftigen Stiele und der gro\u00dfen Bl\u00fcten eignet sie sich auch hervorragend als Schnittblume.<\/p>\n<p data-start=\"522\" data-end=\"733\">Sie gedeiht am besten an einem sonnigen oder halbschattigen Standort in fruchtbarem und gut durchl\u00e4ssigem Boden. Die Zwiebeln werden im Fr\u00fchjahr oder Herbst gepflanzt. <strong data-start=\"656\" data-end=\"676\">10\u201315 cm tief<\/strong>, wo die Pflanzen hohe St\u00e4ngel mit zahlreichen Bl\u00fcten entwickeln.<\/p>","protected":false},"excerpt":{"rendered":"<p><strong data-start=\"25\" data-end=\"35\">Farbe:<\/strong> Gelb<br data-start=\"42\" data-end=\"45\" \/><strong data-start=\"45\" data-end=\"61\">Pflanzzeit:<\/strong> M\u00e4rz \u2013 Mai oder September \u2013 Oktober<br data-start=\"97\" data-end=\"100\" \/><strong data-start=\"100\" data-end=\"117\">Bl\u00fctezeit:<\/strong> Juni \u2013 Juli<br data-start=\"131\" data-end=\"134\" \/><strong data-start=\"134\" data-end=\"143\">Standort:<\/strong> sonnig oder halbschattig<br data-start=\"164\" data-end=\"167\" \/><strong data-start=\"167\" data-end=\"178\" data-is-only-node=\"\">H\u00f6he:<\/strong> 90 \u2013 110 cm<br data-start=\"190\" data-end=\"193\" \/><strong data-start=\"193\" data-end=\"203\">Vielfalt:<\/strong> Gelber Planet<br data-start=\"217\" data-end=\"220\" \/><b>1 \u010cEBULICA<\/b><\/p>","protected":false},"featured_media":8567,"template":"","meta":{"_mo_disable_npp":""},"product_brand":[],"product_cat":[144],"product_tag":[],"class_list":{"0":"post-8566","1":"product","2":"type-product","3":"status-publish","4":"has-post-thumbnail","6":"product_cat-cebulice","8":"first","9":"instock","10":"featured","11":"shipping-taxable","12":"purchasable","13":"product-type-simple"},"_links":{"self":[{"href":"https:\/\/paradiznik.si\/de\/wp-json\/wp\/v2\/product\/8566","targetHints":{"allow":["GET"]}}],"collection":[{"href":"https:\/\/paradiznik.si\/de\/wp-json\/wp\/v2\/product"}],"about":[{"href":"https:\/\/paradiznik.si\/de\/wp-json\/wp\/v2\/types\/product"}],"wp:featuredmedia":[{"embeddable":true,"href":"https:\/\/paradiznik.si\/de\/wp-json\/wp\/v2\/media\/8567"}],"wp:attachment":[{"href":"https:\/\/paradiznik.si\/de\/wp-json\/wp\/v2\/media?parent=8566"}],"wp:term":[{"taxonomy":"product_brand","embeddable":true,"href":"https:\/\/paradiznik.si\/de\/wp-json\/wp\/v2\/product_brand?post=8566"},{"taxonomy":"product_cat","embeddable":true,"href":"https:\/\/paradiznik.si\/de\/wp-json\/wp\/v2\/product_cat?post=8566"},{"taxonomy":"product_tag","embeddable":true,"href":"https:\/\/paradiznik.si\/de\/wp-json\/wp\/v2\/product_tag?post=8566"}],"curies":[{"name":"wp","href":"https:\/\/api.w.org\/{rel}","templated":true}]}}