{"id":8549,"date":"2026-03-17T14:24:10","date_gmt":"2026-03-17T13:24:10","guid":{"rendered":"https:\/\/paradiznik.si\/?post_type=product&#038;p=8549"},"modified":"2026-04-05T08:02:17","modified_gmt":"2026-04-05T06:02:17","slug":"voodoo-lilija-cudezna-lilija","status":"publish","type":"product","link":"https:\/\/paradiznik.si\/de\/produkt\/voodoo-lilija-cudezna-lilija\/","title":{"rendered":"Voodoo-Lilie \u2013 Wunderlilie"},"content":{"rendered":"<p data-start=\"23\" data-end=\"228\"><strong data-start=\"23\" data-end=\"33\">Farbe:<\/strong> Dunkelrotviolett<br data-start=\"55\" data-end=\"58\" \/><strong data-start=\"58\" data-end=\"74\">Pflanzzeit:<\/strong> April \u2013 Mai<br data-start=\"86\" data-end=\"89\" \/><strong data-start=\"89\" data-end=\"106\">Bl\u00fctezeit:<\/strong> Mai \u2013 Juni<br data-start=\"118\" data-end=\"121\" \/><strong data-start=\"121\" data-end=\"130\">Standort:<\/strong> halbschattig oder schattig<br data-start=\"151\" data-end=\"154\" \/><strong data-start=\"154\" data-end=\"165\" data-is-only-node=\"\">H\u00f6he:<\/strong> 40 \u2013 60 cm<br data-start=\"176\" data-end=\"179\" \/><strong data-start=\"179\" data-end=\"189\">Vielfalt:<\/strong> Ven\u00f6s<br data-start=\"197\" data-end=\"200\" \/><strong data-start=\"200\" data-end=\"217\">Pflanzenart:<\/strong> Knolle<\/p>\n<p data-start=\"230\" data-end=\"543\"><strong data-start=\"230\" data-end=\"252\">Sauromatum venosum<\/strong>, Die auch als Voodoo-Lilie oder Wunderlilie bekannte Pflanze ist eine sehr interessante und ungew\u00f6hnliche Zierpflanze. Im Fr\u00fchling entwickelt sie zun\u00e4chst eine gro\u00dfe, exotische Bl\u00fcte in Dunkelrot- bis Violettt\u00f6nen mit einem charakteristisch gefleckten St\u00e4ngel. Nach der Bl\u00fctezeit bildet sich ein gro\u00dfes, dekoratives Blatt, das der Pflanze ein tropisches Aussehen verleiht.<\/p>\n<p data-start=\"545\" data-end=\"770\">Die Pflanze gedeiht am besten an einem halbschattigen oder schattigen Standort in leichtem, humusreichem und gut durchl\u00e4ssigem Boden. Die Knollen werden im Fr\u00fchjahr gepflanzt, in k\u00e4lteren Regionen empfiehlt es sich jedoch, sie im Herbst auszugraben und an einem trockenen, gesch\u00fctzten Ort zu lagern.<\/p>","protected":false},"excerpt":{"rendered":"<p><strong>Menge:<\/strong> 1 Knolle<strong><br \/>\nQualit\u00e4t: <\/strong>A+<\/p>","protected":false},"featured_media":8550,"template":"","meta":{"_mo_disable_npp":""},"product_brand":[],"product_cat":[144],"product_tag":[],"class_list":{"0":"post-8549","1":"product","2":"type-product","3":"status-publish","4":"has-post-thumbnail","6":"product_cat-cebulice","8":"first","9":"instock","10":"featured","11":"shipping-taxable","12":"purchasable","13":"product-type-simple"},"_links":{"self":[{"href":"https:\/\/paradiznik.si\/de\/wp-json\/wp\/v2\/product\/8549","targetHints":{"allow":["GET"]}}],"collection":[{"href":"https:\/\/paradiznik.si\/de\/wp-json\/wp\/v2\/product"}],"about":[{"href":"https:\/\/paradiznik.si\/de\/wp-json\/wp\/v2\/types\/product"}],"wp:featuredmedia":[{"embeddable":true,"href":"https:\/\/paradiznik.si\/de\/wp-json\/wp\/v2\/media\/8550"}],"wp:attachment":[{"href":"https:\/\/paradiznik.si\/de\/wp-json\/wp\/v2\/media?parent=8549"}],"wp:term":[{"taxonomy":"product_brand","embeddable":true,"href":"https:\/\/paradiznik.si\/de\/wp-json\/wp\/v2\/product_brand?post=8549"},{"taxonomy":"product_cat","embeddable":true,"href":"https:\/\/paradiznik.si\/de\/wp-json\/wp\/v2\/product_cat?post=8549"},{"taxonomy":"product_tag","embeddable":true,"href":"https:\/\/paradiznik.si\/de\/wp-json\/wp\/v2\/product_tag?post=8549"}],"curies":[{"name":"wp","href":"https:\/\/api.w.org\/{rel}","templated":true}]}}