{"id":8532,"date":"2026-03-17T13:09:57","date_gmt":"2026-03-17T12:09:57","guid":{"rendered":"https:\/\/paradiznik.si\/?post_type=product&#038;p=8532"},"modified":"2026-03-25T21:50:41","modified_gmt":"2026-03-25T20:50:41","slug":"potonika-roznato-bela","status":"publish","type":"product","link":"https:\/\/paradiznik.si\/de\/produkt\/potonika-roznato-bela\/","title":{"rendered":"Pfingstrose \u2013 Rosa-wei\u00df"},"content":{"rendered":"<p data-start=\"19\" data-end=\"250\"><strong data-start=\"19\" data-end=\"29\">Farbe:<\/strong> rosafarbenes Wei\u00df<br data-start=\"42\" data-end=\"45\" \/><strong data-start=\"45\" data-end=\"61\">Pflanzzeit:<\/strong> September \u2013 November oder M\u00e4rz \u2013 April<br data-start=\"100\" data-end=\"103\" \/><strong data-start=\"103\" data-end=\"120\">Bl\u00fctezeit:<\/strong> Mai \u2013 Juni<br data-start=\"132\" data-end=\"135\" \/><strong data-start=\"135\" data-end=\"144\">Standort:<\/strong> sonnig oder halbschattig<br data-start=\"165\" data-end=\"168\" \/><strong data-start=\"168\" data-end=\"179\" data-is-only-node=\"\">H\u00f6he:<\/strong> 80 \u2013 90 cm<br data-start=\"190\" data-end=\"193\" \/><strong data-start=\"193\" data-end=\"203\">Vielfalt:<\/strong> Sorbet<br data-start=\"210\" data-end=\"213\" \/><strong data-start=\"213\" data-end=\"230\">Pflanzenart:<\/strong> mehrj\u00e4hrig (Pfingstrosen)<\/p>\n<p data-start=\"252\" data-end=\"577\">Pfingstrose <strong data-start=\"261\" data-end=\"271\">Sorbet<\/strong> Diese sehr beliebte Sorte zeichnet sich durch ihre charakteristischen, mehrschichtigen Bl\u00fcten aus. Die Bl\u00fcten haben rosafarbene \u00e4u\u00dfere Bl\u00fctenbl\u00e4tter und eine Schicht zarter wei\u00dfer Bl\u00fctenbl\u00e4tter in der Mitte, wodurch die Bl\u00fcte an ein mehrfarbiges \u201cs\u00fc\u00dfes Sorbet\u201d erinnert. Die Pflanze bildet einen kr\u00e4ftigen Strauch mit \u00fcppigem, gr\u00fcnem Laub und ist eine ausgezeichnete Wahl f\u00fcr Zierg\u00e4rten und als Schnittblume.<\/p>\n<p data-start=\"579\" data-end=\"746\">Sie gedeiht am besten an einem sonnigen oder halbschattigen Standort in fruchtbarem, gut durchl\u00e4ssigem Boden. Pfingstrosen sind langlebige Stauden und k\u00f6nnen jahrzehntelang am selben Standort wachsen.<\/p>","protected":false},"excerpt":{"rendered":"<p><strong>Menge: <\/strong>1 Knolle<strong><br \/>\nQualit\u00e4t: <\/strong>A+<\/p>","protected":false},"featured_media":8533,"template":"","meta":{"_mo_disable_npp":""},"product_brand":[],"product_cat":[144],"product_tag":[],"class_list":{"0":"post-8532","1":"product","2":"type-product","3":"status-publish","4":"has-post-thumbnail","6":"product_cat-cebulice","8":"first","9":"instock","10":"featured","11":"shipping-taxable","12":"purchasable","13":"product-type-simple"},"_links":{"self":[{"href":"https:\/\/paradiznik.si\/de\/wp-json\/wp\/v2\/product\/8532","targetHints":{"allow":["GET"]}}],"collection":[{"href":"https:\/\/paradiznik.si\/de\/wp-json\/wp\/v2\/product"}],"about":[{"href":"https:\/\/paradiznik.si\/de\/wp-json\/wp\/v2\/types\/product"}],"wp:featuredmedia":[{"embeddable":true,"href":"https:\/\/paradiznik.si\/de\/wp-json\/wp\/v2\/media\/8533"}],"wp:attachment":[{"href":"https:\/\/paradiznik.si\/de\/wp-json\/wp\/v2\/media?parent=8532"}],"wp:term":[{"taxonomy":"product_brand","embeddable":true,"href":"https:\/\/paradiznik.si\/de\/wp-json\/wp\/v2\/product_brand?post=8532"},{"taxonomy":"product_cat","embeddable":true,"href":"https:\/\/paradiznik.si\/de\/wp-json\/wp\/v2\/product_cat?post=8532"},{"taxonomy":"product_tag","embeddable":true,"href":"https:\/\/paradiznik.si\/de\/wp-json\/wp\/v2\/product_tag?post=8532"}],"curies":[{"name":"wp","href":"https:\/\/api.w.org\/{rel}","templated":true}]}}