{"id":8205,"date":"2026-02-21T22:15:44","date_gmt":"2026-02-21T21:15:44","guid":{"rendered":"https:\/\/paradiznik.si\/?post_type=product&#038;p=8205"},"modified":"2026-03-29T21:59:46","modified_gmt":"2026-03-29T19:59:46","slug":"bucka-turkish-turban","status":"publish","type":"product","link":"https:\/\/paradiznik.si\/de\/produkt\/bucka-turkish-turban\/","title":{"rendered":"Zucchini \u2013 T\u00fcrkischer Turban"},"content":{"rendered":"<p data-start=\"84\" data-end=\"314\">Der T\u00fcrkenturban-K\u00fcrbis z\u00e4hlt zu den bekanntesten und dekorativsten K\u00fcrbissorten. Mit seiner charakteristischen Turbanform und der einzigartigen Farbkombination aus Gr\u00fcn, Wei\u00df und Rot\/Orange ist er ein echter Blickfang im Garten und in herbstlichen Gestecken.<\/p>\n<p data-start=\"316\" data-end=\"517\">Die Fr\u00fcchte messen ungef\u00e4hr <strong data-start=\"341\" data-end=\"355\">18 \u00d7 18 cm<\/strong>, Die Fr\u00fcchte k\u00f6nnen in Gr\u00f6\u00dfe und Form leicht variieren. Jede Frucht ist ein Unikat. Die Sorte ist f\u00fcr ihre gute Haltbarkeit bekannt und eignet sich daher f\u00fcr eine l\u00e4ngere Lagerung.<\/p>\n<p data-start=\"519\" data-end=\"726\">Obwohl viele sie als Zierk\u00fcrbis anbauen, ist der T\u00fcrkenturban auch <strong data-start=\"582\" data-end=\"606\">k\u00f6stliche essbare Vielfalt<\/strong>. Das Fleisch eignet sich zur Zubereitung von Cremesuppen, gebackenen K\u00fcrbisgerichten und P\u00fcrees.<\/p>\n<p>Es handelt sich um eine Sorte, die Dekorativit\u00e4t und Funktionalit\u00e4t vereint \u2013 eine hervorragende Wahl f\u00fcr alle, die etwas Besonderes suchen.<\/p>","protected":false},"excerpt":{"rendered":"<ul>\n<li data-start=\"867\" data-end=\"901\">\n<p data-start=\"869\" data-end=\"901\"><strong>Typ<\/strong>: Cucurbita maxima<\/p>\n<\/li>\n<li data-start=\"902\" data-end=\"936\">\n<p data-start=\"904\" data-end=\"936\"><strong>Fruchtgr\u00f6\u00dfe:<\/strong> ca. 18 \u00d7 18 cm<\/p>\n<\/li>\n<li data-start=\"937\" data-end=\"998\">\n<p data-start=\"939\" data-end=\"998\"><strong>Farbe<\/strong>Gr\u00fcn, Wei\u00df, Rot\/Orange (verschiedene Kombinationen)<\/p>\n<\/li>\n<\/ul>\n<ul>\n<li data-start=\"969\" data-end=\"1018\"><strong>Menge<\/strong>10 Samen<\/li>\n<\/ul>\n<p><span style=\"color: #ff0000\"><strong>F\u00fcr professionelle Anwender sind auch gr\u00f6\u00dfere Pakete erh\u00e4ltlich \u2013 f\u00fcr weitere Informationen und eine Preisliste kontaktieren Sie uns bitte unter info@paradiznik.si oder +39 051 844 794.<\/strong><\/span><\/p>","protected":false},"featured_media":8206,"template":"","meta":{"_mo_disable_npp":""},"product_brand":[],"product_cat":[78,127,131],"product_tag":[],"class_list":{"0":"post-8205","1":"product","2":"type-product","3":"status-publish","4":"has-post-thumbnail","6":"product_cat-bucke-in-kumare","7":"product_cat-novo","8":"product_cat-profesionalna-semena","10":"first","11":"instock","12":"shipping-taxable","13":"purchasable","14":"product-type-simple"},"_links":{"self":[{"href":"https:\/\/paradiznik.si\/de\/wp-json\/wp\/v2\/product\/8205","targetHints":{"allow":["GET"]}}],"collection":[{"href":"https:\/\/paradiznik.si\/de\/wp-json\/wp\/v2\/product"}],"about":[{"href":"https:\/\/paradiznik.si\/de\/wp-json\/wp\/v2\/types\/product"}],"wp:featuredmedia":[{"embeddable":true,"href":"https:\/\/paradiznik.si\/de\/wp-json\/wp\/v2\/media\/8206"}],"wp:attachment":[{"href":"https:\/\/paradiznik.si\/de\/wp-json\/wp\/v2\/media?parent=8205"}],"wp:term":[{"taxonomy":"product_brand","embeddable":true,"href":"https:\/\/paradiznik.si\/de\/wp-json\/wp\/v2\/product_brand?post=8205"},{"taxonomy":"product_cat","embeddable":true,"href":"https:\/\/paradiznik.si\/de\/wp-json\/wp\/v2\/product_cat?post=8205"},{"taxonomy":"product_tag","embeddable":true,"href":"https:\/\/paradiznik.si\/de\/wp-json\/wp\/v2\/product_tag?post=8205"}],"curies":[{"name":"wp","href":"https:\/\/api.w.org\/{rel}","templated":true}]}}