{"id":7560,"date":"2026-01-16T20:57:35","date_gmt":"2026-01-16T19:57:35","guid":{"rendered":"https:\/\/paradiznik.si\/?post_type=product&#038;p=7560"},"modified":"2026-04-01T10:12:03","modified_gmt":"2026-04-01T08:12:03","slug":"bucka-president-f1","status":"publish","type":"product","link":"https:\/\/paradiznik.si\/de\/produkt\/bucka-president-f1\/","title":{"rendered":"Bu\u010dka - Pr\u00e4sident F1"},"content":{"rendered":"<p data-start=\"59\" data-end=\"308\">Die Zucchini-Sorte President F1 ist eine Hybrid-Sorte. <strong data-start=\"96\" data-end=\"118\">dunkelgr\u00fcne Zucchini<\/strong>, bekannt f\u00fcr <strong data-start=\"129\" data-end=\"152\">zuverl\u00e4ssige Fruchtbarkeit<\/strong> und gleichm\u00e4\u00dfiges Wachstum. Die Pflanze ist <strong data-start=\"186\" data-end=\"213\">\u00fcppiges und aufrechtes Wachstum<\/strong>, mit gut entwickeltem Laub, das eine kontinuierliche Fruchtbildung auch unter weniger g\u00fcnstigen Bedingungen erm\u00f6glicht.<\/p>\n<p data-start=\"310\" data-end=\"568\">Die Fr\u00fcchte sind <strong data-start=\"321\" data-end=\"336\">zylindrisch<\/strong>, leicht gerippt, ungef\u00e4hr lang <strong data-start=\"370\" data-end=\"382\">18\u201322 cm<\/strong>. Sie sind farbig <strong data-start=\"398\" data-end=\"429\">gl\u00e4nzend dunkelgr\u00fcne Farbe<\/strong>, Aber das Fleisch ist <strong data-start=\"442\" data-end=\"462\">fest und lecker<\/strong>, Sie eignen sich f\u00fcr den t\u00e4glichen Gebrauch in der K\u00fcche. Die Fr\u00fcchte behalten auch bei regelm\u00e4\u00dfiger Ernte ihre gleichm\u00e4\u00dfige Form.<\/p>\n<p data-start=\"570\" data-end=\"817\">Die Vielfalt ist <strong data-start=\"579\" data-end=\"598\">mittelfr\u00fch<\/strong>, mit der ersten Ernte ungef\u00e4hr <strong data-start=\"628\" data-end=\"650\">45\u201350 Tage nach der Aussaat<\/strong>. Es eignet sich f\u00fcr <strong data-start=\"667\" data-end=\"714\">Frischverzehr, Kochen, Backen und Verarbeitung<\/strong>. Es hat eine gute Toleranz gegen\u00fcber <strong data-start=\"739\" data-end=\"757\">Mehltau (Oidium)<\/strong> Und <strong data-start=\"761\" data-end=\"780\">Viruserkrankungen<\/strong>, was zu einem stabilen Ertrag beitr\u00e4gt.<\/p>","protected":false},"excerpt":{"rendered":"<ul>\n<li data-start=\"848\" data-end=\"886\">\n<p data-start=\"850\" data-end=\"886\"><strong data-start=\"850\" data-end=\"869\">Wissenschaftlicher Name:<\/strong> Cucurbita pepo<\/p>\n<\/li>\n<li data-start=\"887\" data-end=\"914\">\n<p data-start=\"889\" data-end=\"914\"><strong data-start=\"889\" data-end=\"899\">Farbe:<\/strong> dunkelgr\u00fcn<\/p>\n<\/li>\n<li data-start=\"915\" data-end=\"972\">\n<p data-start=\"917\" data-end=\"972\"><strong data-start=\"917\" data-end=\"933\">Reifungszeit:<\/strong> 45\u201350 Tage nach der Aussaat (mittelfr\u00fch)<\/p>\n<\/li>\n<li data-start=\"973\" data-end=\"996\"><strong data-start=\"1052\" data-end=\"1067\">Widerst\u00e4nde:<\/strong> Toleranz gegen\u00fcber Mehltau und Viruserkrankungen<\/li>\n<\/ul>\n<p><span style=\"color: #ff0000\"><strong>F\u00fcr professionelle Anwender sind auch gr\u00f6\u00dfere Packungen (\u00fcber 100 Samen) erh\u00e4ltlich. Weitere Informationen und eine Preisliste erhalten Sie unter info@paradiznik.si oder +39 051 844 794.<\/strong><\/span><\/p>","protected":false},"featured_media":7566,"template":"","meta":{"_mo_disable_npp":""},"product_brand":[],"product_cat":[78,127,131],"product_tag":[],"class_list":{"0":"post-7560","1":"product","2":"type-product","3":"status-publish","4":"has-post-thumbnail","6":"product_cat-bucke-in-kumare","7":"product_cat-novo","8":"product_cat-profesionalna-semena","9":"pa_kolicina-semna-100-semen","10":"pa_kolicina-semna-1000-semen","11":"pa_kolicina-semna-250-semen","13":"first","14":"instock","15":"shipping-taxable","16":"purchasable","17":"product-type-simple"},"_links":{"self":[{"href":"https:\/\/paradiznik.si\/de\/wp-json\/wp\/v2\/product\/7560","targetHints":{"allow":["GET"]}}],"collection":[{"href":"https:\/\/paradiznik.si\/de\/wp-json\/wp\/v2\/product"}],"about":[{"href":"https:\/\/paradiznik.si\/de\/wp-json\/wp\/v2\/types\/product"}],"wp:featuredmedia":[{"embeddable":true,"href":"https:\/\/paradiznik.si\/de\/wp-json\/wp\/v2\/media\/7566"}],"wp:attachment":[{"href":"https:\/\/paradiznik.si\/de\/wp-json\/wp\/v2\/media?parent=7560"}],"wp:term":[{"taxonomy":"product_brand","embeddable":true,"href":"https:\/\/paradiznik.si\/de\/wp-json\/wp\/v2\/product_brand?post=7560"},{"taxonomy":"product_cat","embeddable":true,"href":"https:\/\/paradiznik.si\/de\/wp-json\/wp\/v2\/product_cat?post=7560"},{"taxonomy":"product_tag","embeddable":true,"href":"https:\/\/paradiznik.si\/de\/wp-json\/wp\/v2\/product_tag?post=7560"}],"curies":[{"name":"wp","href":"https:\/\/api.w.org\/{rel}","templated":true}]}}