{"id":7543,"date":"2026-01-15T22:42:51","date_gmt":"2026-01-15T21:42:51","guid":{"rendered":"https:\/\/paradiznik.si\/?post_type=product&#038;p=7543"},"modified":"2026-04-01T17:06:02","modified_gmt":"2026-04-01T15:06:02","slug":"cili-fatali-brown","status":"publish","type":"product","link":"https:\/\/paradiznik.si\/de\/produkt\/cili-fatali-brown\/","title":{"rendered":"Chili - Fatali Braun"},"content":{"rendered":"<p>Die Fatali Brown Chili ist eine sehr scharfe Sorte aus der Fatali-Gruppe mit einem charakteristisch starken Aroma und dunkel gef\u00e4rbten Fr\u00fcchten. Die Pflanze ist mittelstark wachsend, gut verzweigt und liefert zuverl\u00e4ssig w\u00e4hrend der gesamten Saison Ertr\u00e4ge.<\/p>\n<p>Die Fr\u00fcchte sind l\u00e4nglich bis kegelf\u00f6rmig, leicht runzelig und etwa 6\u20139 cm lang. W\u00e4hrend der Reifung verf\u00e4rben sie sich von Gr\u00fcn \u00fcber Dunkelbraun zu fast Rot. Das Fruchtfleisch ist d\u00fcnn und sehr aromatisch.<\/p>\n<p>Der Geschmack ist intensiv, fruchtig-zitrusartig mit leicht rauchigen Noten, und die Sch\u00e4rfe ist sehr hoch, \u00fcblicherweise zwischen 200.000 und 350.000 SHU. Die Sorte eignet sich f\u00fcr die Herstellung von scharfen Saucen und Salsas sowie zum Trocknen und Vermahlen zu Pulver, wobei das komplexe Aroma dunkler Fr\u00fcchte besonders gut zur Geltung kommt.<\/p>","protected":false},"excerpt":{"rendered":"<ul>\n<li data-start=\"783\" data-end=\"824\">\n<p data-start=\"785\" data-end=\"824\"><strong data-start=\"785\" data-end=\"804\">Wissenschaftlicher Name:<\/strong> Capsicum chinense<\/p>\n<\/li>\n<li data-start=\"825\" data-end=\"845\">\n<p data-start=\"827\" data-end=\"845\"><strong data-start=\"827\" data-end=\"837\">Farbe:<\/strong> braun. rot<\/p>\n<\/li>\n<li data-start=\"846\" data-end=\"899\">\n<p data-start=\"848\" data-end=\"899\"><strong data-start=\"848\" data-end=\"864\">Reifungszeit:<\/strong> 90\u2013100 Tage nach der Transplantation (sp\u00e4t)<\/p>\n<\/li>\n<li data-start=\"900\" data-end=\"923\">\n<p data-start=\"902\" data-end=\"923\"><strong data-start=\"902\" data-end=\"915\">Menge: <\/strong>10 \u2013 15 Samen<\/p>\n<\/li>\n<li data-start=\"924\" data-end=\"962\">\n<p data-start=\"926\" data-end=\"962\"><strong data-start=\"926\" data-end=\"935\">Wachstum:<\/strong> Determinante, 80\u2013100 cm<\/p>\n<\/li>\n<li data-start=\"963\" data-end=\"1001\">\n<p data-start=\"965\" data-end=\"1001\"><strong data-start=\"965\" data-end=\"979\">Sch\u00e4rfe:<\/strong> 200.000\u2013350.000 SHU<\/p>\n<\/li>\n<li data-start=\"1002\" data-end=\"1023\">\n<p data-start=\"1004\" data-end=\"1023\"><strong data-start=\"1004\" data-end=\"1014\">Herkunft:<\/strong> Afrika<\/p>\n<\/li>\n<\/ul>","protected":false},"featured_media":7544,"template":"","meta":{"_mo_disable_npp":""},"product_brand":[],"product_cat":[93,74,127,156,71],"product_tag":[],"class_list":{"0":"post-7543","1":"product","2":"type-product","3":"status-publish","4":"has-post-thumbnail","6":"product_cat-capsicum-chinense","7":"product_cat-ciliji","8":"product_cat-novo","9":"product_cat-slovenija","10":"product_cat-semena","12":"first","13":"instock","14":"shipping-taxable","15":"purchasable","16":"product-type-simple"},"_links":{"self":[{"href":"https:\/\/paradiznik.si\/de\/wp-json\/wp\/v2\/product\/7543","targetHints":{"allow":["GET"]}}],"collection":[{"href":"https:\/\/paradiznik.si\/de\/wp-json\/wp\/v2\/product"}],"about":[{"href":"https:\/\/paradiznik.si\/de\/wp-json\/wp\/v2\/types\/product"}],"wp:featuredmedia":[{"embeddable":true,"href":"https:\/\/paradiznik.si\/de\/wp-json\/wp\/v2\/media\/7544"}],"wp:attachment":[{"href":"https:\/\/paradiznik.si\/de\/wp-json\/wp\/v2\/media?parent=7543"}],"wp:term":[{"taxonomy":"product_brand","embeddable":true,"href":"https:\/\/paradiznik.si\/de\/wp-json\/wp\/v2\/product_brand?post=7543"},{"taxonomy":"product_cat","embeddable":true,"href":"https:\/\/paradiznik.si\/de\/wp-json\/wp\/v2\/product_cat?post=7543"},{"taxonomy":"product_tag","embeddable":true,"href":"https:\/\/paradiznik.si\/de\/wp-json\/wp\/v2\/product_tag?post=7543"}],"curies":[{"name":"wp","href":"https:\/\/api.w.org\/{rel}","templated":true}]}}