{"id":7441,"date":"2026-01-04T00:06:45","date_gmt":"2026-01-03T23:06:45","guid":{"rendered":"https:\/\/paradiznik.si\/?post_type=product&#038;p=7441"},"modified":"2026-03-22T12:25:05","modified_gmt":"2026-03-22T11:25:05","slug":"cili-shishito","status":"publish","type":"product","link":"https:\/\/paradiznik.si\/de\/produkt\/cili-shishito\/","title":{"rendered":"Chili \u2013 Shishito"},"content":{"rendered":"<p data-start=\"59\" data-end=\"312\">Shishito-Chili ist eine japanische Sorte mit <strong data-start=\"93\" data-end=\"119\">sehr geringe Sch\u00e4rfe<\/strong>, was auch oft verwendet wird als <strong data-start=\"154\" data-end=\"172\">unabh\u00e4ngiges Gericht<\/strong>, \u00c4hnlich der Padr\u00f3n-Chili. Es ist eine Pflanze. <strong data-start=\"211\" data-end=\"228\">mittel \u00fcppig<\/strong>, gut verzweigt und tr\u00e4gt zuverl\u00e4ssig \u00fcber einen langen Zeitraum eine gro\u00dfe Anzahl von Fr\u00fcchten.<\/p>\n<p data-start=\"314\" data-end=\"621\">Die Fr\u00fcchte sind <strong data-start=\"325\" data-end=\"356\">l\u00e4nglich, leicht faltig<\/strong>, ungef\u00e4hr lang <strong data-start=\"374\" data-end=\"385\">7\u201310 cm<\/strong>. Sie werden am h\u00e4ufigsten ausgew\u00e4hlt <strong data-start=\"412\" data-end=\"422\">Gr\u00fcn<\/strong>, seltener vollreife rote Fr\u00fcchte. Eine Besonderheit dieser Sorte ist ihre ungleichm\u00e4\u00dfige Sch\u00e4rfe \u2013 <strong data-start=\"502\" data-end=\"533\">Die meisten Fr\u00fcchte sind sehr mild<\/strong>, Und gelegentlich taucht auch eine etwas sch\u00e4rfere Variante auf, die den Gerichten zus\u00e4tzlichen Reiz verleiht.<\/p>\n<p data-start=\"623\" data-end=\"926\">Der Geschmack ist <strong data-start=\"631\" data-end=\"656\">sanft, leicht s\u00fc\u00df<\/strong>, und der Sch\u00e4rfegrad variiert zwischen <strong data-start=\"685\" data-end=\"699\">50\u2013200 SHU<\/strong>. In Japan werden die Fr\u00fcchte oft als Gericht zubereitet. <strong data-start=\"754\" data-end=\"770\">yakishishito<\/strong>, Dabei werden ganze Chilischoten kurz ger\u00f6stet oder frittiert und grob gesalzen. Chili wird auch f\u00fcr ein \u00e4hnliches spanisches Gericht verwendet, das <strong data-start=\"18\" data-end=\"41\">Padr\u00f3n-Paprika<\/strong>.<\/p>","protected":false},"excerpt":{"rendered":"<ul>\n<li><strong data-start=\"959\" data-end=\"978\">Wissenschaftlicher Name:<\/strong> Capsicum annuum<\/li>\n<li><strong data-start=\"999\" data-end=\"1009\">Farbe:<\/strong> gr\u00fcn, rot, wenn reif<\/li>\n<li><strong data-start=\"1040\" data-end=\"1056\">Reifungszeit:<\/strong> 65\u201370 Tage nach der Transplantation (fr\u00fch)<\/li>\n<li><strong data-start=\"1095\" data-end=\"1108\">Menge:<\/strong> 10 \u2013 20 Samen<\/li>\n<li><strong data-start=\"1157\" data-end=\"1171\">Sch\u00e4rfe:<\/strong> 50\u2013200 SHU<\/li>\n<li><strong data-start=\"1187\" data-end=\"1197\">Herkunft:<\/strong> Japan<\/li>\n<\/ul>","protected":false},"featured_media":7442,"template":"","meta":{"_mo_disable_npp":""},"product_brand":[],"product_cat":[92,74,127,156,71],"product_tag":[],"class_list":{"0":"post-7441","1":"product","2":"type-product","3":"status-publish","4":"has-post-thumbnail","6":"product_cat-capsicum-annuum","7":"product_cat-ciliji","8":"product_cat-novo","9":"product_cat-slovenija","10":"product_cat-semena","12":"first","13":"instock","14":"shipping-taxable","15":"purchasable","16":"product-type-simple"},"_links":{"self":[{"href":"https:\/\/paradiznik.si\/de\/wp-json\/wp\/v2\/product\/7441","targetHints":{"allow":["GET"]}}],"collection":[{"href":"https:\/\/paradiznik.si\/de\/wp-json\/wp\/v2\/product"}],"about":[{"href":"https:\/\/paradiznik.si\/de\/wp-json\/wp\/v2\/types\/product"}],"wp:featuredmedia":[{"embeddable":true,"href":"https:\/\/paradiznik.si\/de\/wp-json\/wp\/v2\/media\/7442"}],"wp:attachment":[{"href":"https:\/\/paradiznik.si\/de\/wp-json\/wp\/v2\/media?parent=7441"}],"wp:term":[{"taxonomy":"product_brand","embeddable":true,"href":"https:\/\/paradiznik.si\/de\/wp-json\/wp\/v2\/product_brand?post=7441"},{"taxonomy":"product_cat","embeddable":true,"href":"https:\/\/paradiznik.si\/de\/wp-json\/wp\/v2\/product_cat?post=7441"},{"taxonomy":"product_tag","embeddable":true,"href":"https:\/\/paradiznik.si\/de\/wp-json\/wp\/v2\/product_tag?post=7441"}],"curies":[{"name":"wp","href":"https:\/\/api.w.org\/{rel}","templated":true}]}}