{"id":7122,"date":"2025-11-29T23:47:50","date_gmt":"2025-11-29T22:47:50","guid":{"rendered":"https:\/\/paradiznik.si\/?post_type=product&#038;p=7122"},"modified":"2026-03-27T11:27:51","modified_gmt":"2026-03-27T10:27:51","slug":"kumara-limonska","status":"publish","type":"product","link":"https:\/\/paradiznik.si\/de\/produkt\/kumara-limonska\/","title":{"rendered":"Gurke \u2013 Zitrone"},"content":{"rendered":"<p data-start=\"55\" data-end=\"392\">Zitronengurke (<em data-start=\"82\" data-end=\"99\">Gurke (Cucumis sativus)<\/em>) ist eine der ungew\u00f6hnlichsten und gleichzeitig beliebtesten traditionellen Gurkensorten, bekannt f\u00fcr ihre <strong data-start=\"202\" data-end=\"242\">runde, zitronengelbe Fr\u00fcchte<\/strong>, Sie \u00e4hneln auf den ersten Blick kleineren Zitronen. Es handelt sich um eine alte Sorte, die ihren Ursprung in <strong data-start=\"324\" data-end=\"334\">Indien<\/strong>, und ist seit dem Ende des 19. Jahrhunderts in Europa und den USA pr\u00e4sent.<\/p>\n<p data-start=\"394\" data-end=\"786\">Die Fr\u00fcchte sind <strong data-start=\"405\" data-end=\"433\">klein bis mittelgro\u00df<\/strong>, normalerweise <strong data-start=\"444\" data-end=\"464\">6\u20138 cm Durchmesser<\/strong>, mit einer zarten, d\u00fcnnen Haut und hellgelbem Fruchtfleisch. Der Geschmack ist <strong data-start=\"521\" data-end=\"554\">erfrischend mild, leicht s\u00fc\u00df<\/strong>, ohne die charakteristische Bitterkeit, die bei manchen gr\u00fcnen Sorten auftreten kann. Das Fruchtfleisch ist sehr <strong data-start=\"642\" data-end=\"665\">saftig und knusprig<\/strong>, was es zu einer ausgezeichneten Wahl macht f\u00fcr <strong data-start=\"711\" data-end=\"748\">Salate, sowohl zum Frischverzehr als auch zum Einlegen.<\/strong><\/p>\n<p data-start=\"788\" data-end=\"1095\">Die Pflanze ist <strong data-start=\"800\" data-end=\"828\">\u00fcppig und gut verzweigt<\/strong>, Sie eignen sich sowohl f\u00fcr den Anbau an Rankhilfen als auch im Freiland. Die Pflanzen sind au\u00dfergew\u00f6hnlich. <strong data-start=\"891\" data-end=\"901\">reichlich<\/strong>, Die Fr\u00fcchte werden geerntet, sobald sie reif sind, da die Pflanze st\u00e4ndig neue produziert. Der Vorteil dieser Sorte ist auch <strong data-start=\"993\" data-end=\"1033\">ausgezeichnete Best\u00e4ndigkeit gegen Hitze und Trockenheit<\/strong>, Dadurch bleibt sie auch in anspruchsvolleren Jahreszeiten produktiv.<\/p>\n<p data-start=\"1097\" data-end=\"1224\">","protected":false},"excerpt":{"rendered":"<ul>\n<li data-start=\"1262\" data-end=\"1303\">\n<p data-start=\"1264\" data-end=\"1303\"><strong data-start=\"1264\" data-end=\"1283\">Wissenschaftlicher Name:<\/strong> <em data-start=\"1284\" data-end=\"1301\">Gurke (Cucumis sativus)<\/em><\/p>\n<\/li>\n<li data-start=\"1304\" data-end=\"1332\">\n<p data-start=\"1306\" data-end=\"1332\"><strong data-start=\"1306\" data-end=\"1316\">Farbe:<\/strong> Hellgelb<\/p>\n<\/li>\n<li data-start=\"1333\" data-end=\"1381\">\n<p data-start=\"1335\" data-end=\"1381\"><strong data-start=\"1335\" data-end=\"1351\">Reifungszeit:<\/strong> 60\u201370 Tage (mittelfr\u00fch)<\/p>\n<\/li>\n<li data-start=\"1382\" data-end=\"1405\">\n<p data-start=\"1384\" data-end=\"1405\"><strong data-start=\"1384\" data-end=\"1397\">Menge:<\/strong> 10-15 Samen<\/p>\n<\/li>\n<li data-start=\"1406\" data-end=\"1453\">\n<p data-start=\"1408\" data-end=\"1453\"><strong data-start=\"1408\" data-end=\"1417\">Wachstum:<\/strong> \u00dcppig, verzweigt; leicht zu erklimmen<\/p>\n<\/li>\n<li data-start=\"1454\" data-end=\"1503\">\n<p data-start=\"1456\" data-end=\"1503\"><strong data-start=\"1456\" data-end=\"1466\">Herkunft:<\/strong> Indien<\/p>\n<\/li>\n<\/ul>","protected":false},"featured_media":7123,"template":"","meta":{"_mo_disable_npp":""},"product_brand":[],"product_cat":[78,127,76,156,71],"product_tag":[],"class_list":{"0":"post-7122","1":"product","2":"type-product","3":"status-publish","4":"has-post-thumbnail","6":"product_cat-bucke-in-kumare","7":"product_cat-novo","8":"product_cat-posebne-vrste","9":"product_cat-slovenija","10":"product_cat-semena","12":"first","13":"instock","14":"shipping-taxable","15":"purchasable","16":"product-type-simple"},"_links":{"self":[{"href":"https:\/\/paradiznik.si\/de\/wp-json\/wp\/v2\/product\/7122","targetHints":{"allow":["GET"]}}],"collection":[{"href":"https:\/\/paradiznik.si\/de\/wp-json\/wp\/v2\/product"}],"about":[{"href":"https:\/\/paradiznik.si\/de\/wp-json\/wp\/v2\/types\/product"}],"wp:featuredmedia":[{"embeddable":true,"href":"https:\/\/paradiznik.si\/de\/wp-json\/wp\/v2\/media\/7123"}],"wp:attachment":[{"href":"https:\/\/paradiznik.si\/de\/wp-json\/wp\/v2\/media?parent=7122"}],"wp:term":[{"taxonomy":"product_brand","embeddable":true,"href":"https:\/\/paradiznik.si\/de\/wp-json\/wp\/v2\/product_brand?post=7122"},{"taxonomy":"product_cat","embeddable":true,"href":"https:\/\/paradiznik.si\/de\/wp-json\/wp\/v2\/product_cat?post=7122"},{"taxonomy":"product_tag","embeddable":true,"href":"https:\/\/paradiznik.si\/de\/wp-json\/wp\/v2\/product_tag?post=7122"}],"curies":[{"name":"wp","href":"https:\/\/api.w.org\/{rel}","templated":true}]}}