{"id":7118,"date":"2025-11-29T23:25:45","date_gmt":"2025-11-29T22:25:45","guid":{"rendered":"https:\/\/paradiznik.si\/?post_type=product&#038;p=7118"},"modified":"2026-03-11T19:46:08","modified_gmt":"2026-03-11T18:46:08","slug":"cili-mutant-candlelight-caramel","status":"publish","type":"product","link":"https:\/\/paradiznik.si\/de\/produkt\/cili-mutant-candlelight-caramel\/","title":{"rendered":"Chili \u2013 Mutant Candlelight Caramel"},"content":{"rendered":"<p data-start=\"359\" data-end=\"880\">Chili <strong data-start=\"381\" data-end=\"411\">Mutant Candlelight Caramel<\/strong> (Capsicum annuum) ist eine <strong data-start=\"437\" data-end=\"514\">die ungew\u00f6hnlichsten, seltensten und begehrtesten Chilisorten der Welt<\/strong>. Es handelt sich um eine au\u00dfergew\u00f6hnliche Mutation der Variet\u00e4t. <em data-start=\"549\" data-end=\"566\">Kerzenlichtrot<\/em>, in dem aufgrund von <strong data-start=\"589\" data-end=\"606\">FILIFORM-Gene<\/strong> Sie entwickeln extrem schmale, fast fadenf\u00f6rmige Bl\u00e4tter, d\u00fcnne Bl\u00fctenbl\u00e4tter und ganz besondere, winzige Fr\u00fcchte. Diese Mutation macht sie v\u00f6llig einzigartig \u2013 die Pflanze hat keinen kulinarischen Wert, sondern wird ausschlie\u00dflich als Delikatesse gesch\u00e4tzt. <strong data-start=\"818\" data-end=\"879\">botanisches Spezialgebiet und gartenbauliches Sammlerst\u00fcck<\/strong>.<\/p>\n<p data-start=\"882\" data-end=\"1227\">Die Fr\u00fcchte sind klein, unregelm\u00e4\u00dfig und oft <strong data-start=\"944\" data-end=\"961\">parthenokarpisch<\/strong> (ohne Kerne). Nur etwa <strong data-start=\"989\" data-end=\"1005\">1 von 10 Fr\u00fcchten<\/strong> enth\u00e4lt einige Samen, was dies weiter best\u00e4tigt. <strong data-start=\"1048\" data-end=\"1076\">die extreme Seltenheit dieser Sorte<\/strong>. Das Brennen ist unvorhersehbar \u2013 von kaum sp\u00fcrbar bis hin zu <strong data-start=\"1122\" data-end=\"1131\">leicht<\/strong>, ungef\u00e4hr 10.000 SHU, aber diese Eigenschaft ist unbedeutend, da die Sorte nicht zum Verzehr bestimmt ist.<\/p>\n<p data-start=\"1229\" data-end=\"1577\">Die Pflanze ist sehr kompakt, ausgewachsene Exemplare messen nur <strong data-start=\"1284\" data-end=\"1305\">10\u201320 cm hoch<\/strong> Und <strong data-start=\"1309\" data-end=\"1330\">10\u201315 cm breit<\/strong>, Sie w\u00e4chst charakteristischerweise aus dem Boden. Die fadenf\u00f6rmigen Bl\u00e4tter sind etwa 5 cm lang, aber nur wenige Millimeter breit, was der Pflanze ein v\u00f6llig \u201cmutiertes\u201d Aussehen verleiht. Die Bl\u00fcten sind wei\u00df, typisch f\u00fcr Annuum-Arten, aber mit einer au\u00dfergew\u00f6hnlichen <strong data-start=\"1535\" data-end=\"1576\">d\u00fcnne, l\u00e4ngliche Bl\u00fctenbl\u00e4tter<\/strong>.<\/p>\n<p data-start=\"1579\" data-end=\"1938\">Einer der gr\u00f6\u00dften Vorteile von Mutant Candlelight Caramel ist seine au\u00dfergew\u00f6hnliche <strong data-start=\"1647\" data-end=\"1660\">Widerstand<\/strong> \u2014 Mutantenpflanzen tolerieren gut <strong data-start=\"1697\" data-end=\"1738\">Hitze, D\u00fcrre und sogar K\u00e4lte nahe 0 \u00b0C<\/strong>. Aus diesem Grund glauben einige, dass es seinen Ursprung in <strong data-start=\"1784\" data-end=\"1815\">W\u00fcstengebiete des Maghreb<\/strong>. Sie gedeiht gut in kleinen T\u00f6pfen (1\u20135 Liter) und ist aufgrund ihres ungew\u00f6hnlichen Wachstums und ihrer Seltenheit bei Sammlern sehr begehrt.<\/p>","protected":false},"excerpt":{"rendered":"<ul>\n<li data-start=\"1966\" data-end=\"2005\">\n<p data-start=\"1968\" data-end=\"2005\"><strong data-start=\"1968\" data-end=\"1987\">Wissenschaftlicher Name:<\/strong> Capsicum annuum<\/p>\n<\/li>\n<li data-start=\"2006\" data-end=\"2030\">\n<p data-start=\"2008\" data-end=\"2030\"><strong data-start=\"2008\" data-end=\"2018\">Farbe:<\/strong> Karamell<\/p>\n<\/li>\n<li data-start=\"2031\" data-end=\"2059\">\n<p data-start=\"2033\" data-end=\"2059\"><strong data-start=\"2033\" data-end=\"2049\">Reifungszeit:<\/strong> mittel<\/p>\n<\/li>\n<li data-start=\"2060\" data-end=\"2089\">\n<p data-start=\"2062\" data-end=\"2089\"><strong data-start=\"2062\" data-end=\"2075\">Menge:<\/strong> 5 Samen<\/p>\n<\/li>\n<li data-start=\"2090\" data-end=\"2133\">\n<p data-start=\"2092\" data-end=\"2133\"><strong data-start=\"2092\" data-end=\"2112\">Pflanzenh\u00f6he:<\/strong> etwa 10\u201320 cm<\/p>\n<\/li>\n<li data-start=\"2134\" data-end=\"2188\">\n<p data-start=\"2136\" data-end=\"2188\"><strong data-start=\"2136\" data-end=\"2146\">Herkunft:<\/strong> vermutlich Nordafrika<\/p>\n<\/li>\n<li data-start=\"2189\" data-end=\"2210\">\n<p data-start=\"2191\" data-end=\"2210\"><strong data-start=\"2191\" data-end=\"2199\">SHU:<\/strong> 0\u201310.000<\/p>\n<\/li>\n<\/ul>","protected":false},"featured_media":7119,"template":"","meta":{"_mo_disable_npp":""},"product_brand":[],"product_cat":[92,74,156,71],"product_tag":[],"class_list":{"0":"post-7118","1":"product","2":"type-product","3":"status-publish","4":"has-post-thumbnail","6":"product_cat-capsicum-annuum","7":"product_cat-ciliji","8":"product_cat-slovenija","9":"product_cat-semena","11":"first","12":"instock","13":"shipping-taxable","14":"purchasable","15":"product-type-simple"},"_links":{"self":[{"href":"https:\/\/paradiznik.si\/de\/wp-json\/wp\/v2\/product\/7118","targetHints":{"allow":["GET"]}}],"collection":[{"href":"https:\/\/paradiznik.si\/de\/wp-json\/wp\/v2\/product"}],"about":[{"href":"https:\/\/paradiznik.si\/de\/wp-json\/wp\/v2\/types\/product"}],"wp:featuredmedia":[{"embeddable":true,"href":"https:\/\/paradiznik.si\/de\/wp-json\/wp\/v2\/media\/7119"}],"wp:attachment":[{"href":"https:\/\/paradiznik.si\/de\/wp-json\/wp\/v2\/media?parent=7118"}],"wp:term":[{"taxonomy":"product_brand","embeddable":true,"href":"https:\/\/paradiznik.si\/de\/wp-json\/wp\/v2\/product_brand?post=7118"},{"taxonomy":"product_cat","embeddable":true,"href":"https:\/\/paradiznik.si\/de\/wp-json\/wp\/v2\/product_cat?post=7118"},{"taxonomy":"product_tag","embeddable":true,"href":"https:\/\/paradiznik.si\/de\/wp-json\/wp\/v2\/product_tag?post=7118"}],"curies":[{"name":"wp","href":"https:\/\/api.w.org\/{rel}","templated":true}]}}