{"id":7101,"date":"2025-11-29T21:32:58","date_gmt":"2025-11-29T20:32:58","guid":{"rendered":"https:\/\/paradiznik.si\/?post_type=product&#038;p=7101"},"modified":"2026-03-31T08:52:46","modified_gmt":"2026-03-31T06:52:46","slug":"paradiznik-glacial-zebra","status":"publish","type":"product","link":"https:\/\/paradiznik.si\/de\/produkt\/paradiznik-glacial-zebra\/","title":{"rendered":"Tomaten - Glacial Zebra"},"content":{"rendered":"<p data-start=\"58\" data-end=\"371\">Tomaten <strong data-start=\"69\" data-end=\"86\">Gletscherzebra<\/strong> (<em data-start=\"88\" data-end=\"110\">Solanum lycopersicum<\/em>) ist interessant und sehr attraktiv <strong data-start=\"142\" data-end=\"161\">zweifarbige Variante<\/strong>, entstanden durch Kreuzung bekannter Variet\u00e4ten <strong data-start=\"195\" data-end=\"210\">Gr\u00fcnes Zebra<\/strong> Und <strong data-start=\"214\" data-end=\"225\">Gletscher<\/strong>. Sie vereint die Streifenzeichnung der Gr\u00fcnen Zebra-Rasse mit der Widerstandsf\u00e4higkeit und Anpassungsf\u00e4higkeit der Gletscher-Rasse und ist somit eine sehr zuverl\u00e4ssige Sorte f\u00fcr schwierige Bedingungen.<\/p>\n<p data-start=\"373\" data-end=\"738\">Die Fr\u00fcchte sind <strong data-start=\"384\" data-end=\"402\">mittelgro\u00df<\/strong> (ca. 120\u2013250 g), leicht abgeflacht und leicht gerippt. Die Haut ist <strong data-start=\"489\" data-end=\"543\">Hellgr\u00fcn mit deutlich erkennbaren dunkelgr\u00fcnen Streifen<\/strong>, und geht sp\u00e4ter in \u00fcber <strong data-start=\"566\" data-end=\"602\">warme, gelblich-gr\u00fcne Farbt\u00f6ne<\/strong>. Das Fleisch ist <strong data-start=\"612\" data-end=\"666\">saftig, frisch, mit einer feinen S\u00fc\u00dfe und angenehmer S\u00e4ure.<\/strong><\/p>\n<p data-start=\"740\" data-end=\"1039\">Gletscherzebra ist <strong data-start=\"757\" data-end=\"794\">unbestimmt (ben\u00f6tigt Unterst\u00fctzung)<\/strong> und erreicht eine H\u00f6he von etwa 1,8\u20132 m. Sie vertr\u00e4gt au\u00dferdem sehr gut <strong data-start=\"844\" data-end=\"880\">k\u00e4lteres und weniger stabiles Wetter<\/strong>, eine Eigenschaft, die es von seinem Mutterbaum Glacier geerbt hat. Es reift <strong data-start=\"945\" data-end=\"961\">Mitte der Saison<\/strong>, normalerweise <strong data-start=\"972\" data-end=\"985\">70\u201375 Tage<\/strong> nach dem Umpflanzen und bietet einen stabilen, zuverl\u00e4ssigen Ertrag.<\/p>","protected":false},"excerpt":{"rendered":"<ul>\n<li data-start=\"1236\" data-end=\"1282\">\n<p data-start=\"1238\" data-end=\"1282\"><strong data-start=\"1238\" data-end=\"1257\">Wissenschaftlicher Name:<\/strong> <em data-start=\"1258\" data-end=\"1280\">Solanum lycopersicum<\/em><\/p>\n<\/li>\n<li data-start=\"1283\" data-end=\"1353\">\n<p data-start=\"1285\" data-end=\"1353\"><strong data-start=\"1285\" data-end=\"1295\">Farbe:<\/strong> Gr\u00fcn mit dunklen Streifen, gelblich-gr\u00fcn, wenn reif<\/p>\n<\/li>\n<li data-start=\"1354\" data-end=\"1415\">\n<p data-start=\"1356\" data-end=\"1415\"><strong data-start=\"1356\" data-end=\"1372\">Reifungszeit:<\/strong> 70\u201375 Tage nach dem Umpflanzen (Mitte der Saison)<\/p>\n<\/li>\n<li data-start=\"1416\" data-end=\"1439\">\n<p data-start=\"1418\" data-end=\"1439\"><strong data-start=\"1418\" data-end=\"1431\">Menge:<\/strong> 10 \u2013 20 Samen<\/p>\n<\/li>\n<li data-start=\"1440\" data-end=\"1491\">\n<p data-start=\"1442\" data-end=\"1491\"><strong data-start=\"1442\" data-end=\"1451\">Wachstum: Unbestimmt (Unterst\u00fctzung erforderlich)<\/strong><\/p>\n<\/li>\n<\/ul>","protected":false},"featured_media":7102,"template":"","meta":{"_mo_disable_npp":""},"product_brand":[],"product_cat":[127,72,156,71],"product_tag":[],"class_list":{"0":"post-7101","1":"product","2":"type-product","3":"status-publish","4":"has-post-thumbnail","6":"product_cat-novo","7":"product_cat-paradizniki","8":"product_cat-slovenija","9":"product_cat-semena","10":"pa_barva-rumena","11":"pa_barva-zelena","12":"pa_cas-zorenja-sredi-sezone","14":"first","15":"instock","16":"shipping-taxable","17":"purchasable","18":"product-type-simple"},"_links":{"self":[{"href":"https:\/\/paradiznik.si\/de\/wp-json\/wp\/v2\/product\/7101","targetHints":{"allow":["GET"]}}],"collection":[{"href":"https:\/\/paradiznik.si\/de\/wp-json\/wp\/v2\/product"}],"about":[{"href":"https:\/\/paradiznik.si\/de\/wp-json\/wp\/v2\/types\/product"}],"wp:featuredmedia":[{"embeddable":true,"href":"https:\/\/paradiznik.si\/de\/wp-json\/wp\/v2\/media\/7102"}],"wp:attachment":[{"href":"https:\/\/paradiznik.si\/de\/wp-json\/wp\/v2\/media?parent=7101"}],"wp:term":[{"taxonomy":"product_brand","embeddable":true,"href":"https:\/\/paradiznik.si\/de\/wp-json\/wp\/v2\/product_brand?post=7101"},{"taxonomy":"product_cat","embeddable":true,"href":"https:\/\/paradiznik.si\/de\/wp-json\/wp\/v2\/product_cat?post=7101"},{"taxonomy":"product_tag","embeddable":true,"href":"https:\/\/paradiznik.si\/de\/wp-json\/wp\/v2\/product_tag?post=7101"}],"curies":[{"name":"wp","href":"https:\/\/api.w.org\/{rel}","templated":true}]}}