{"id":7077,"date":"2025-11-26T21:25:19","date_gmt":"2025-11-26T20:25:19","guid":{"rendered":"https:\/\/paradiznik.si\/?post_type=product&#038;p=7077"},"modified":"2026-03-31T16:52:50","modified_gmt":"2026-03-31T14:52:50","slug":"paradiznik-potager-de-vilvorde","status":"publish","type":"product","link":"https:\/\/paradiznik.si\/de\/produkt\/paradiznik-potager-de-vilvorde\/","title":{"rendered":"Tomate \u2013 Potager de Vilvorde"},"content":{"rendered":"<p data-start=\"64\" data-end=\"443\">Tomaten <strong data-start=\"75\" data-end=\"98\">Gem\u00fcsegarten von Vilvoorde<\/strong> (<em data-start=\"100\" data-end=\"122\">Solanum lycopersicum<\/em>) ist wundersch\u00f6n <strong data-start=\"136\" data-end=\"168\">traditionelle europ\u00e4ische Vielfalt<\/strong>, das seinen Ursprung im ehemaligen ber\u00fchmten Gartenbauzentrum hat <strong data-start=\"226\" data-end=\"256\">Gem\u00fcsegarten Vilvoorde<\/strong> in Belgien. Dieser historische Garten war bekannt f\u00fcr die Z\u00fcchtung vieler hochwertiger Gem\u00fcsesorten, darunter auch die Sorte paradi\u017enika, die noch heute ber\u00fchmt ist f\u00fcr <strong data-start=\"400\" data-end=\"442\">hervorragender Geschmack und zuverl\u00e4ssige Ausbeute<\/strong>.<\/p>\n<p data-start=\"445\" data-end=\"854\">Die Fr\u00fcchte sind <strong data-start=\"456\" data-end=\"474\">mittelgro\u00df<\/strong> (etwa 80\u2013120 g), rund bis leicht abgeflacht, mit <strong data-start=\"527\" data-end=\"553\">einheitliche rote Farbe<\/strong> und glatte Haut. Das Fleisch ist <strong data-start=\"580\" data-end=\"597\">fest, saftig<\/strong>, Es zeichnet sich durch ein \u00e4u\u00dferst angenehmes Gleichgewicht zwischen S\u00fc\u00dfe und S\u00e4ure aus. <strong data-start=\"661\" data-end=\"695\">gro\u00dfartiger Allrounder paradi\u017enik<\/strong>, Es eignet sich f\u00fcr Salate, Sandwiches, zum Kochen, f\u00fcr So\u00dfen und den t\u00e4glichen Gebrauch in der heimischen K\u00fcche. Aufgrund seiner Konsistenz ist es auch hervorragend zum F\u00fcllen oder Backen geeignet.<\/p>\n<p data-start=\"856\" data-end=\"1144\">Die Pflanze ist <strong data-start=\"868\" data-end=\"905\">unbestimmt (ben\u00f6tigt Unterst\u00fctzung)<\/strong>, Vitales Wachstum und reiche Fruchtbarkeit zeichnen den Potager de Vilvorde aus. <strong data-start=\"985\" data-end=\"1018\">gleichm\u00e4\u00dfig und sehr zuverl\u00e4ssig<\/strong> \u2013 selbst in Jahreszeiten, in denen andere Sorten weniger Ertrag bringen. Reif werden <strong data-start=\"1081\" data-end=\"1099\">mittelfr\u00fch<\/strong>, So k\u00f6nnen wir es schon zu Beginn des Sommers genie\u00dfen.<\/p>\n<p data-start=\"1146\" data-end=\"1283\">Es handelt sich um eine Sorte mit europ\u00e4ischer Tradition und hervorragendem Geschmack, die die richtige Wahl f\u00fcr jeden Garten ist, in dem wir eine zuverl\u00e4ssige, schmackhafte und bew\u00e4hrte Sorte w\u00fcnschen.<\/p>","protected":false},"excerpt":{"rendered":"<ul>\n<li data-start=\"1321\" data-end=\"1367\">\n<p data-start=\"1323\" data-end=\"1367\"><strong data-start=\"1323\" data-end=\"1342\">Wissenschaftlicher Name:<\/strong> <em data-start=\"1343\" data-end=\"1365\">Solanum lycopersicum<\/em><\/p>\n<\/li>\n<li data-start=\"1368\" data-end=\"1388\">\n<p data-start=\"1370\" data-end=\"1388\"><strong data-start=\"1370\" data-end=\"1380\">Farbe:<\/strong> Rot<\/p>\n<\/li>\n<li data-start=\"1389\" data-end=\"1451\">\n<p data-start=\"1391\" data-end=\"1451\"><strong data-start=\"1391\" data-end=\"1407\">Reifungszeit:<\/strong> 70\u201380 Tage nach der Transplantation (mittelfr\u00fch)<\/p>\n<\/li>\n<li data-start=\"1452\" data-end=\"1475\">\n<p data-start=\"1454\" data-end=\"1475\"><strong data-start=\"1454\" data-end=\"1467\">Menge:<\/strong> 10 \u2013 20 Samen<\/p>\n<\/li>\n<li data-start=\"1476\" data-end=\"1527\">\n<p data-start=\"1478\" data-end=\"1527\"><strong data-start=\"1478\" data-end=\"1487\">Wachstum:<\/strong> Unbestimmt (Unterst\u00fctzung erforderlich)<\/p>\n<\/li>\n<li data-start=\"1528\" data-end=\"1600\">\n<p data-start=\"1530\" data-end=\"1600\"><strong data-start=\"1530\" data-end=\"1540\">Herkunft:<\/strong> Belgien - Jardin Potager de Vilvorde, traditionelle Sorte<\/p>\n<\/li>\n<\/ul>","protected":false},"featured_media":7078,"template":"","meta":{"_mo_disable_npp":""},"product_brand":[],"product_cat":[127,72,156,71],"product_tag":[],"class_list":{"0":"post-7077","1":"product","2":"type-product","3":"status-publish","4":"has-post-thumbnail","6":"product_cat-novo","7":"product_cat-paradizniki","8":"product_cat-slovenija","9":"product_cat-semena","10":"pa_barva-rdeca","11":"pa_cas-zorenja-sredi-sezone","13":"first","14":"instock","15":"shipping-taxable","16":"purchasable","17":"product-type-simple"},"_links":{"self":[{"href":"https:\/\/paradiznik.si\/de\/wp-json\/wp\/v2\/product\/7077","targetHints":{"allow":["GET"]}}],"collection":[{"href":"https:\/\/paradiznik.si\/de\/wp-json\/wp\/v2\/product"}],"about":[{"href":"https:\/\/paradiznik.si\/de\/wp-json\/wp\/v2\/types\/product"}],"wp:featuredmedia":[{"embeddable":true,"href":"https:\/\/paradiznik.si\/de\/wp-json\/wp\/v2\/media\/7078"}],"wp:attachment":[{"href":"https:\/\/paradiznik.si\/de\/wp-json\/wp\/v2\/media?parent=7077"}],"wp:term":[{"taxonomy":"product_brand","embeddable":true,"href":"https:\/\/paradiznik.si\/de\/wp-json\/wp\/v2\/product_brand?post=7077"},{"taxonomy":"product_cat","embeddable":true,"href":"https:\/\/paradiznik.si\/de\/wp-json\/wp\/v2\/product_cat?post=7077"},{"taxonomy":"product_tag","embeddable":true,"href":"https:\/\/paradiznik.si\/de\/wp-json\/wp\/v2\/product_tag?post=7077"}],"curies":[{"name":"wp","href":"https:\/\/api.w.org\/{rel}","templated":true}]}}