{"id":7073,"date":"2025-11-26T21:13:58","date_gmt":"2025-11-26T20:13:58","guid":{"rendered":"https:\/\/paradiznik.si\/?post_type=product&#038;p=7073"},"modified":"2026-04-24T20:04:56","modified_gmt":"2026-04-24T18:04:56","slug":"paradiznik-comasagua-el-salvador","status":"publish","type":"product","link":"https:\/\/paradiznik.si\/de\/produkt\/paradiznik-comasagua-el-salvador\/","title":{"rendered":"Tomaten \u2013 Comasagua El Salvador"},"content":{"rendered":"<p data-start=\"66\" data-end=\"400\">Tomaten <strong data-start=\"77\" data-end=\"102\">Comasagua, El Salvador<\/strong> (<em data-start=\"104\" data-end=\"126\">Solanum lycopersicum<\/em>) ist au\u00dfergew\u00f6hnlich <strong data-start=\"139\" data-end=\"162\">traditionelle Variante<\/strong> Sie stammt aus der Stadt Comasagua in El Salvador, wo sie als eine der h\u00e4ufigsten und beliebtesten Sorten auf dem lokalen Markt gilt. Sie w\u00e4chst in einer H\u00f6he von etwa 1000 m \u00fcber dem Meeresspiegel, was ihr diese besondere Lage verleiht. <strong data-start=\"330\" data-end=\"373\">hervorragende Anpassungsf\u00e4higkeit und Zuverl\u00e4ssigkeit<\/strong> selbst im europ\u00e4ischen Klima.<\/p>\n<p data-start=\"402\" data-end=\"883\">Die Fr\u00fcchte sind <strong data-start=\"413\" data-end=\"441\">klein bis mittelgro\u00df<\/strong>, normalerweise <strong data-start=\"452\" data-end=\"463\">40\u201370 g<\/strong>, rund oder leicht oval, mit <strong data-start=\"493\" data-end=\"530\">dicke, feste fleischige W\u00e4nde<\/strong> Und <strong data-start=\"534\" data-end=\"556\">kleine Hohlr\u00e4ume<\/strong>. Eine solche Struktur erm\u00f6glicht es den Fr\u00fcchten, <strong data-start=\"598\" data-end=\"614\">Sie werden nicht nass<\/strong>, sehr gut <strong data-start=\"627\" data-end=\"644\">Sie behalten ihre Form<\/strong> und eignen sich f\u00fcr eine Vielzahl von Gerichten. Der Geschmack ist <strong data-start=\"692\" data-end=\"709\">s\u00fc\u00df<\/strong>, Mit seiner sehr milden S\u00e4ure ist Comasagua ein ausgezeichneter universeller paradi\u017enik-Wein \u2013 geeignet f\u00fcr <strong data-start=\"796\" data-end=\"840\">Salate, frische Lebensmittel, Kochen, Backen<\/strong>, aber auch f\u00fcr <strong data-start=\"853\" data-end=\"882\">F\u00fcllung und Gratin<\/strong>.<\/p>\n<p data-start=\"885\" data-end=\"1109\">Die Pflanze ist <strong data-start=\"897\" data-end=\"934\">unbestimmt (ben\u00f6tigt Unterst\u00fctzung)<\/strong>, Sie ist sehr ertragreich und bildet w\u00e4hrend der gesamten Saison gleichm\u00e4\u00dfig verteilte Fruchtst\u00e4nde. Dank ihrer starken Wuchskraft und des zuverl\u00e4ssigen Ertrags eignet sie sich sowohl f\u00fcr den Garten als auch f\u00fcr das Gew\u00e4chshaus.<\/p>\n<p data-start=\"1111\" data-end=\"1343\">F\u00fcr uns ist Comasagua El Salvador <strong data-start=\"1143\" data-end=\"1162\">Entdeckung der Saison<\/strong>, Denn unserer Meinung nach geht es um <strong data-start=\"1191\" data-end=\"1231\">eines der besten paradi\u017eniks im Allgemeinen<\/strong> \u2013 aufgrund der au\u00dfergew\u00f6hnlichen Kombination aus S\u00fc\u00dfe und S\u00e4ure.<\/p>","protected":false},"excerpt":{"rendered":"<ul>\n<li data-start=\"1348\" data-end=\"1394\">\n<p data-start=\"1350\" data-end=\"1394\"><strong data-start=\"1350\" data-end=\"1369\">Wissenschaftlicher Name:<\/strong> <em data-start=\"1370\" data-end=\"1392\">Solanum lycopersicum<\/em><\/p>\n<\/li>\n<li data-start=\"1395\" data-end=\"1431\">\n<p data-start=\"1397\" data-end=\"1431\"><strong data-start=\"1397\" data-end=\"1407\">Farbe:<\/strong> Rot \/ Rot-Rosa<\/p>\n<\/li>\n<li data-start=\"1432\" data-end=\"1508\">\n<p data-start=\"1434\" data-end=\"1508\"><strong data-start=\"1434\" data-end=\"1450\">Reifungszeit:<\/strong> 75\u201385 Tage nach der Transplantation (mittelfr\u00fch bis mittelsp\u00e4t)<\/p>\n<\/li>\n<li data-start=\"1509\" data-end=\"1532\">\n<p data-start=\"1511\" data-end=\"1532\"><strong data-start=\"1511\" data-end=\"1524\">Menge:<\/strong> 10 \u2013 20 Samen<\/p>\n<\/li>\n<li data-start=\"1533\" data-end=\"1584\">\n<p data-start=\"1535\" data-end=\"1584\"><strong data-start=\"1535\" data-end=\"1544\">Wachstum<\/strong>Unbestimmt (Unterst\u00fctzung erforderlich)<\/p>\n<\/li>\n<li data-start=\"1585\" data-end=\"1644\">\n<p data-start=\"1587\" data-end=\"1644\"><strong data-start=\"1587\" data-end=\"1597\">Herkunft:<\/strong> Comasagua, El Salvador \u2013 traditionelle Sorte<\/p>\n<\/li>\n<\/ul>","protected":false},"featured_media":7074,"template":"","meta":{"_mo_disable_npp":""},"product_brand":[],"product_cat":[127,72,156,71],"product_tag":[],"class_list":{"0":"post-7073","1":"product","2":"type-product","3":"status-publish","4":"has-post-thumbnail","6":"product_cat-novo","7":"product_cat-paradizniki","8":"product_cat-slovenija","9":"product_cat-semena","10":"pa_barva-rdeca","11":"pa_cas-zorenja-sredi-sezone","13":"first","14":"instock","15":"shipping-taxable","16":"purchasable","17":"product-type-simple"},"_links":{"self":[{"href":"https:\/\/paradiznik.si\/de\/wp-json\/wp\/v2\/product\/7073","targetHints":{"allow":["GET"]}}],"collection":[{"href":"https:\/\/paradiznik.si\/de\/wp-json\/wp\/v2\/product"}],"about":[{"href":"https:\/\/paradiznik.si\/de\/wp-json\/wp\/v2\/types\/product"}],"wp:featuredmedia":[{"embeddable":true,"href":"https:\/\/paradiznik.si\/de\/wp-json\/wp\/v2\/media\/7074"}],"wp:attachment":[{"href":"https:\/\/paradiznik.si\/de\/wp-json\/wp\/v2\/media?parent=7073"}],"wp:term":[{"taxonomy":"product_brand","embeddable":true,"href":"https:\/\/paradiznik.si\/de\/wp-json\/wp\/v2\/product_brand?post=7073"},{"taxonomy":"product_cat","embeddable":true,"href":"https:\/\/paradiznik.si\/de\/wp-json\/wp\/v2\/product_cat?post=7073"},{"taxonomy":"product_tag","embeddable":true,"href":"https:\/\/paradiznik.si\/de\/wp-json\/wp\/v2\/product_tag?post=7073"}],"curies":[{"name":"wp","href":"https:\/\/api.w.org\/{rel}","templated":true}]}}