{"id":7063,"date":"2025-11-26T20:40:30","date_gmt":"2025-11-26T19:40:30","guid":{"rendered":"https:\/\/paradiznik.si\/?post_type=product&#038;p=7063"},"modified":"2026-03-20T20:33:34","modified_gmt":"2026-03-20T19:33:34","slug":"cili-cayenne-chocolate","status":"publish","type":"product","link":"https:\/\/paradiznik.si\/de\/produkt\/cili-cayenne-chocolate\/","title":{"rendered":"Chili - Cayenne-Schokolade"},"content":{"rendered":"<p data-start=\"172\" data-end=\"518\">Chili <strong data-start=\"194\" data-end=\"215\">Cayennepfeffer-Schokolade<\/strong> (Capsicum annuum) ist eine interessante dunkle Variante der klassischen Cayennepfeffer-Chili, die sich durch ihre Sch\u00e4rfe auszeichnet. <strong data-start=\"313\" data-end=\"341\">Schokoladenbrauner Farbton<\/strong> in der Phase der vollen Reife. Es handelt sich um eine Sorte, die die erkennbare, lang anhaltende Sch\u00e4rfe von Cayennepfeffer mit einem komplexeren, etwas tieferen und rauchig-fruchtigen Geschmacksprofil vereint.<\/p>\n<p data-start=\"520\" data-end=\"816\">Die Fr\u00fcchte sind l\u00e4nglich, d\u00fcnn und leicht gebogen, mit einer glatten Oberfl\u00e4che und d\u00fcnnen W\u00e4nden \u2013 wodurch sie sich perfekt eignen f\u00fcr <strong data-start=\"622\" data-end=\"737\">Trocknen, Vermahlen zu aromatischem, schokoladenbraunem Chilipulver, Zubereitung von Gew\u00fcrzmischungen, getrockneten Flocken, Chili\u00f6len<\/strong> und nat\u00fcrlich auch zum Kochen von Gerichten, bei denen man einen intensiveren, &quot;dunklen Chili&quot;-Geschmack w\u00fcnscht.<\/p>\n<p data-start=\"818\" data-end=\"1051\">Das Brennen ist <strong data-start=\"830\" data-end=\"848\">mittel bis hoch<\/strong>, Sie duftet angenehm klar und direkt \u2013 typisch f\u00fcr die Cayenne-Linie, jedoch mit einer leicht rauchigen Note durch die dunkle Pigmentierung. Die Pflanze ist sehr ertragreich, \u00fcppig und anspruchslos und eignet sich sowohl f\u00fcr den Garten als auch f\u00fcr gr\u00f6\u00dfere T\u00f6pfe.<\/p>","protected":false},"excerpt":{"rendered":"<ul>\n<li data-start=\"1079\" data-end=\"1118\">\n<p data-start=\"1081\" data-end=\"1118\"><strong data-start=\"1081\" data-end=\"1100\">Wissenschaftlicher Name:<\/strong> Capsicum annuum<\/p>\n<\/li>\n<li data-start=\"1119\" data-end=\"1159\">\n<p data-start=\"1121\" data-end=\"1159\"><strong data-start=\"1121\" data-end=\"1131\">Farbe:<\/strong> gr\u00fcn, braun (Schokolade)<\/p>\n<\/li>\n<li data-start=\"1160\" data-end=\"1188\">\n<p data-start=\"1162\" data-end=\"1188\"><strong data-start=\"1162\" data-end=\"1178\">Reifungszeit:<\/strong> mittel<\/p>\n<\/li>\n<li data-start=\"1189\" data-end=\"1218\">\n<p data-start=\"1191\" data-end=\"1218\"><strong data-start=\"1191\" data-end=\"1204\">Menge:<\/strong> 10-20 Samen<\/p>\n<\/li>\n<li data-start=\"1219\" data-end=\"1263\">\n<p data-start=\"1221\" data-end=\"1263\"><strong data-start=\"1221\" data-end=\"1241\">Pflanzenh\u00f6he:<\/strong> etwa 70\u2013100 cm<\/p>\n<\/li>\n<li data-start=\"1305\" data-end=\"1341\">\n<p data-start=\"1307\" data-end=\"1341\"><strong data-start=\"1307\" data-end=\"1315\">SHU:<\/strong> etwa 30.000\u201350.000<\/p>\n<\/li>\n<\/ul>","protected":false},"featured_media":7064,"template":"","meta":{"_mo_disable_npp":""},"product_brand":[],"product_cat":[92,74,127,156,71],"product_tag":[],"class_list":{"0":"post-7063","1":"product","2":"type-product","3":"status-publish","4":"has-post-thumbnail","6":"product_cat-capsicum-annuum","7":"product_cat-ciliji","8":"product_cat-novo","9":"product_cat-slovenija","10":"product_cat-semena","12":"first","13":"instock","14":"shipping-taxable","15":"purchasable","16":"product-type-simple"},"_links":{"self":[{"href":"https:\/\/paradiznik.si\/de\/wp-json\/wp\/v2\/product\/7063","targetHints":{"allow":["GET"]}}],"collection":[{"href":"https:\/\/paradiznik.si\/de\/wp-json\/wp\/v2\/product"}],"about":[{"href":"https:\/\/paradiznik.si\/de\/wp-json\/wp\/v2\/types\/product"}],"wp:featuredmedia":[{"embeddable":true,"href":"https:\/\/paradiznik.si\/de\/wp-json\/wp\/v2\/media\/7064"}],"wp:attachment":[{"href":"https:\/\/paradiznik.si\/de\/wp-json\/wp\/v2\/media?parent=7063"}],"wp:term":[{"taxonomy":"product_brand","embeddable":true,"href":"https:\/\/paradiznik.si\/de\/wp-json\/wp\/v2\/product_brand?post=7063"},{"taxonomy":"product_cat","embeddable":true,"href":"https:\/\/paradiznik.si\/de\/wp-json\/wp\/v2\/product_cat?post=7063"},{"taxonomy":"product_tag","embeddable":true,"href":"https:\/\/paradiznik.si\/de\/wp-json\/wp\/v2\/product_tag?post=7063"}],"curies":[{"name":"wp","href":"https:\/\/api.w.org\/{rel}","templated":true}]}}