{"id":7059,"date":"2025-11-26T20:24:03","date_gmt":"2025-11-26T19:24:03","guid":{"rendered":"https:\/\/paradiznik.si\/?post_type=product&#038;p=7059"},"modified":"2026-04-22T14:21:20","modified_gmt":"2026-04-22T12:21:20","slug":"cili-jalapeno-multicolor","status":"publish","type":"product","link":"https:\/\/paradiznik.si\/de\/produkt\/cili-jalapeno-multicolor\/","title":{"rendered":"Chili - Jalapeno Multicolor"},"content":{"rendered":"<p data-start=\"224\" data-end=\"643\">Chili <strong data-start=\"246\" data-end=\"269\">Jalapeno Multicolor<\/strong> (Capsicum annuum) ist eine wundersch\u00f6ne, dekorative Variante der klassischen Jalape\u00f1o. Die Fr\u00fcchte ver\u00e4ndern ihre Farbe von <strong data-start=\"466\" data-end=\"485\">Dunkelviolett<\/strong>, via <strong data-start=\"493\" data-end=\"514\">Gelb und Orange<\/strong>, bis zum Finale <strong data-start=\"526\" data-end=\"535\">Rot<\/strong>. Oftmals erscheinen Fr\u00fcchte in allen Farben an derselben Pflanze, was ein \u00fcberaus farbenfrohes und lebendiges Erscheinungsbild erzeugt.<\/p>\n<p data-start=\"645\" data-end=\"1006\">Form und Dicke der Frucht sind typisch f\u00fcr Jalape\u00f1os \u2013 <strong data-start=\"698\" data-end=\"733\">fleischig, fest, aber viel kleiner als die klassische Jalapeno. <\/strong>Der Geschmack ist klassisch Jalape\u00f1o: frisch, fruchtig-gem\u00fcseartig, leicht s\u00fc\u00dflich, mit <strong data-start=\"931\" data-end=\"969\">angenehm milde bis mittlere Hitze<\/strong>, das sich f\u00fcr eine breite Palette von Gerichten eignet.<\/p>\n<p data-start=\"1008\" data-end=\"1207\">Die Pflanze ist sehr ertragreich, kompakt und eignet sich sowohl f\u00fcr den Garten als auch f\u00fcr T\u00f6pfe.<\/p>","protected":false},"excerpt":{"rendered":"<ul>\n<li data-start=\"1235\" data-end=\"1274\">\n<p data-start=\"1237\" data-end=\"1274\"><strong data-start=\"1237\" data-end=\"1256\">Wissenschaftlicher Name:<\/strong> Capsicum annuum<\/p>\n<\/li>\n<li data-start=\"1275\" data-end=\"1323\">\n<p data-start=\"1277\" data-end=\"1323\"><strong data-start=\"1277\" data-end=\"1287\">Farbe:<\/strong> lila, gelb, orange, rot<\/p>\n<\/li>\n<li data-start=\"1324\" data-end=\"1352\">\n<p data-start=\"1326\" data-end=\"1352\"><strong data-start=\"1326\" data-end=\"1342\">Reifungszeit:<\/strong> mittel<\/p>\n<\/li>\n<li data-start=\"1353\" data-end=\"1382\">\n<p data-start=\"1355\" data-end=\"1382\"><strong data-start=\"1355\" data-end=\"1368\">Menge:<\/strong> 10-20 Samen<\/p>\n<\/li>\n<li data-start=\"1383\" data-end=\"1426\">\n<p data-start=\"1385\" data-end=\"1426\"><strong data-start=\"1385\" data-end=\"1405\">Pflanzenh\u00f6he:<\/strong> etwa 60\u201380 cm<\/p>\n<\/li>\n<li data-start=\"1473\" data-end=\"1507\">\n<p data-start=\"1475\" data-end=\"1507\"><strong data-start=\"1475\" data-end=\"1483\">SHU:<\/strong> etwa 3.000\u20138.000<\/p>\n<\/li>\n<\/ul>","protected":false},"featured_media":7060,"template":"","meta":{"_mo_disable_npp":""},"product_brand":[],"product_cat":[92,74,127,156,71],"product_tag":[],"class_list":{"0":"post-7059","1":"product","2":"type-product","3":"status-publish","4":"has-post-thumbnail","6":"product_cat-capsicum-annuum","7":"product_cat-ciliji","8":"product_cat-novo","9":"product_cat-slovenija","10":"product_cat-semena","12":"first","13":"instock","14":"shipping-taxable","15":"purchasable","16":"product-type-simple"},"_links":{"self":[{"href":"https:\/\/paradiznik.si\/de\/wp-json\/wp\/v2\/product\/7059","targetHints":{"allow":["GET"]}}],"collection":[{"href":"https:\/\/paradiznik.si\/de\/wp-json\/wp\/v2\/product"}],"about":[{"href":"https:\/\/paradiznik.si\/de\/wp-json\/wp\/v2\/types\/product"}],"wp:featuredmedia":[{"embeddable":true,"href":"https:\/\/paradiznik.si\/de\/wp-json\/wp\/v2\/media\/7060"}],"wp:attachment":[{"href":"https:\/\/paradiznik.si\/de\/wp-json\/wp\/v2\/media?parent=7059"}],"wp:term":[{"taxonomy":"product_brand","embeddable":true,"href":"https:\/\/paradiznik.si\/de\/wp-json\/wp\/v2\/product_brand?post=7059"},{"taxonomy":"product_cat","embeddable":true,"href":"https:\/\/paradiznik.si\/de\/wp-json\/wp\/v2\/product_cat?post=7059"},{"taxonomy":"product_tag","embeddable":true,"href":"https:\/\/paradiznik.si\/de\/wp-json\/wp\/v2\/product_tag?post=7059"}],"curies":[{"name":"wp","href":"https:\/\/api.w.org\/{rel}","templated":true}]}}