{"id":7051,"date":"2025-11-26T19:43:42","date_gmt":"2025-11-26T18:43:42","guid":{"rendered":"https:\/\/paradiznik.si\/?post_type=product&#038;p=7051"},"modified":"2026-04-01T17:06:02","modified_gmt":"2026-04-01T15:06:02","slug":"cili-pink-peach-reaper","status":"publish","type":"product","link":"https:\/\/paradiznik.si\/de\/produkt\/cili-pink-peach-reaper\/","title":{"rendered":"Chili \u2013 Pink Peach Reaper"},"content":{"rendered":"<p data-start=\"264\" data-end=\"628\">Chili <strong data-start=\"286\" data-end=\"307\">Pink Peach Reaper<\/strong> (Capsicum chinense) ist eine hochwertige, handverlesene Sorte, die in der kreativen Linie des Z\u00fcchters entstanden ist. <em data-start=\"412\" data-end=\"428\">Faddas Pfeffer<\/em>, das f\u00fcr seine au\u00dfergew\u00f6hnlichen Hybriden bekannt ist. Es ist eine atemberaubende Kreuzung zwischen <strong data-start=\"500\" data-end=\"519\">Carolina Reaper<\/strong> Und <strong data-start=\"523\" data-end=\"537\">Rosa Tiger<\/strong>, die die extreme Kraft von Reaper mit der Eleganz und Farbpracht von rosavioletten Sorten vereint.<\/p>\n<p data-start=\"630\" data-end=\"1039\">Die Fr\u00fcchte sind ein wahrer Augenschmaus. Sie beginnen <strong data-start=\"666\" data-end=\"687\">Tiefviolett<\/strong>, dann gehen sie \u00fcber in <strong data-start=\"706\" data-end=\"758\">Pfirsichfarben, Rosa und sogar sanfte Graut\u00f6ne<\/strong>, bevor sie vollst\u00e4ndig reif sind. In Kombination mit <strong data-start=\"803\" data-end=\"821\">dunkle Bl\u00e4tter<\/strong> Der Kontrast der Pflanze ist atemberaubend und diese Sorte wird zu einem der sch\u00f6nsten optischen H\u00f6hepunkte in jeder Chili-Sammlung.<br data-start=\"938\" data-end=\"941\" \/>Die Form der Frucht bleibt typischerweise &quot;Erntefrucht&quot; - stark runzelig, spitz, oft mit einem kurzen Schwanz.<\/p>\n<p data-start=\"1041\" data-end=\"1345\">Der Geschmack birgt eine \u00dcberraschung: trotz <strong data-start=\"1073\" data-end=\"1100\">extrem hohe Hitze<\/strong> sind erhalten <strong data-start=\"1113\" data-end=\"1148\">fruchtig-tropische und blumige Noten<\/strong>, Diese Aromen treten schon vor einem langen, intensiven Grillvorgang deutlich hervor. Pink Peach Reaper ist eine solch einzigartige Kombination. <strong data-start=\"1255\" data-end=\"1289\">Sch\u00f6nheit, Aromen und brutale Kraft<\/strong>, das Ergebnis von Leidenschaft und \u00fcberlegenem Zuchtwissen.<\/p>\n<p data-start=\"1347\" data-end=\"1490\">","protected":false},"excerpt":{"rendered":"<ul>\n<li data-start=\"1371\" data-end=\"1412\">\n<p data-start=\"1373\" data-end=\"1412\"><strong data-start=\"1373\" data-end=\"1392\">Wissenschaftlicher Name:<\/strong> Capsicum chinense<\/p>\n<\/li>\n<li data-start=\"1413\" data-end=\"1452\">\n<p data-start=\"1415\" data-end=\"1452\"><strong data-start=\"1415\" data-end=\"1425\">Farbe:<\/strong> Gr\u00fcn, Rosa-Pfirsich, Lila<\/p>\n<\/li>\n<li data-start=\"1453\" data-end=\"1479\">\n<p data-start=\"1455\" data-end=\"1479\"><strong data-start=\"1455\" data-end=\"1471\">Reifungszeit:<\/strong> sp\u00e4t<\/p>\n<\/li>\n<li data-start=\"1480\" data-end=\"1509\">\n<p data-start=\"1482\" data-end=\"1509\"><strong data-start=\"1482\" data-end=\"1495\">Menge:<\/strong> 10-20 Samen<\/p>\n<\/li>\n<li data-start=\"1510\" data-end=\"1554\">\n<p data-start=\"1512\" data-end=\"1554\"><strong data-start=\"1512\" data-end=\"1532\">Pflanzenh\u00f6he:<\/strong> etwa 80\u2013120 cm<\/p>\n<\/li>\n<li data-start=\"1555\" data-end=\"1593\">\n<p data-start=\"1557\" data-end=\"1593\"><strong data-start=\"1557\" data-end=\"1567\">Herkunft:<\/strong> Auswahl der Reaper-Linie<\/p>\n<\/li>\n<li data-start=\"1594\" data-end=\"1636\">\n<p data-start=\"1596\" data-end=\"1636\"><strong data-start=\"1596\" data-end=\"1604\">SHU:<\/strong> etwa 1.000.000\u20131.800.000<\/p>\n<\/li>\n<\/ul>","protected":false},"featured_media":7052,"template":"","meta":{"_mo_disable_npp":""},"product_brand":[],"product_cat":[93,74,127,156,71],"product_tag":[],"class_list":{"0":"post-7051","1":"product","2":"type-product","3":"status-publish","4":"has-post-thumbnail","6":"product_cat-capsicum-chinense","7":"product_cat-ciliji","8":"product_cat-novo","9":"product_cat-slovenija","10":"product_cat-semena","12":"first","13":"instock","14":"shipping-taxable","15":"purchasable","16":"product-type-simple"},"_links":{"self":[{"href":"https:\/\/paradiznik.si\/de\/wp-json\/wp\/v2\/product\/7051","targetHints":{"allow":["GET"]}}],"collection":[{"href":"https:\/\/paradiznik.si\/de\/wp-json\/wp\/v2\/product"}],"about":[{"href":"https:\/\/paradiznik.si\/de\/wp-json\/wp\/v2\/types\/product"}],"wp:featuredmedia":[{"embeddable":true,"href":"https:\/\/paradiznik.si\/de\/wp-json\/wp\/v2\/media\/7052"}],"wp:attachment":[{"href":"https:\/\/paradiznik.si\/de\/wp-json\/wp\/v2\/media?parent=7051"}],"wp:term":[{"taxonomy":"product_brand","embeddable":true,"href":"https:\/\/paradiznik.si\/de\/wp-json\/wp\/v2\/product_brand?post=7051"},{"taxonomy":"product_cat","embeddable":true,"href":"https:\/\/paradiznik.si\/de\/wp-json\/wp\/v2\/product_cat?post=7051"},{"taxonomy":"product_tag","embeddable":true,"href":"https:\/\/paradiznik.si\/de\/wp-json\/wp\/v2\/product_tag?post=7051"}],"curies":[{"name":"wp","href":"https:\/\/api.w.org\/{rel}","templated":true}]}}