{"id":7030,"date":"2025-11-26T14:21:48","date_gmt":"2025-11-26T13:21:48","guid":{"rendered":"https:\/\/paradiznik.si\/?post_type=product&#038;p=7030"},"modified":"2026-03-28T12:43:21","modified_gmt":"2026-03-28T11:43:21","slug":"cili-aurora","status":"publish","type":"product","link":"https:\/\/paradiznik.si\/de\/produkt\/cili-aurora\/","title":{"rendered":"Chile \u2013 Aurora"},"content":{"rendered":"<p data-start=\"157\" data-end=\"477\">Chili <strong data-start=\"179\" data-end=\"189\">Aurora<\/strong> (Capsicum annuum) ist eine der sch\u00f6nsten Zierpflanzenarten. Die Pflanze ist <strong data-start=\"317\" data-end=\"364\">kompakt, buschig und \u00e4u\u00dferst dekorativ<\/strong>, da die Fr\u00fcchte beim Reifen ein atemberaubendes Farbspektrum durchlaufen:<br data-start=\"431\" data-end=\"434\" \/><strong data-start=\"434\" data-end=\"474\">Lila \u2192 Gelb \u2192 Orange \u2192 Rot<\/strong>.<\/p>\n<p data-start=\"479\" data-end=\"768\">Die Fr\u00fcchte wachsen <strong data-start=\"495\" data-end=\"507\">aufrecht<\/strong>, Dadurch ist die Farbver\u00e4nderung schon von Weitem sichtbar. Obwohl es sich in erster Linie um eine Zierpflanze handelt, sind die Fr\u00fcchte auch essbar \u2013 mit <strong data-start=\"630\" data-end=\"656\">mittelscharf<\/strong> und ein angenehm frischer Geschmack.<\/p>\n<p data-start=\"770\" data-end=\"923\">Aurora ist extrem pflegeleicht, gedeiht gut in T\u00f6pfen und ist eine der besten Optionen f\u00fcr alle, die Sch\u00f6nheit und Nutzen in einer Pflanze vereinen m\u00f6chten.<\/p>","protected":false},"excerpt":{"rendered":"<ul>\n<li data-start=\"951\" data-end=\"990\">\n<p data-start=\"953\" data-end=\"990\"><strong data-start=\"953\" data-end=\"972\">Wissenschaftlicher Name:<\/strong> Capsicum annuum<\/p>\n<\/li>\n<li data-start=\"991\" data-end=\"1039\">\n<p data-start=\"993\" data-end=\"1039\"><strong data-start=\"993\" data-end=\"1003\">Farbe:<\/strong> lila, gelb, orange, rot<\/p>\n<\/li>\n<li data-start=\"1040\" data-end=\"1068\">\n<p data-start=\"1042\" data-end=\"1068\"><strong data-start=\"1042\" data-end=\"1058\">Reifungszeit:<\/strong> mittel<\/p>\n<\/li>\n<li data-start=\"1069\" data-end=\"1098\">\n<p data-start=\"1071\" data-end=\"1098\"><strong data-start=\"1071\" data-end=\"1084\">Menge:<\/strong> 10-20 Samen<\/p>\n<\/li>\n<li data-start=\"1099\" data-end=\"1142\">\n<p data-start=\"1101\" data-end=\"1142\"><strong data-start=\"1101\" data-end=\"1121\">Pflanzenh\u00f6he:<\/strong> etwa 30\u201345 cm<\/p>\n<\/li>\n<li data-start=\"1143\" data-end=\"1181\">\n<p data-start=\"1145\" data-end=\"1181\"><strong data-start=\"1145\" data-end=\"1155\">Herkunft:<\/strong> USA<\/p>\n<\/li>\n<li data-start=\"1182\" data-end=\"1218\">\n<p data-start=\"1184\" data-end=\"1218\"><strong data-start=\"1184\" data-end=\"1192\">SHU:<\/strong> etwa 20.000\u201330.000<\/p>\n<\/li>\n<\/ul>","protected":false},"featured_media":7031,"template":"","meta":{"_mo_disable_npp":""},"product_brand":[],"product_cat":[92,74,127,156,71],"product_tag":[],"class_list":{"0":"post-7030","1":"product","2":"type-product","3":"status-publish","4":"has-post-thumbnail","6":"product_cat-capsicum-annuum","7":"product_cat-ciliji","8":"product_cat-novo","9":"product_cat-slovenija","10":"product_cat-semena","12":"first","13":"instock","14":"shipping-taxable","15":"purchasable","16":"product-type-simple"},"_links":{"self":[{"href":"https:\/\/paradiznik.si\/de\/wp-json\/wp\/v2\/product\/7030","targetHints":{"allow":["GET"]}}],"collection":[{"href":"https:\/\/paradiznik.si\/de\/wp-json\/wp\/v2\/product"}],"about":[{"href":"https:\/\/paradiznik.si\/de\/wp-json\/wp\/v2\/types\/product"}],"wp:featuredmedia":[{"embeddable":true,"href":"https:\/\/paradiznik.si\/de\/wp-json\/wp\/v2\/media\/7031"}],"wp:attachment":[{"href":"https:\/\/paradiznik.si\/de\/wp-json\/wp\/v2\/media?parent=7030"}],"wp:term":[{"taxonomy":"product_brand","embeddable":true,"href":"https:\/\/paradiznik.si\/de\/wp-json\/wp\/v2\/product_brand?post=7030"},{"taxonomy":"product_cat","embeddable":true,"href":"https:\/\/paradiznik.si\/de\/wp-json\/wp\/v2\/product_cat?post=7030"},{"taxonomy":"product_tag","embeddable":true,"href":"https:\/\/paradiznik.si\/de\/wp-json\/wp\/v2\/product_tag?post=7030"}],"curies":[{"name":"wp","href":"https:\/\/api.w.org\/{rel}","templated":true}]}}