{"id":7026,"date":"2025-11-26T14:14:40","date_gmt":"2025-11-26T13:14:40","guid":{"rendered":"https:\/\/paradiznik.si\/?post_type=product&#038;p=7026"},"modified":"2026-04-04T12:08:40","modified_gmt":"2026-04-04T10:08:40","slug":"cili-charapita-peach","status":"publish","type":"product","link":"https:\/\/paradiznik.si\/de\/produkt\/cili-charapita-peach\/","title":{"rendered":"Chili \u2013 Charapita Pfirsich"},"content":{"rendered":"<p data-start=\"158\" data-end=\"477\">Chili <strong data-start=\"180\" data-end=\"199\">Charapita-Pfirsich<\/strong> (Capsicum chinense) ist eine wundersch\u00f6ne, pfirsichfarbene Variante der ber\u00fchmten peruanischen Charapita \u2013 einer der wertvollsten und aromatischsten kleinen Chilisorten der Welt. Die Fr\u00fcchte sind <strong data-start=\"369\" data-end=\"405\">extrem klein, rund wie eine Erbse<\/strong>, mit einem zarten Pfirsichton, der sie von der klassischen gelben Charapita unterscheidet.<\/p>\n<p data-start=\"479\" data-end=\"737\">Diese Sorte ist ber\u00fchmt f\u00fcr ihre <strong data-start=\"504\" data-end=\"541\">intensiver fruchtig-zitrusartiger Geschmack<\/strong>, Sie werden oft als eine Kombination aus Zitrone, Mango und tropischen Bl\u00fcten beschrieben. Trotz ihrer Gr\u00f6\u00dfe haben die Fr\u00fcchte einen \u00fcberraschenden Geschmack. <strong data-start=\"662\" data-end=\"690\">lebhafte mittlere R\u00f6stung<\/strong>, das schnell zum Leben erwacht, sich aber genauso schnell wieder beruhigt.<\/p>\n<p data-start=\"739\" data-end=\"1004\">Aufgrund seines au\u00dfergew\u00f6hnlichen Aromas ist der Charapita-Pfirsich perfekt geeignet f\u00fcr <strong data-start=\"796\" data-end=\"866\">Salsas, Ceviche, tropische Saucen, Meeresfr\u00fcchte, Trocknen und Fermentieren.<\/strong>\u00a0 Aufgrund ihrer Sch\u00f6nheit und ihrer hohen Fruchtbarkeit wird sie auch als Zierpflanze sehr gesch\u00e4tzt.<\/p>","protected":false},"excerpt":{"rendered":"<ul>\n<li data-start=\"1032\" data-end=\"1073\">\n<p data-start=\"1034\" data-end=\"1073\"><strong data-start=\"1034\" data-end=\"1053\">Wissenschaftlicher Name:<\/strong> Capsicum chinense<\/p>\n<\/li>\n<li data-start=\"1074\" data-end=\"1105\">\n<p data-start=\"1076\" data-end=\"1105\"><strong data-start=\"1076\" data-end=\"1086\">Farbe:<\/strong> gr\u00fcn, pfirsichfarben<\/p>\n<\/li>\n<li data-start=\"1106\" data-end=\"1134\">\n<p data-start=\"1108\" data-end=\"1134\"><strong data-start=\"1108\" data-end=\"1124\">Reifungszeit:<\/strong> mittel<\/p>\n<\/li>\n<li data-start=\"1135\" data-end=\"1164\">\n<p data-start=\"1137\" data-end=\"1164\"><strong data-start=\"1137\" data-end=\"1150\">Menge:<\/strong> 10-20 Samen<\/p>\n<\/li>\n<li data-start=\"1165\" data-end=\"1208\">\n<p data-start=\"1167\" data-end=\"1208\"><strong data-start=\"1167\" data-end=\"1187\">Pflanzenh\u00f6he:<\/strong> etwa 50\u201370 cm<\/p>\n<\/li>\n<li data-start=\"1209\" data-end=\"1228\">\n<p data-start=\"1211\" data-end=\"1228\"><strong data-start=\"1211\" data-end=\"1221\">Herkunft:<\/strong> Peru<\/p>\n<\/li>\n<li data-start=\"1229\" data-end=\"1265\">\n<p data-start=\"1231\" data-end=\"1265\"><strong data-start=\"1231\" data-end=\"1239\">SHU:<\/strong> etwa 30.000\u201350.000<\/p>\n<\/li>\n<\/ul>","protected":false},"featured_media":7027,"template":"","meta":{"_mo_disable_npp":""},"product_brand":[],"product_cat":[93,74,127,156,71],"product_tag":[],"class_list":{"0":"post-7026","1":"product","2":"type-product","3":"status-publish","4":"has-post-thumbnail","6":"product_cat-capsicum-chinense","7":"product_cat-ciliji","8":"product_cat-novo","9":"product_cat-slovenija","10":"product_cat-semena","12":"first","13":"instock","14":"shipping-taxable","15":"purchasable","16":"product-type-simple"},"_links":{"self":[{"href":"https:\/\/paradiznik.si\/de\/wp-json\/wp\/v2\/product\/7026","targetHints":{"allow":["GET"]}}],"collection":[{"href":"https:\/\/paradiznik.si\/de\/wp-json\/wp\/v2\/product"}],"about":[{"href":"https:\/\/paradiznik.si\/de\/wp-json\/wp\/v2\/types\/product"}],"wp:featuredmedia":[{"embeddable":true,"href":"https:\/\/paradiznik.si\/de\/wp-json\/wp\/v2\/media\/7027"}],"wp:attachment":[{"href":"https:\/\/paradiznik.si\/de\/wp-json\/wp\/v2\/media?parent=7026"}],"wp:term":[{"taxonomy":"product_brand","embeddable":true,"href":"https:\/\/paradiznik.si\/de\/wp-json\/wp\/v2\/product_brand?post=7026"},{"taxonomy":"product_cat","embeddable":true,"href":"https:\/\/paradiznik.si\/de\/wp-json\/wp\/v2\/product_cat?post=7026"},{"taxonomy":"product_tag","embeddable":true,"href":"https:\/\/paradiznik.si\/de\/wp-json\/wp\/v2\/product_tag?post=7026"}],"curies":[{"name":"wp","href":"https:\/\/api.w.org\/{rel}","templated":true}]}}