{"id":7024,"date":"2025-11-26T13:52:24","date_gmt":"2025-11-26T12:52:24","guid":{"rendered":"https:\/\/paradiznik.si\/?post_type=product&#038;p=7024"},"modified":"2026-03-27T12:07:20","modified_gmt":"2026-03-27T11:07:20","slug":"cili-numex-april-fools","status":"publish","type":"product","link":"https:\/\/paradiznik.si\/de\/produkt\/cili-numex-april-fools\/","title":{"rendered":"Chilli - Numex Aprilscherze"},"content":{"rendered":"<p data-start=\"168\" data-end=\"531\">Chili <strong data-start=\"190\" data-end=\"211\">Numex Aprilscherze<\/strong> (Capsicum annuum) ist eine \u00e4u\u00dferst dekorative und n\u00fctzliche Sorte, die f\u00fcr ihre beeindruckenden Farbverl\u00e4ufe bekannt ist. Die Fr\u00fcchte wachsen <strong data-start=\"339\" data-end=\"351\">aufrecht<\/strong>, was der Pflanze ein sch\u00f6nes, dekoratives Aussehen verleiht. W\u00e4hrend der Reifung gehen sie von <strong data-start=\"420\" data-end=\"441\">dunkelviolett<\/strong> v <strong data-start=\"444\" data-end=\"464\">leuchtend rote Farbe<\/strong>, Das macht sie zu einer Augenweide in T\u00f6pfen, K\u00fcbeln oder im Garten.<\/p>\n<p data-start=\"533\" data-end=\"864\">Die Pflanze ist kompakt und gut gewachsen, was sie ideal f\u00fcr kleinere R\u00e4ume oder Balkonbepflanzungen macht. Sie ist eine gute Wahl f\u00fcr kompakte Balkonpflanzen. <strong data-start=\"646\" data-end=\"668\">mittlere Intensit\u00e4t<\/strong> - genug, um Gerichte zu w\u00fcrzen, aber nicht zu stark. Das angenehme Aroma und die d\u00fcnnen W\u00e4nde der Frucht machen ihn zu einem ausgezeichneten <strong data-start=\"771\" data-end=\"814\">frisch, zum Trocknen, f\u00fcr So\u00dfen und zum Einlegen<\/strong>, aber auch als Zierpflanze attraktiv.<\/p>\n<p data-start=\"866\" data-end=\"953\">Sie ist die perfekte Sorte f\u00fcr alle, die eine Kombination aus Sch\u00f6nheit und Nutzen in einer Pflanze suchen.<\/p>","protected":false},"excerpt":{"rendered":"<ul>\n<li data-start=\"981\" data-end=\"1020\">\n<p data-start=\"983\" data-end=\"1020\"><strong data-start=\"983\" data-end=\"1002\">Wissenschaftlicher Name:<\/strong> Capsicum annuum<\/p>\n<\/li>\n<li data-start=\"1021\" data-end=\"1052\">\n<p data-start=\"1023\" data-end=\"1052\"><strong data-start=\"1023\" data-end=\"1033\">Farbe:<\/strong> lila, rot<\/p>\n<\/li>\n<li data-start=\"1053\" data-end=\"1081\">\n<p data-start=\"1055\" data-end=\"1081\"><strong data-start=\"1055\" data-end=\"1071\">Reifungszeit:<\/strong> mittel<\/p>\n<\/li>\n<li data-start=\"1082\" data-end=\"1111\">\n<p data-start=\"1084\" data-end=\"1111\"><strong data-start=\"1084\" data-end=\"1097\">Menge:<\/strong> 10-20 Samen<\/p>\n<\/li>\n<li data-start=\"1112\" data-end=\"1155\">\n<p data-start=\"1114\" data-end=\"1155\"><strong data-start=\"1114\" data-end=\"1134\">Pflanzenh\u00f6he:<\/strong> etwa 30-50 cm<\/p>\n<\/li>\n<li data-start=\"1156\" data-end=\"1174\">\n<p data-start=\"1158\" data-end=\"1174\"><strong data-start=\"1158\" data-end=\"1168\">Herkunft:<\/strong> USA<\/p>\n<\/li>\n<li data-start=\"1175\" data-end=\"1211\">\n<p data-start=\"1177\" data-end=\"1211\"><strong data-start=\"1177\" data-end=\"1185\">SHU:<\/strong> etwa 15.000-30.000<\/p>\n<\/li>\n<\/ul>","protected":false},"featured_media":7025,"template":"","meta":{"_mo_disable_npp":""},"product_brand":[],"product_cat":[92,74,127,156,71],"product_tag":[],"class_list":{"0":"post-7024","1":"product","2":"type-product","3":"status-publish","4":"has-post-thumbnail","6":"product_cat-capsicum-annuum","7":"product_cat-ciliji","8":"product_cat-novo","9":"product_cat-slovenija","10":"product_cat-semena","12":"first","13":"instock","14":"sale","15":"shipping-taxable","16":"purchasable","17":"product-type-simple"},"_links":{"self":[{"href":"https:\/\/paradiznik.si\/de\/wp-json\/wp\/v2\/product\/7024","targetHints":{"allow":["GET"]}}],"collection":[{"href":"https:\/\/paradiznik.si\/de\/wp-json\/wp\/v2\/product"}],"about":[{"href":"https:\/\/paradiznik.si\/de\/wp-json\/wp\/v2\/types\/product"}],"wp:featuredmedia":[{"embeddable":true,"href":"https:\/\/paradiznik.si\/de\/wp-json\/wp\/v2\/media\/7025"}],"wp:attachment":[{"href":"https:\/\/paradiznik.si\/de\/wp-json\/wp\/v2\/media?parent=7024"}],"wp:term":[{"taxonomy":"product_brand","embeddable":true,"href":"https:\/\/paradiznik.si\/de\/wp-json\/wp\/v2\/product_brand?post=7024"},{"taxonomy":"product_cat","embeddable":true,"href":"https:\/\/paradiznik.si\/de\/wp-json\/wp\/v2\/product_cat?post=7024"},{"taxonomy":"product_tag","embeddable":true,"href":"https:\/\/paradiznik.si\/de\/wp-json\/wp\/v2\/product_tag?post=7024"}],"curies":[{"name":"wp","href":"https:\/\/api.w.org\/{rel}","templated":true}]}}