{"id":7007,"date":"2025-11-21T01:07:00","date_gmt":"2025-11-21T00:07:00","guid":{"rendered":"https:\/\/paradiznik.si\/?post_type=product&#038;p=7007"},"modified":"2026-03-26T05:43:03","modified_gmt":"2026-03-26T04:43:03","slug":"paradiznik-inkspots","status":"publish","type":"product","link":"https:\/\/paradiznik.si\/de\/produkt\/paradiznik-inkspots\/","title":{"rendered":"Tomaten - Tintenf\u00e4sser"},"content":{"rendered":"<p data-start=\"53\" data-end=\"401\">Tomaten <strong data-start=\"64\" data-end=\"76\">Tintenflecken<\/strong> (<em data-start=\"78\" data-end=\"100\">Solanum lycopersicum<\/em>) ist etwas Besonderes <strong data-start=\"113\" data-end=\"166\">traditionelle Mikro-Zwerg-Sorte<\/strong>, geschaffen f\u00fcr den Anbau in <strong data-start=\"192\" data-end=\"249\">T\u00f6pfe, Fensterb\u00e4nke, Balkone und kleine Beh\u00e4lter<\/strong>. Die Pflanze w\u00e4chst nur <strong data-start=\"270\" data-end=\"282\">20\u201330 cm<\/strong> Sie ist hochgewachsen, kompakt und dicht verzweigt, ben\u00f6tigt daher keine St\u00fctze und ist ideal f\u00fcr Stadtg\u00e4rtner und den Anbau in Innenr\u00e4umen.<\/p>\n<p data-start=\"403\" data-end=\"768\">Die Sorte produziert eine Vielzahl kleiner, kirschf\u00f6rmiger Fr\u00fcchte, die <strong data-start=\"455\" data-end=\"490\">im oberen Bereich dunkel gef\u00e4rbt<\/strong> aufgrund des Vorhandenseins von Anthocyanen (dunkelviolett-schwarze \u201cTintenflecken\u201d), w\u00e4hrend sie sich darunter in <strong data-start=\"597\" data-end=\"619\">Rot-orangefarbene T\u00f6ne<\/strong>. Der Farbkontrast macht die Fr\u00fcchte \u00e4u\u00dferst dekorativ. Das Fruchtfleisch ist saftig, mit <strong data-start=\"692\" data-end=\"732\">mild s\u00fc\u00dfer und leicht fruchtiger Geschmack<\/strong>, was die leichte S\u00e4ure gut ausgleicht.<\/p>\n<p data-start=\"770\" data-end=\"989\">Inkspots ist eines von <strong data-start=\"789\" data-end=\"808\">mittelfr\u00fch<\/strong> Sorten, die auch bei etwas weniger Licht gut gedeihen. Aufgrund ihres sehr geringen Wuchses und ihres sch\u00f6nen Aussehens sind sie bei Sammlern und Z\u00fcchtern von Mikro-Zwergsorten sehr beliebt.<\/p>\n<p data-start=\"991\" data-end=\"1190\">Der Ursprung der Sorte ist nicht vollst\u00e4ndig gekl\u00e4rt, aber sie wird am h\u00e4ufigsten mit neueren Arten in Verbindung gebracht. <strong data-start=\"1069\" data-end=\"1107\">Amerikanische Mikro-Zwerg-Selektionen<\/strong>, die im Rahmen von Amateurprogrammen zur Entwicklung kompakter paradi\u017eniks entstanden sind.<\/p>","protected":false},"excerpt":{"rendered":"<ul>\n<li data-start=\"1164\" data-end=\"1210\">\n<p data-start=\"1166\" data-end=\"1210\"><strong data-start=\"1166\" data-end=\"1185\">Wissenschaftlicher Name:<\/strong> <em data-start=\"1186\" data-end=\"1208\">Solanum lycopersicum<\/em><\/p>\n<\/li>\n<li data-start=\"1211\" data-end=\"1276\">\n<p data-start=\"1213\" data-end=\"1276\"><strong data-start=\"1213\" data-end=\"1223\">Farbe:<\/strong> Oberteil: violett-schwarz, Unterteil: rot-orange<\/p>\n<\/li>\n<li data-start=\"1277\" data-end=\"1346\">\n<p data-start=\"1279\" data-end=\"1346\"><strong data-start=\"1279\" data-end=\"1295\">Reifungszeit:<\/strong> Ca. 65\u201375 Tage nach der Verpflanzung (mittelfr\u00fch)<\/p>\n<\/li>\n<li data-start=\"1347\" data-end=\"1370\">\n<p data-start=\"1349\" data-end=\"1370\"><strong data-start=\"1349\" data-end=\"1362\">Menge:<\/strong> 10 \u2013 20 Samen<\/p>\n<\/li>\n<li data-start=\"1371\" data-end=\"1422\">\n<p data-start=\"1373\" data-end=\"1422\"><strong data-start=\"1373\" data-end=\"1382\">Wachstum:<\/strong> <strong data-start=\"1383\" data-end=\"1420\">deterministisch (ben\u00f6tigt keine St\u00fctze, w\u00e4chst wie ein Busch)<\/strong><\/p>\n<\/li>\n<\/ul>","protected":false},"featured_media":7008,"template":"","meta":{"_mo_disable_npp":""},"product_brand":[],"product_cat":[127,72,156,71],"product_tag":[],"class_list":{"0":"post-7007","1":"product","2":"type-product","3":"status-publish","4":"has-post-thumbnail","6":"product_cat-novo","7":"product_cat-paradizniki","8":"product_cat-slovenija","9":"product_cat-semena","10":"pa_barva-modra-indigo","11":"pa_barva-rdeca","13":"first","14":"instock","15":"shipping-taxable","16":"purchasable","17":"product-type-simple"},"_links":{"self":[{"href":"https:\/\/paradiznik.si\/de\/wp-json\/wp\/v2\/product\/7007","targetHints":{"allow":["GET"]}}],"collection":[{"href":"https:\/\/paradiznik.si\/de\/wp-json\/wp\/v2\/product"}],"about":[{"href":"https:\/\/paradiznik.si\/de\/wp-json\/wp\/v2\/types\/product"}],"wp:featuredmedia":[{"embeddable":true,"href":"https:\/\/paradiznik.si\/de\/wp-json\/wp\/v2\/media\/7008"}],"wp:attachment":[{"href":"https:\/\/paradiznik.si\/de\/wp-json\/wp\/v2\/media?parent=7007"}],"wp:term":[{"taxonomy":"product_brand","embeddable":true,"href":"https:\/\/paradiznik.si\/de\/wp-json\/wp\/v2\/product_brand?post=7007"},{"taxonomy":"product_cat","embeddable":true,"href":"https:\/\/paradiznik.si\/de\/wp-json\/wp\/v2\/product_cat?post=7007"},{"taxonomy":"product_tag","embeddable":true,"href":"https:\/\/paradiznik.si\/de\/wp-json\/wp\/v2\/product_tag?post=7007"}],"curies":[{"name":"wp","href":"https:\/\/api.w.org\/{rel}","templated":true}]}}