{"id":6568,"date":"2025-06-18T21:49:16","date_gmt":"2025-06-18T19:49:16","guid":{"rendered":"https:\/\/paradiznik.si\/?post_type=product&#038;p=6568"},"modified":"2026-03-28T19:53:45","modified_gmt":"2026-03-28T18:53:45","slug":"drevesni-paradiznik","status":"publish","type":"product","link":"https:\/\/paradiznik.si\/de\/produkt\/drevesni-paradiznik\/","title":{"rendered":"Tamarillo - Arboreal paradi\u017enik (S\u00e4mling)"},"content":{"rendered":"<p><strong data-start=\"210\" data-end=\"223\">Tamarillo<\/strong>, auch bekannt als <strong data-start=\"239\" data-end=\"262\">Baum paradi\u017enik<\/strong>, Ist <strong data-start=\"267\" data-end=\"303\">exotische Fr\u00fcchte aus S\u00fcdamerika<\/strong>, Die Pflanze besticht durch ihren einzigartigen Geschmack und ihr attraktives Aussehen. Sie geh\u00f6rt zur Familie der Nelkengew\u00e4chse. <strong data-start=\"387\" data-end=\"416\">Nachtschattengew\u00e4chse (Solanaceae)<\/strong>, ist verwandt <strong data-start=\"429\" data-end=\"467\">paradi\u017eniku, Kartoffeln und Auberginen<\/strong>. Ihr <strong data-start=\"475\" data-end=\"493\">ovale Fr\u00fcchte<\/strong> Sie haben einen intensiven Geschmack und sind ein wahrer Genuss f\u00fcr Liebhaber exotischer Gem\u00fcsesorten.<\/p>\n<p>Die Fr\u00fcchte haben <strong data-start=\"616\" data-end=\"647\">leicht s\u00fc\u00df-saurer Geschmack<\/strong>, was an erinnert <strong data-start=\"664\" data-end=\"717\">eine Kombination aus paradi\u017enika, Passionsfrucht und Beeren<\/strong>. Die Schale ist leicht bitter, daher wird sie \u00fcblicherweise roh gegessen. <strong data-start=\"769\" data-end=\"818\">nur der weiche Kern mit kleinen essbaren Samen<\/strong>.<\/p>\n<p>Tamarillo ist vielseitig:<\/p>\n<ul data-start=\"860\" data-end=\"1030\">\n<li data-start=\"860\" data-end=\"904\">\n<p data-start=\"862\" data-end=\"904\">frisch, halbiert und mit einem L\u00f6ffel serviert<\/p>\n<\/li>\n<li data-start=\"905\" data-end=\"945\">\n<p data-start=\"907\" data-end=\"945\"><strong data-start=\"907\" data-end=\"943\">Smoothies, Fruchtsalate und Desserts<\/strong><\/p>\n<\/li>\n<li data-start=\"946\" data-end=\"977\">\n<p data-start=\"948\" data-end=\"977\"><strong data-start=\"948\" data-end=\"975\">Marmeladen, So\u00dfen, Salsas<\/strong><\/p>\n<\/li>\n<li data-start=\"978\" data-end=\"1030\">\n<p data-start=\"980\" data-end=\"1030\">als Erg\u00e4nzung zu <strong data-start=\"994\" data-end=\"1028\">Fleischgerichte und K\u00e4seplatten<\/strong><\/p>\n<\/li>\n<\/ul>\n<p data-start=\"1063\" data-end=\"1306\">Tamarillo ist <strong data-start=\"1076\" data-end=\"1110\">schnellwachsender subtropischer Baum<\/strong>, das an warmen Orten w\u00e4chst zu <strong data-start=\"1141\" data-end=\"1159\">4 Meter hoch<\/strong>. In unserem Klima wird es oft angebaut <strong data-start=\"1196\" data-end=\"1208\">in T\u00f6pfen<\/strong>, Da es keine K\u00e4lte vertr\u00e4gt, \u00fcberwintert es bei Temperaturen \u00fcber <strong data-start=\"1263\" data-end=\"1271\">5 \u00b0C<\/strong>, in der Regel in Innenr\u00e4umen.<\/p>\n<p data-start=\"1308\" data-end=\"1397\">Die Pflanze beginnt Fr\u00fcchte zu tragen. <strong data-start=\"1332\" data-end=\"1371\">Ende des ersten Jahres oder im zweiten Jahr<\/strong>, wenn die Bedingungen stimmen.<\/p>","protected":false},"excerpt":{"rendered":"<ul>\n<li data-start=\"2421\" data-end=\"2463\">\n<p data-start=\"2423\" data-end=\"2463\"><strong data-start=\"2423\" data-end=\"2442\">Wissenschaftlicher Name:<\/strong> <em data-start=\"2443\" data-end=\"2461\">Solanum betaceum<\/em><\/p>\n<\/li>\n<li data-start=\"2464\" data-end=\"2552\">\n<p data-start=\"2466\" data-end=\"2552\"><strong data-start=\"2466\" data-end=\"2476\">Farbe:<\/strong> Schale gelb-orange bis dunkelrot, Inneres orange-gelb oder rot<\/p>\n<\/li>\n<li data-start=\"2553\" data-end=\"2575\">\n<p data-start=\"2555\" data-end=\"2575\"><strong>Reifungszeit:<\/strong> sp\u00e4t<\/p>\n<\/li>\n<li data-start=\"2576\" data-end=\"2589\">\n<p data-start=\"2578\" data-end=\"2589\"><strong>Gr\u00f6\u00dfe der Setzlinge bei Lieferung: <\/strong>20 cm (1 Jahr alter S\u00e4mling)<\/p>\n<\/li>\n<li data-start=\"2590\" data-end=\"2627\">\n<p data-start=\"2592\" data-end=\"2627\"><strong>Wachstum<\/strong>: (Strauch oder kleiner Baum)<\/p>\n<\/li>\n<li data-start=\"2628\" data-end=\"2659\">\n<p data-start=\"2630\" data-end=\"2659\"><strong>Herkunft:<\/strong> S\u00fcdamerika (Anden)<\/p>\n<\/li>\n<\/ul>\n<p><span style=\"color: #ff0000\"><strong>Vorbestellung, die Setzlinge werden nach dem 1.5.2026 versandt.<\/strong><\/span><\/p>","protected":false},"featured_media":6569,"template":"","meta":{"_mo_disable_npp":""},"product_brand":[],"product_cat":[85,139,81],"product_tag":[],"class_list":{"0":"post-6568","1":"product","2":"type-product","3":"status-publish","4":"has-post-thumbnail","6":"product_cat-akcijska-ponudba","7":"product_cat-eksoticne-rastline","8":"product_cat-sadike","10":"first","11":"instock","12":"featured","13":"shipping-taxable","14":"purchasable","15":"product-type-simple"},"_links":{"self":[{"href":"https:\/\/paradiznik.si\/de\/wp-json\/wp\/v2\/product\/6568","targetHints":{"allow":["GET"]}}],"collection":[{"href":"https:\/\/paradiznik.si\/de\/wp-json\/wp\/v2\/product"}],"about":[{"href":"https:\/\/paradiznik.si\/de\/wp-json\/wp\/v2\/types\/product"}],"wp:featuredmedia":[{"embeddable":true,"href":"https:\/\/paradiznik.si\/de\/wp-json\/wp\/v2\/media\/6569"}],"wp:attachment":[{"href":"https:\/\/paradiznik.si\/de\/wp-json\/wp\/v2\/media?parent=6568"}],"wp:term":[{"taxonomy":"product_brand","embeddable":true,"href":"https:\/\/paradiznik.si\/de\/wp-json\/wp\/v2\/product_brand?post=6568"},{"taxonomy":"product_cat","embeddable":true,"href":"https:\/\/paradiznik.si\/de\/wp-json\/wp\/v2\/product_cat?post=6568"},{"taxonomy":"product_tag","embeddable":true,"href":"https:\/\/paradiznik.si\/de\/wp-json\/wp\/v2\/product_tag?post=6568"}],"curies":[{"name":"wp","href":"https:\/\/api.w.org\/{rel}","templated":true}]}}