{"id":5954,"date":"2025-02-22T20:44:53","date_gmt":"2025-02-22T19:44:53","guid":{"rendered":"https:\/\/paradiznik.si\/?post_type=product&#038;p=5954"},"modified":"2026-04-28T19:34:27","modified_gmt":"2026-04-28T17:34:27","slug":"buca-violina","status":"publish","type":"product","link":"https:\/\/paradiznik.si\/de\/produkt\/buca-violina\/","title":{"rendered":"K\u00fcrbis \u2013 VIOLINE"},"content":{"rendered":"<p data-start=\"0\" data-end=\"502\">K\u00fcrbis <strong data-start=\"25\" data-end=\"36\">Violine<\/strong> (<em data-start=\"38\" data-end=\"58\">Cucurbita moschata<\/em>) ist eine der beliebtesten alten Sorten der Zuckermelone und wird f\u00fcr ihre <strong data-start=\"139\" data-end=\"210\">S\u00fc\u00dfe, hervorragendes Aroma und au\u00dfergew\u00f6hnliche Lagerstabilit\u00e4t<\/strong>. Name <em data-start=\"216\" data-end=\"225\">Violine<\/em> leitet sich von seiner charakteristischen Form ab, die einer \u00e4hnelt <strong data-start=\"274\" data-end=\"301\">Geige oder Sanduhr<\/strong> \u2013 die Fr\u00fcchte sind <strong data-start=\"315\" data-end=\"348\" data-is-only-node=\"\">l\u00e4nglich, leicht gebogen<\/strong>, Die Schale ist mit einer leicht gerippten, gelegentlich faltigen Oberfl\u00e4che versehen. <strong data-start=\"405\" data-end=\"430\">Hellorange bis Beige<\/strong>, und Fleisch <strong data-start=\"440\" data-end=\"499\">Tieforange, sehr dickfl\u00fcssig, buttrig und ausgesprochen s\u00fc\u00df<\/strong>.<\/p>\n<p data-start=\"504\" data-end=\"736\">Die Geige eignet sich hervorragend f\u00fcr <strong data-start=\"526\" data-end=\"578\">Backwaren, Suppen, P\u00fcrees, Pasta, Risotto, Marmeladen<\/strong>, Sie eignet sich sowohl f\u00fcr Desserts als auch f\u00fcr andere Gerichte, da sie von Natur aus einen hohen Zuckergehalt hat. Das Fruchtfleisch enth\u00e4lt wenig Feuchtigkeit, zerf\u00e4llt daher beim Kochen nicht und beh\u00e4lt eine angenehme Konsistenz.<\/p>\n<p data-start=\"738\" data-end=\"1102\">Die Pflanze ist <strong data-start=\"750\" data-end=\"768\">\u00fcppig, kriechend<\/strong>, Triebe k\u00f6nnen erreichen <strong data-start=\"794\" data-end=\"810\">bis zu 3\u20134 Meter<\/strong>, Es ben\u00f6tigt daher gen\u00fcgend Platz auf der Welle. Felgen. <strong data-start=\"860\" data-end=\"877\">mittel bis sp\u00e4t<\/strong>, etwa <strong data-start=\"889\" data-end=\"912\">95\u2013110 Tage nach der Aussaat<\/strong>, und die Fr\u00fcchte sind schwer <strong data-start=\"934\" data-end=\"944\">3\u20136 kg<\/strong>, und bei guter Pflege sogar noch mehr. Die Vielfalt wird deshalb gesch\u00e4tzt, weil <strong data-start=\"1007\" data-end=\"1036\">H\u00e4lt sich mehrere Monate lang gut.<\/strong>, oft bis zum Fr\u00fchling, und der Geschmack verbessert sich dann noch weiter.<\/p>","protected":false},"excerpt":{"rendered":"<ul>\n<li data-start=\"1109\" data-end=\"1153\">\n<p data-start=\"1111\" data-end=\"1153\"><strong data-start=\"1111\" data-end=\"1130\">Wissenschaftlicher Name:<\/strong> <em data-start=\"1131\" data-end=\"1151\">Cucurbita moschata<\/em><\/p>\n<\/li>\n<li data-start=\"1154\" data-end=\"1211\">\n<p data-start=\"1156\" data-end=\"1211\"><strong data-start=\"1156\" data-end=\"1166\">Farbe:<\/strong> Schale hellorange bis beige; Fruchtfleisch orange<\/p>\n<\/li>\n<li data-start=\"1212\" data-end=\"1278\">\n<p data-start=\"1214\" data-end=\"1278\"><strong data-start=\"1214\" data-end=\"1230\">Reifungszeit:<\/strong> Etwa 95\u2013110 Tage nach der Aussaat (mittelsp\u00e4t)<\/p>\n<\/li>\n<li data-start=\"1279\" data-end=\"1302\">\n<p data-start=\"1281\" data-end=\"1302\"><strong data-start=\"1281\" data-end=\"1294\">Menge:<\/strong> 6 10 Samen<\/p>\n<\/li>\n<li data-start=\"1303\" data-end=\"1339\">\n<p data-start=\"1305\" data-end=\"1339\"><strong data-start=\"1305\" data-end=\"1314\">Wachstum:<\/strong> \u00dcppig, kriechend (3\u20134 m)<\/p>\n<\/li>\n<li data-start=\"1340\" data-end=\"1362\">\n<p data-start=\"1342\" data-end=\"1362\"><strong data-start=\"1342\" data-end=\"1352\">Herkunft:<\/strong> Italien<\/p>\n<\/li>\n<\/ul>","protected":false},"featured_media":5955,"template":"","meta":{"_mo_disable_npp":""},"product_brand":[],"product_cat":[78,127,71],"product_tag":[],"class_list":{"0":"post-5954","1":"product","2":"type-product","3":"status-publish","4":"has-post-thumbnail","6":"product_cat-bucke-in-kumare","7":"product_cat-novo","8":"product_cat-semena","10":"first","11":"instock","12":"shipping-taxable","13":"purchasable","14":"product-type-simple"},"_links":{"self":[{"href":"https:\/\/paradiznik.si\/de\/wp-json\/wp\/v2\/product\/5954","targetHints":{"allow":["GET"]}}],"collection":[{"href":"https:\/\/paradiznik.si\/de\/wp-json\/wp\/v2\/product"}],"about":[{"href":"https:\/\/paradiznik.si\/de\/wp-json\/wp\/v2\/types\/product"}],"wp:featuredmedia":[{"embeddable":true,"href":"https:\/\/paradiznik.si\/de\/wp-json\/wp\/v2\/media\/5955"}],"wp:attachment":[{"href":"https:\/\/paradiznik.si\/de\/wp-json\/wp\/v2\/media?parent=5954"}],"wp:term":[{"taxonomy":"product_brand","embeddable":true,"href":"https:\/\/paradiznik.si\/de\/wp-json\/wp\/v2\/product_brand?post=5954"},{"taxonomy":"product_cat","embeddable":true,"href":"https:\/\/paradiznik.si\/de\/wp-json\/wp\/v2\/product_cat?post=5954"},{"taxonomy":"product_tag","embeddable":true,"href":"https:\/\/paradiznik.si\/de\/wp-json\/wp\/v2\/product_tag?post=5954"}],"curies":[{"name":"wp","href":"https:\/\/api.w.org\/{rel}","templated":true}]}}