{"id":5917,"date":"2025-02-19T23:33:47","date_gmt":"2025-02-19T22:33:47","guid":{"rendered":"https:\/\/paradiznik.si\/?post_type=product&#038;p=5917"},"modified":"2026-03-29T22:20:38","modified_gmt":"2026-03-29T20:20:38","slug":"paradiznik-montecarlo","status":"publish","type":"product","link":"https:\/\/paradiznik.si\/de\/produkt\/paradiznik-montecarlo\/","title":{"rendered":"Tomate \u2013 Montecarlo F1"},"content":{"rendered":"<p data-start=\"0\" data-end=\"89\"><strong data-start=\"0\" data-end=\"87\">Tomate \u201cMONTECARLO F1\u201d \u2013 eine klassische, glatte, runde Sorte mit leuchtend roten Fr\u00fcchten<\/strong><\/p>\n<p data-start=\"91\" data-end=\"361\"><strong data-start=\"91\" data-end=\"108\">MONTECARLO F1<\/strong> ist eine der \u00e4ltesten und wertvollsten Hybridsorten. <em data-start=\"164\" data-end=\"196\">rund glatt paradi\u017enika<\/em>, Die Pflanze ist bekannt f\u00fcr ihre au\u00dfergew\u00f6hnlichen organoleptischen Eigenschaften. <strong data-start=\"256\" data-end=\"282\">von unbestimmtem Typ<\/strong>, mit \u00fcppigem Wachstum, \u00fcppigem Laubwerk und gleichm\u00e4\u00dfig verteilten B\u00f6den.<\/p>","protected":false},"excerpt":{"rendered":"<ul>\n<li data-start=\"390\" data-end=\"442\"><strong data-start=\"392\" data-end=\"411\">Kugelform<\/strong> mit einer vollkommen glatten Oberfl\u00e4che.<\/li>\n<li data-start=\"443\" data-end=\"500\"><strong data-start=\"445\" data-end=\"478\">Leuchtend rote und gl\u00e4nzende Schale<\/strong> bei voller Reife.<\/li>\n<li data-start=\"501\" data-end=\"538\"><strong data-start=\"503\" data-end=\"536\">Fruchtgewicht zwischen 270 und 320 g.<\/strong><\/li>\n<li data-start=\"501\" data-end=\"538\"><strong>1 g = 290 \u2013 350 Samen<\/strong><\/li>\n<\/ul>\n<p data-start=\"689\" data-end=\"719\"><strong data-start=\"691\" data-end=\"717\">Hoher Widerstand (HR):<\/strong><\/p>\n<ul data-start=\"720\" data-end=\"1133\">\n<li data-start=\"720\" data-end=\"812\"><strong data-start=\"722\" data-end=\"747\">V (Verticillium spp.)<\/strong> \u2013 verhindert das Welken der Pflanzen durch Verstopfung der Leitgewebe.<\/li>\n<li data-start=\"813\" data-end=\"910\"><strong data-start=\"815\" data-end=\"870\">F:2 (Fusarium oxysporum f. sp. lycopersici, Rasse 2)<\/strong> \u2013 resistent gegen Fusariumwelke.<\/li>\n<li data-start=\"911\" data-end=\"1011\"><strong data-start=\"913\" data-end=\"948\">N (Nematoden \u2013 Meloidogyne spp.)<\/strong> \u2013 sch\u00fctzt vor Sch\u00e4den am Wurzelsystem durch Nematoden.<\/li>\n<li data-start=\"1012\" data-end=\"1133\"><strong data-start=\"1014\" data-end=\"1049\">T (Tabakmosaikvirus \u2013 ToMV)<\/strong> \u2013 Resistenz gegen das Tabakmosaikvirus, das Blatt- und Fruchtdeformationen verursacht.<\/li>\n<\/ul>\n<p><strong>Menge<\/strong>10 Samen<\/p>\n<p><span style=\"color: #ff0000\"><strong>F\u00fcr professionelle Anwender sind auch gr\u00f6\u00dfere Packungen (\u00fcber 100 Samen) erh\u00e4ltlich. Weitere Informationen und eine Preisliste erhalten Sie unter info@paradiznik.si oder +39 051 844 794.<\/strong><\/span><\/p>","protected":false},"featured_media":5920,"template":"","meta":{"_mo_disable_npp":""},"product_brand":[],"product_cat":[127,72,131,71],"product_tag":[],"class_list":{"0":"post-5917","1":"product","2":"type-product","3":"status-publish","4":"has-post-thumbnail","6":"product_cat-novo","7":"product_cat-paradizniki","8":"product_cat-profesionalna-semena","9":"product_cat-semena","10":"pa_kolicina-semna-10-g","11":"pa_kolicina-semna-10-semen","12":"pa_kolicina-semna-5-g","14":"first","15":"instock","16":"shipping-taxable","17":"purchasable","18":"product-type-simple"},"_links":{"self":[{"href":"https:\/\/paradiznik.si\/de\/wp-json\/wp\/v2\/product\/5917","targetHints":{"allow":["GET"]}}],"collection":[{"href":"https:\/\/paradiznik.si\/de\/wp-json\/wp\/v2\/product"}],"about":[{"href":"https:\/\/paradiznik.si\/de\/wp-json\/wp\/v2\/types\/product"}],"wp:featuredmedia":[{"embeddable":true,"href":"https:\/\/paradiznik.si\/de\/wp-json\/wp\/v2\/media\/5920"}],"wp:attachment":[{"href":"https:\/\/paradiznik.si\/de\/wp-json\/wp\/v2\/media?parent=5917"}],"wp:term":[{"taxonomy":"product_brand","embeddable":true,"href":"https:\/\/paradiznik.si\/de\/wp-json\/wp\/v2\/product_brand?post=5917"},{"taxonomy":"product_cat","embeddable":true,"href":"https:\/\/paradiznik.si\/de\/wp-json\/wp\/v2\/product_cat?post=5917"},{"taxonomy":"product_tag","embeddable":true,"href":"https:\/\/paradiznik.si\/de\/wp-json\/wp\/v2\/product_tag?post=5917"}],"curies":[{"name":"wp","href":"https:\/\/api.w.org\/{rel}","templated":true}]}}