{"id":5818,"date":"2025-02-17T22:17:52","date_gmt":"2025-02-17T21:17:52","guid":{"rendered":"https:\/\/paradiznik.si\/?post_type=product&#038;p=5818"},"modified":"2026-02-06T20:40:49","modified_gmt":"2026-02-06T19:40:49","slug":"paprika_el_real_f1","status":"publish","type":"product","link":"https:\/\/paradiznik.si\/de\/produkt\/paprika_el_real_f1\/","title":{"rendered":"Pepper-El Real F1"},"content":{"rendered":"<p data-start=\"63\" data-end=\"562\"><strong data-start=\"72\" data-end=\"86\">Die echte Formel 1<\/strong> ist eine hochwertige Hybrid-Sorte der quadratischen roten Paprika, die sich durch Folgendes auszeichnet <strong data-start=\"157\" data-end=\"176\">kompaktes Wachstum<\/strong>, <strong data-start=\"178\" data-end=\"198\">st\u00e4ndige Bl\u00fcte<\/strong> Und <strong data-start=\"202\" data-end=\"222\">hoher Ertrag<\/strong>. Sein <strong data-start=\"232\" data-end=\"300\">einheitliche, dreieckige oder quadratisch gelappte Fr\u00fcchte (11 \u00d7 11 cm)<\/strong> Sie haben eine glatte, gl\u00e4nzende Haut, die sich allm\u00e4hlich von Gr\u00fcn zu einem intensiven Rot ver\u00e4ndert. <strong data-start=\"387\" data-end=\"415\">Dichter und fleischiger Kern<\/strong> Es bietet einen hervorragenden Geschmack und vielf\u00e4ltige kulinarische Verwendungsm\u00f6glichkeiten. Dank seiner Anpassungsf\u00e4higkeit eignet es sich sowohl f\u00fcr den Anbau im Freien als auch im Gew\u00e4chshaus.<\/p>\n<p data-start=\"564\" data-end=\"592\"><strong data-start=\"567\" data-end=\"590\">Hauptmerkmale:<\/strong><\/p>\n<ul data-start=\"593\" data-end=\"1201\">\n<li data-start=\"593\" data-end=\"674\"><strong data-start=\"595\" data-end=\"629\">Hybrid-Profi-Sorte<\/strong> \u2013 ausgezeichnete Qualit\u00e4t und Homogenit\u00e4t der Ernte.<\/li>\n<li data-start=\"675\" data-end=\"758\"><strong data-start=\"677\" data-end=\"697\">Intensive Farbe<\/strong> \u2013 leicht irisierender Rotton f\u00fcr eine ansprechende Pr\u00e4sentation.<\/li>\n<li data-start=\"759\" data-end=\"807\"><strong data-start=\"761\" data-end=\"780\">Elegantes Erscheinungsbild<\/strong> \u2013 glatte, gl\u00e4nzende Schale.<\/li>\n<li data-start=\"808\" data-end=\"879\"><strong data-start=\"810\" data-end=\"832\">Kompakte Anlage<\/strong> \u2013 gleichm\u00e4\u00dfige Entwicklung und st\u00e4ndige Fruchtbildung.<\/li>\n<li data-start=\"880\" data-end=\"932\"><strong data-start=\"882\" data-end=\"900\">Hohe Fruchtbarkeit<\/strong> \u2013 reiche und stabile Ernte.<\/li>\n<li data-start=\"933\" data-end=\"1005\"><strong data-start=\"935\" data-end=\"964\">Dicker und fleischiger Kern<\/strong> \u2013 au\u00dfergew\u00f6hnlicher Geschmack und vielseitige Einsatzm\u00f6glichkeiten.<\/li>\n<li data-start=\"1006\" data-end=\"1078\"><strong data-start=\"1008\" data-end=\"1033\">Adaptive Kultivierung<\/strong> \u2013 geeignet f\u00fcr Gew\u00e4chsh\u00e4user und Freilandfl\u00e4chen.<\/li>\n<\/ul>\n<p data-start=\"328\" data-end=\"360\">","protected":false},"excerpt":{"rendered":"<p data-start=\"37\" data-end=\"87\"><strong data-start=\"40\" data-end=\"85\">Hohe (HR) und mittlere (IR) Resistenz gegen\u00fcber:<\/strong><\/p>\n<ul data-start=\"88\" data-end=\"308\">\n<li data-start=\"88\" data-end=\"190\"><strong data-start=\"90\" data-end=\"114\">PVY (Kartoffelvirus Y)<\/strong> \u2013 ein Virus, das Mosaikmuster auf den Bl\u00e4ttern verursacht und zu Ertragseinbu\u00dfen f\u00fchren kann.<\/li>\n<li data-start=\"191\" data-end=\"308\"><strong data-start=\"193\" data-end=\"223\">TMV (Tabakmosaikvirus)<\/strong> \u2013 Tabakmosaikvirus, das Blattdeformationen verursacht und das Pflanzenwachstum hemmt.<\/li>\n<\/ul>\n<p data-start=\"310\" data-end=\"466\" data-is-last-node=\"\">Diese Widerst\u00e4nde erm\u00f6glichen <strong data-start=\"334\" data-end=\"394\">gesundes Wachstum, stabiler Ertrag und hohe Fruchtqualit\u00e4t<\/strong>, Dies ist der Schl\u00fcssel f\u00fcr den erfolgreichen Anbau in Gew\u00e4chsh\u00e4usern und im Freien.<\/p>\n<p data-start=\"310\" data-end=\"466\" data-is-last-node=\"\"><strong>Menge<\/strong>10 Samen<\/p>\n<p><span style=\"color: #ff0000\"><strong>F\u00fcr professionelle Anwender sind auch gr\u00f6\u00dfere Packungen (\u00fcber 100 Samen) erh\u00e4ltlich. Weitere Informationen und eine Preisliste erhalten Sie unter info@paradiznik.si oder +39 051 844 794.<\/strong><\/span><\/p>","protected":false},"featured_media":5821,"template":"","meta":{"_mo_disable_npp":""},"product_brand":[],"product_cat":[114,131,71],"product_tag":[],"class_list":{"0":"post-5818","1":"product","2":"type-product","3":"status-publish","4":"has-post-thumbnail","6":"product_cat-paprike","7":"product_cat-profesionalna-semena","8":"product_cat-semena","10":"first","11":"outofstock","12":"shipping-taxable","13":"purchasable","14":"product-type-simple"},"_links":{"self":[{"href":"https:\/\/paradiznik.si\/de\/wp-json\/wp\/v2\/product\/5818","targetHints":{"allow":["GET"]}}],"collection":[{"href":"https:\/\/paradiznik.si\/de\/wp-json\/wp\/v2\/product"}],"about":[{"href":"https:\/\/paradiznik.si\/de\/wp-json\/wp\/v2\/types\/product"}],"wp:featuredmedia":[{"embeddable":true,"href":"https:\/\/paradiznik.si\/de\/wp-json\/wp\/v2\/media\/5821"}],"wp:attachment":[{"href":"https:\/\/paradiznik.si\/de\/wp-json\/wp\/v2\/media?parent=5818"}],"wp:term":[{"taxonomy":"product_brand","embeddable":true,"href":"https:\/\/paradiznik.si\/de\/wp-json\/wp\/v2\/product_brand?post=5818"},{"taxonomy":"product_cat","embeddable":true,"href":"https:\/\/paradiznik.si\/de\/wp-json\/wp\/v2\/product_cat?post=5818"},{"taxonomy":"product_tag","embeddable":true,"href":"https:\/\/paradiznik.si\/de\/wp-json\/wp\/v2\/product_tag?post=5818"}],"curies":[{"name":"wp","href":"https:\/\/api.w.org\/{rel}","templated":true}]}}