{"id":5721,"date":"2025-02-09T21:20:08","date_gmt":"2025-02-09T20:20:08","guid":{"rendered":"https:\/\/paradiznik.si\/?post_type=product&#038;p=5721"},"modified":"2026-03-03T23:23:44","modified_gmt":"2026-03-03T22:23:44","slug":"vermikulit","status":"publish","type":"product","link":"https:\/\/paradiznik.si\/de\/produkt\/vermikulit\/","title":{"rendered":"Vermiculit"},"content":{"rendered":"<p><strong>Vermiculit<\/strong> Es handelt sich um ein nat\u00fcrliches Mineral, das aufgrund seiner F\u00e4higkeit, Wasser zu speichern, die Bodenstruktur zu verbessern und N\u00e4hrstoffe zu binden, h\u00e4ufig im Gartenbau und Pflanzenanbau eingesetzt wird. Es wird aus nat\u00fcrlichen Silikatmineralien gewonnen und quillt beim Erhitzen zu leichten, por\u00f6sen Partikeln auf.<\/p>\n<h3><strong>Haupteigenschaften von Vermiculit:<\/strong><\/h3>\n<ul>\n<li><strong>Wassereinlagerung<\/strong>Es kann ein Vielfaches seines Eigengewichts an Wasser aufnehmen, was dazu beitr\u00e4gt, die Feuchtigkeit im Boden zu speichern.<\/li>\n<li><strong>Luftigkeit<\/strong>Verbessert die Bodenstruktur und erm\u00f6glicht den Wurzeln einen leichteren Zugang zu Sauerstoff.<\/li>\n<li><strong>Neutraler pH-Wert<\/strong>Beeinflusst weder den S\u00e4ure- noch den Alkalit\u00e4tsgrad des Bodens.<\/li>\n<li><strong>N\u00e4hrstoffretention<\/strong>Absorbiert und gibt langsam wichtige Mineralien wie Kalium, Magnesium und Kalzium wieder ab.<\/li>\n<li><strong>Steril und leicht<\/strong>Es enth\u00e4lt keine Krankheiten oder Sch\u00e4dlinge und beschwert den Boden nicht.<\/li>\n<\/ul>\n<h3><strong>Verwendungsm\u00f6glichkeiten von Vermiculit im Gartenbau:<\/strong><\/h3>\n<ul>\n<li><strong>Als Substratzusatz<\/strong> zur Verbesserung der Bel\u00fcftung und Wasserspeicherung bei Topfpflanzen.<\/li>\n<li><strong>Zur Samenkeimung<\/strong>, da es optimale Bedingungen f\u00fcr das Wachstum junger Pflanzen bietet.<\/li>\n<li><strong>Beim Bewurzeln von Stecklingen<\/strong>, weil es F\u00e4ulnis verhindert und f\u00fcr gleichm\u00e4\u00dfige Feuchtigkeit sorgt.<\/li>\n<li><strong>Als Bodenverbesserer<\/strong> in G\u00e4rten, insbesondere auf sandigen oder lehmigen B\u00f6den.<\/li>\n<li><strong>In der Hydrokultur<\/strong> als Medium f\u00fcr Pflanzen, die nicht in Erde wachsen.<\/li>\n<\/ul>\n<p>Vermiculit eignet sich besonders f\u00fcr Pflanzen, die eine gleichm\u00e4\u00dfige Feuchtigkeit ben\u00f6tigen, wie z. B. Zimmerpflanzen, Gem\u00fcse und Blumen.<\/p>","protected":false},"excerpt":{"rendered":"<p><strong>Volumen 3, 5 und 10 Liter<\/strong><\/p>","protected":false},"featured_media":5724,"template":"","meta":{"_mo_disable_npp":""},"product_brand":[],"product_cat":[82],"product_tag":[],"class_list":{"0":"post-5721","1":"product","2":"type-product","3":"status-publish","4":"has-post-thumbnail","6":"product_cat-pripomocki-in-gnojila","8":"first","9":"outofstock","10":"shipping-taxable","11":"product-type-variable"},"_links":{"self":[{"href":"https:\/\/paradiznik.si\/de\/wp-json\/wp\/v2\/product\/5721","targetHints":{"allow":["GET"]}}],"collection":[{"href":"https:\/\/paradiznik.si\/de\/wp-json\/wp\/v2\/product"}],"about":[{"href":"https:\/\/paradiznik.si\/de\/wp-json\/wp\/v2\/types\/product"}],"wp:featuredmedia":[{"embeddable":true,"href":"https:\/\/paradiznik.si\/de\/wp-json\/wp\/v2\/media\/5724"}],"wp:attachment":[{"href":"https:\/\/paradiznik.si\/de\/wp-json\/wp\/v2\/media?parent=5721"}],"wp:term":[{"taxonomy":"product_brand","embeddable":true,"href":"https:\/\/paradiznik.si\/de\/wp-json\/wp\/v2\/product_brand?post=5721"},{"taxonomy":"product_cat","embeddable":true,"href":"https:\/\/paradiznik.si\/de\/wp-json\/wp\/v2\/product_cat?post=5721"},{"taxonomy":"product_tag","embeddable":true,"href":"https:\/\/paradiznik.si\/de\/wp-json\/wp\/v2\/product_tag?post=5721"}],"curies":[{"name":"wp","href":"https:\/\/api.w.org\/{rel}","templated":true}]}}