{"id":5589,"date":"2025-01-26T14:04:00","date_gmt":"2025-01-26T13:04:00","guid":{"rendered":"https:\/\/paradiznik.si\/?post_type=product&#038;p=5589"},"modified":"2026-03-27T11:27:50","modified_gmt":"2026-03-27T10:27:50","slug":"paradiznik-gnocchi-di-limone","status":"publish","type":"product","link":"https:\/\/paradiznik.si\/de\/produkt\/paradiznik-gnocchi-di-limone\/","title":{"rendered":"Tomaten - Gnocchi di Limone"},"content":{"rendered":"<p data-start=\"418\" data-end=\"781\">Tomaten <strong data-start=\"429\" data-end=\"450\">Zitronengnocchi<\/strong> ist selten und dekorativ <strong data-start=\"475\" data-end=\"519\">Italienische Kirschsorte paradi\u017enika<\/strong>, bekannt f\u00fcr seine winzigen, <strong data-start=\"546\" data-end=\"576\">Zitronengelbe Fr\u00fcchte<\/strong> und angenehm <strong data-start=\"589\" data-end=\"623\">erfrischender, leicht fruchtiger Geschmack<\/strong>. Die Sorte stammt aus Italien, wo sie wegen ihrer Farbenpracht und ihres ausgewogenen, sanft s\u00fc\u00dfen Geschmacks gesch\u00e4tzt wird, der an die Frische von Zitronen erinnert \u2013 daher der Name.<\/p>\n<p data-start=\"783\" data-end=\"1105\">Die Fr\u00fcchte sind <strong data-start=\"794\" data-end=\"814\">klein (15\u201320 g)<\/strong>, Die Pflanze ist gl\u00e4nzend, leicht l\u00e4nglich und hat eine d\u00fcnne Schale. <strong data-start=\"880\" data-end=\"917\">unbestimmt (ben\u00f6tigt Unterst\u00fctzung)<\/strong>, Diese Sorte ist sehr ertragreich und eignet sich sowohl f\u00fcr den Anbau im Gew\u00e4chshaus als auch im Freien an warmen Standorten. Aufgrund ihrer au\u00dfergew\u00f6hnlichen Farbe und ihres angenehmen Geschmacks ist sie hervorragend geeignet f\u00fcr <strong data-start=\"1059\" data-end=\"1084\">Salate, frische Verwendung<\/strong> Und <strong data-start=\"1088\" data-end=\"1102\">Dekoration<\/strong>.<\/p>","protected":false},"excerpt":{"rendered":"<ul>\n<li data-start=\"1133\" data-end=\"1179\">\n<p data-start=\"1135\" data-end=\"1179\"><strong data-start=\"1135\" data-end=\"1154\">Wissenschaftlicher Name:<\/strong> <em data-start=\"1155\" data-end=\"1177\">Solanum lycopersicum<\/em><\/p>\n<\/li>\n<li data-start=\"1180\" data-end=\"1211\">\n<p data-start=\"1182\" data-end=\"1211\"><strong data-start=\"1182\" data-end=\"1192\">Farbe:<\/strong> Zitronengelb<\/p>\n<\/li>\n<li data-start=\"1212\" data-end=\"1274\">\n<p data-start=\"1214\" data-end=\"1274\"><strong data-start=\"1214\" data-end=\"1230\">Reifungszeit:<\/strong> Mittelfr\u00fch (70\u201375 Tage nach der Transplantation)<\/p>\n<\/li>\n<li data-start=\"1275\" data-end=\"1304\">\n<p data-start=\"1277\" data-end=\"1304\"><strong data-start=\"1277\" data-end=\"1290\">Menge:<\/strong> 10-20 Samen<\/p>\n<\/li>\n<li data-start=\"1305\" data-end=\"1352\">\n<p data-start=\"1307\" data-end=\"1352\"><strong data-start=\"1307\" data-end=\"1316\">Wachstum:<\/strong> Unbestimmt (Unterst\u00fctzung erforderlich)<\/p>\n<\/li>\n<li data-start=\"1353\" data-end=\"1375\">\n<p data-start=\"1355\" data-end=\"1375\"><strong data-start=\"1355\" data-end=\"1365\">Herkunft:<\/strong> Italien<\/p>\n<\/li>\n<\/ul>","protected":false},"featured_media":5591,"template":"","meta":{"_mo_disable_npp":""},"product_brand":[],"product_cat":[127,72,156,71],"product_tag":[],"class_list":{"0":"post-5589","1":"product","2":"type-product","3":"status-publish","4":"has-post-thumbnail","6":"product_cat-novo","7":"product_cat-paradizniki","8":"product_cat-slovenija","9":"product_cat-semena","10":"pa_barva-rumena","11":"pa_cas-zorenja-zgodnje","13":"first","14":"instock","15":"shipping-taxable","16":"purchasable","17":"product-type-simple"},"_links":{"self":[{"href":"https:\/\/paradiznik.si\/de\/wp-json\/wp\/v2\/product\/5589","targetHints":{"allow":["GET"]}}],"collection":[{"href":"https:\/\/paradiznik.si\/de\/wp-json\/wp\/v2\/product"}],"about":[{"href":"https:\/\/paradiznik.si\/de\/wp-json\/wp\/v2\/types\/product"}],"wp:featuredmedia":[{"embeddable":true,"href":"https:\/\/paradiznik.si\/de\/wp-json\/wp\/v2\/media\/5591"}],"wp:attachment":[{"href":"https:\/\/paradiznik.si\/de\/wp-json\/wp\/v2\/media?parent=5589"}],"wp:term":[{"taxonomy":"product_brand","embeddable":true,"href":"https:\/\/paradiznik.si\/de\/wp-json\/wp\/v2\/product_brand?post=5589"},{"taxonomy":"product_cat","embeddable":true,"href":"https:\/\/paradiznik.si\/de\/wp-json\/wp\/v2\/product_cat?post=5589"},{"taxonomy":"product_tag","embeddable":true,"href":"https:\/\/paradiznik.si\/de\/wp-json\/wp\/v2\/product_tag?post=5589"}],"curies":[{"name":"wp","href":"https:\/\/api.w.org\/{rel}","templated":true}]}}