{"id":5568,"date":"2025-01-22T23:00:06","date_gmt":"2025-01-22T22:00:06","guid":{"rendered":"https:\/\/paradiznik.si\/?post_type=product&#038;p=5568"},"modified":"2026-02-24T14:52:05","modified_gmt":"2026-02-24T13:52:05","slug":"paradiznik-molovan-green","status":"publish","type":"product","link":"https:\/\/paradiznik.si\/de\/produkt\/paradiznik-molovan-green\/","title":{"rendered":"Tomaten \u2013 Moldawische gr\u00fcne"},"content":{"rendered":"<div class=\"flex-shrink-0 flex flex-col relative items-end\">\n<div class=\"pt-0\">\n<div class=\"gizmo-bot-avatar flex h-8 w-8 items-center justify-center overflow-hidden rounded-full\">\n<div class=\"relative p-1 rounded-sm flex items-center justify-center bg-token-main-surface-primary text-token-text-primary h-8 w-8\">\n<div class=\"flex-shrink-0 flex flex-col relative items-end\">\n<div class=\"pt-0\">\n<div class=\"gizmo-bot-avatar flex h-8 w-8 items-center justify-center overflow-hidden rounded-full\">\n<div class=\"relative p-1 rounded-sm flex items-center justify-center bg-token-main-surface-primary text-token-text-primary h-8 w-8\">\n<p data-start=\"324\" data-end=\"610\">Tomaten <strong data-start=\"335\" data-end=\"353\">Moldawisches Gr\u00fcn<\/strong> Ist <strong data-start=\"357\" data-end=\"384\">alte Sorte<\/strong>, das seinen Ursprung hat in <strong data-start=\"399\" data-end=\"412\">Moldawien<\/strong> und geh\u00f6rt zu den ber\u00fchmtesten <strong data-start=\"440\" data-end=\"470\">gr\u00fcn fleischig paradi\u017enike<\/strong>. Die Sorte wird wegen ihrer <strong data-start=\"504\" data-end=\"551\">extrem reichhaltig, s\u00fc\u00df und voller Geschmack.<\/strong><\/p>\n<p data-start=\"612\" data-end=\"977\">Die Fr\u00fcchte sind <strong data-start=\"623\" data-end=\"663\">mittelgro\u00df bis gro\u00df (200-300 g)<\/strong>, <strong data-start=\"665\" data-end=\"684\">leicht abgeflacht<\/strong>, im Reifestadium <strong data-start=\"702\" data-end=\"727\">Gr\u00fcn-Bernsteinfarben<\/strong> mit einem leichten <strong data-start=\"737\" data-end=\"769\">rosafarbener Schimmer am Stiel<\/strong>. Das Fleisch ist <strong data-start=\"779\" data-end=\"806\">fleischig, saftig und zart<\/strong>, Diese Sorte zeichnet sich durch einen ausgesprochen s\u00fc\u00dfen Geschmack und nahezu keine S\u00e4ure aus und geh\u00f6rt zu den beliebtesten unter den Liebhabern der sogenannten \u201cgr\u00fcnen, wenn reif\u201d paradi\u017enik-Trauben.<\/p>\n<p data-start=\"979\" data-end=\"1239\">Die Pflanze ist <strong data-start=\"991\" data-end=\"1028\">unbestimmt (ben\u00f6tigt Unterst\u00fctzung)<\/strong>, \u00fcppiges Wachstum und sehr hoher Fruchtertrag. Die Reifung ist <strong data-start=\"1068\" data-end=\"1085\">mittel bis sp\u00e4t<\/strong>, etwa <strong data-start=\"1097\" data-end=\"1124\">80\u201385 Tage nach der Transplantation<\/strong>.<\/p>\n<\/div>\n<\/div>\n<\/div>\n<\/div>\n<\/div>\n<\/div>\n<\/div>\n<\/div>","protected":false},"excerpt":{"rendered":"<ul>\n<li data-start=\"1267\" data-end=\"1313\">\n<p data-start=\"1269\" data-end=\"1313\"><strong data-start=\"1269\" data-end=\"1288\">Wissenschaftlicher Name:<\/strong> <em data-start=\"1289\" data-end=\"1311\">Solanum lycopersicum<\/em><\/p>\n<\/li>\n<li data-start=\"1314\" data-end=\"1376\">\n<p data-start=\"1316\" data-end=\"1376\"><strong data-start=\"1316\" data-end=\"1326\">Farbe:<\/strong> Gr\u00fcn mit bernsteinfarbenen bis rosafarbenen Nuancen, wenn reif<\/p>\n<\/li>\n<li data-start=\"1377\" data-end=\"1437\">\n<p data-start=\"1379\" data-end=\"1437\"><strong data-start=\"1379\" data-end=\"1395\">Reifungszeit:<\/strong> Mittel bis sp\u00e4t (80\u201385 Tage nach der Transplantation)<\/p>\n<\/li>\n<li data-start=\"1438\" data-end=\"1467\">\n<p data-start=\"1440\" data-end=\"1467\"><strong data-start=\"1440\" data-end=\"1453\">Menge:<\/strong> 10-20 Samen<\/p>\n<\/li>\n<li data-start=\"1468\" data-end=\"1515\">\n<p data-start=\"1470\" data-end=\"1515\"><strong data-start=\"1470\" data-end=\"1479\">Wachstum:<\/strong> Unbestimmt (Unterst\u00fctzung erforderlich)<\/p>\n<\/li>\n<li data-start=\"1516\" data-end=\"1566\">\n<p data-start=\"1518\" data-end=\"1566\"><strong data-start=\"1518\" data-end=\"1528\">Herkunft:<\/strong> Moldawien \u2013 eine alte, ererbte Sorte<\/p>\n<\/li>\n<\/ul>","protected":false},"featured_media":5569,"template":"","meta":{"_mo_disable_npp":""},"product_brand":[],"product_cat":[127,72,156,71],"product_tag":[],"class_list":{"0":"post-5568","1":"product","2":"type-product","3":"status-publish","4":"has-post-thumbnail","6":"product_cat-novo","7":"product_cat-paradizniki","8":"product_cat-slovenija","9":"product_cat-semena","10":"pa_barva-zelena","11":"pa_cas-zorenja-pozno","12":"pa_cas-zorenja-sredi-sezone","14":"first","15":"instock","16":"shipping-taxable","17":"purchasable","18":"product-type-simple"},"_links":{"self":[{"href":"https:\/\/paradiznik.si\/de\/wp-json\/wp\/v2\/product\/5568","targetHints":{"allow":["GET"]}}],"collection":[{"href":"https:\/\/paradiznik.si\/de\/wp-json\/wp\/v2\/product"}],"about":[{"href":"https:\/\/paradiznik.si\/de\/wp-json\/wp\/v2\/types\/product"}],"wp:featuredmedia":[{"embeddable":true,"href":"https:\/\/paradiznik.si\/de\/wp-json\/wp\/v2\/media\/5569"}],"wp:attachment":[{"href":"https:\/\/paradiznik.si\/de\/wp-json\/wp\/v2\/media?parent=5568"}],"wp:term":[{"taxonomy":"product_brand","embeddable":true,"href":"https:\/\/paradiznik.si\/de\/wp-json\/wp\/v2\/product_brand?post=5568"},{"taxonomy":"product_cat","embeddable":true,"href":"https:\/\/paradiznik.si\/de\/wp-json\/wp\/v2\/product_cat?post=5568"},{"taxonomy":"product_tag","embeddable":true,"href":"https:\/\/paradiznik.si\/de\/wp-json\/wp\/v2\/product_tag?post=5568"}],"curies":[{"name":"wp","href":"https:\/\/api.w.org\/{rel}","templated":true}]}}