{"id":5563,"date":"2025-01-22T22:32:07","date_gmt":"2025-01-22T21:32:07","guid":{"rendered":"https:\/\/paradiznik.si\/?post_type=product&#038;p=5563"},"modified":"2026-03-20T14:18:37","modified_gmt":"2026-03-20T13:18:37","slug":"karma-miracle","status":"publish","type":"product","link":"https:\/\/paradiznik.si\/de\/produkt\/karma-miracle\/","title":{"rendered":"Tomate \u2013 Karma-Wunder"},"content":{"rendered":"<div class=\"flex-shrink-0 flex flex-col relative items-end\">\n<div class=\"pt-0\">\n<div class=\"gizmo-bot-avatar flex h-8 w-8 items-center justify-center overflow-hidden rounded-full\">\n<div class=\"relative p-1 rounded-sm flex items-center justify-center bg-token-main-surface-primary text-token-text-primary h-8 w-8\">\n<div class=\"flex-shrink-0 flex flex-col relative items-end\">\n<div class=\"pt-0\">\n<div class=\"gizmo-bot-avatar flex h-8 w-8 items-center justify-center overflow-hidden rounded-full\">\n<div class=\"relative p-1 rounded-sm flex items-center justify-center bg-token-main-surface-primary text-token-text-primary h-8 w-8\">\n<p data-start=\"256\" data-end=\"589\">Tomaten <strong data-start=\"267\" data-end=\"284\">Karma-Wunder<\/strong> ist eine seltene Sorte aus der kanadischen Serie <strong data-start=\"319\" data-end=\"328\">Karma<\/strong>, geschaffen von Z\u00fcchtern <strong data-start=\"371\" data-end=\"416\">Karen Olivier (G\u00e4rtnerin im Norden Kanadas)<\/strong> Und <strong data-start=\"420\" data-end=\"446\">Marsha Eisenberg (USA)<\/strong>. Es ist das Ergebnis einer Zusammenarbeit zweier Hobbyz\u00fcchter, die eine paradi\u017enike-Sorte mit \u00fcberlegenem Geschmack und einzigartigem Aussehen z\u00fcchten wollten.<\/p>\n<p data-start=\"591\" data-end=\"963\">Die Fr\u00fcchte sind <strong data-start=\"602\" data-end=\"631\">mittelgro\u00df (80\u2013120 g)<\/strong>, <strong data-start=\"633\" data-end=\"652\">leicht abgeflacht<\/strong> und sie haben <strong data-start=\"662\" data-end=\"712\">wundersch\u00f6ne orange-rote Farbe mit goldenen Nuancen<\/strong>. Das Fleisch ist <strong data-start=\"722\" data-end=\"756\">dicht, saftig und extrem s\u00fc\u00df<\/strong>, Mit einem ausgewogenen, fruchtig-s\u00e4uerlichen Geschmack, der f\u00fcr die gesamte Karma-Serie charakteristisch ist. Die Pflanze ist <strong data-start=\"847\" data-end=\"884\">unbestimmt (ben\u00f6tigt Unterst\u00fctzung)<\/strong>, sehr ertragreich und zuverl\u00e4ssig, geeignet f\u00fcr den Anbau im Gew\u00e4chshaus oder im Freien.<\/p>\n<p data-start=\"965\" data-end=\"1165\">Die Sorte reift ungef\u00e4hr <strong data-start=\"988\" data-end=\"1018\">innerhalb von 75\u201380 Tagen nach der Transplantation<\/strong>, Sie tr\u00e4gt w\u00e4hrend der gesamten Saison reichlich und ununterbrochen. Aufgrund ihrer sch\u00f6nen Farbe und ihres ausgezeichneten Geschmacks ist sie ideal f\u00fcr <strong data-start=\"1119\" data-end=\"1144\">Salate, frische Verwendung<\/strong> Und <strong data-start=\"1148\" data-end=\"1162\">Dekoration<\/strong>.<\/p>\n<\/div>\n<\/div>\n<\/div>\n<\/div>\n<\/div>\n<\/div>\n<\/div>\n<\/div>","protected":false},"excerpt":{"rendered":"<ul>\n<li data-start=\"1193\" data-end=\"1239\">\n<p data-start=\"1195\" data-end=\"1239\"><strong data-start=\"1195\" data-end=\"1214\">Wissenschaftlicher Name:<\/strong> <em data-start=\"1215\" data-end=\"1237\">Solanum lycopersicum<\/em><\/p>\n<\/li>\n<li data-start=\"1240\" data-end=\"1286\">\n<p data-start=\"1242\" data-end=\"1286\"><strong data-start=\"1242\" data-end=\"1252\">Farbe:<\/strong> Orangerot mit goldenen Nuancen<\/p>\n<\/li>\n<li data-start=\"1287\" data-end=\"1349\">\n<p data-start=\"1289\" data-end=\"1349\"><strong data-start=\"1289\" data-end=\"1305\">Reifungszeit:<\/strong> Mittelfr\u00fch (75\u201380 Tage nach der Transplantation)<\/p>\n<\/li>\n<li data-start=\"1350\" data-end=\"1379\">\n<p data-start=\"1352\" data-end=\"1379\"><strong data-start=\"1352\" data-end=\"1365\">Menge:<\/strong> 10-20 Samen<\/p>\n<\/li>\n<li data-start=\"1380\" data-end=\"1427\">\n<p data-start=\"1382\" data-end=\"1427\"><strong data-start=\"1382\" data-end=\"1391\">Wachstum:<\/strong> Unbestimmt (Unterst\u00fctzung erforderlich)<\/p>\n<\/li>\n<li data-start=\"1428\" data-end=\"1499\">\n<p data-start=\"1430\" data-end=\"1499\"><strong data-start=\"1430\" data-end=\"1440\">Herkunft:<\/strong> Kanada \u2013 Karma-Reihe (Karen Olivier &amp; Marsha Eisenberg)<\/p>\n<\/li>\n<\/ul>","protected":false},"featured_media":5564,"template":"","meta":{"_mo_disable_npp":""},"product_brand":[],"product_cat":[127,72,156,71],"product_tag":[],"class_list":{"0":"post-5563","1":"product","2":"type-product","3":"status-publish","4":"has-post-thumbnail","6":"product_cat-novo","7":"product_cat-paradizniki","8":"product_cat-slovenija","9":"product_cat-semena","10":"pa_barva-rumena","11":"pa_barva-zelena","12":"pa_cas-zorenja-pozno","14":"first","15":"instock","16":"shipping-taxable","17":"purchasable","18":"product-type-simple"},"_links":{"self":[{"href":"https:\/\/paradiznik.si\/de\/wp-json\/wp\/v2\/product\/5563","targetHints":{"allow":["GET"]}}],"collection":[{"href":"https:\/\/paradiznik.si\/de\/wp-json\/wp\/v2\/product"}],"about":[{"href":"https:\/\/paradiznik.si\/de\/wp-json\/wp\/v2\/types\/product"}],"wp:featuredmedia":[{"embeddable":true,"href":"https:\/\/paradiznik.si\/de\/wp-json\/wp\/v2\/media\/5564"}],"wp:attachment":[{"href":"https:\/\/paradiznik.si\/de\/wp-json\/wp\/v2\/media?parent=5563"}],"wp:term":[{"taxonomy":"product_brand","embeddable":true,"href":"https:\/\/paradiznik.si\/de\/wp-json\/wp\/v2\/product_brand?post=5563"},{"taxonomy":"product_cat","embeddable":true,"href":"https:\/\/paradiznik.si\/de\/wp-json\/wp\/v2\/product_cat?post=5563"},{"taxonomy":"product_tag","embeddable":true,"href":"https:\/\/paradiznik.si\/de\/wp-json\/wp\/v2\/product_tag?post=5563"}],"curies":[{"name":"wp","href":"https:\/\/api.w.org\/{rel}","templated":true}]}}