{"id":5561,"date":"2025-01-22T22:23:15","date_gmt":"2025-01-22T21:23:15","guid":{"rendered":"https:\/\/paradiznik.si\/?post_type=product&#038;p=5561"},"modified":"2026-03-27T11:27:50","modified_gmt":"2026-03-27T10:27:50","slug":"paradiznik-not-purple-strawberry","status":"publish","type":"product","link":"https:\/\/paradiznik.si\/de\/produkt\/paradiznik-not-purple-strawberry\/","title":{"rendered":"Tomate - Nicht lila Erdbeere"},"content":{"rendered":"<div class=\"flex-shrink-0 flex flex-col relative items-end\">\n<div class=\"pt-0\">\n<div class=\"gizmo-bot-avatar flex h-8 w-8 items-center justify-center overflow-hidden rounded-full\">\n<div class=\"relative p-1 rounded-sm flex items-center justify-center bg-token-main-surface-primary text-token-text-primary h-8 w-8\">\n<div class=\"flex-shrink-0 flex flex-col relative items-end\">\n<div class=\"pt-0\">\n<div class=\"gizmo-bot-avatar flex h-8 w-8 items-center justify-center overflow-hidden rounded-full\">\n<div class=\"relative p-1 rounded-sm flex items-center justify-center bg-token-main-surface-primary text-token-text-primary h-8 w-8\">\n<p data-start=\"294\" data-end=\"661\">Tomaten <strong data-start=\"305\" data-end=\"330\">Nicht lila Erdbeere<\/strong> Ist <strong data-start=\"334\" data-end=\"358\">seltene amerikanische Variet\u00e4t<\/strong> mit einer interessanten Geschichte \u2013 trotz ihres Namens ist sie nicht lila, sondern bildet <strong data-start=\"421\" data-end=\"453\">dunkelrote Fr\u00fcchte<\/strong> mit schokoladenbraunen Farbt\u00f6nen. Es entstand durch eine zuf\u00e4llige Kreuzung verschiedener Sorten. <strong data-start=\"522\" data-end=\"542\">Schwarze Erdbeere<\/strong> und eine weitere dunkle Sorte aus derselben Linie von Amateurz\u00fcchtern aus den USA.<\/p>\n<p data-start=\"663\" data-end=\"978\">Die Fr\u00fcchte sind <strong data-start=\"674\" data-end=\"696\">gro\u00df (250\u2013400 g)<\/strong>, <strong data-start=\"698\" data-end=\"716\">herzf\u00f6rmig<\/strong>, sehr <strong data-start=\"723\" data-end=\"748\">fleischig und aromatisch<\/strong>, mit einer charakteristischen <strong data-start=\"762\" data-end=\"789\">s\u00fc\u00dfer, reichhaltiger Geschmack<\/strong> und eine leicht rauchige Note, die an die klassische \u00bbschwarze\u00ab paradi\u017enike erinnert. Aufgrund ihrer sch\u00f6nen Form und Farbe ist diese Sorte bei Sammlern und G\u00e4rtnern, die seltene und Gourmet-Sorten suchen, sehr beliebt.<\/p>\n<p data-start=\"980\" data-end=\"1216\">Die Pflanze ist <strong data-start=\"992\" data-end=\"1029\">unbestimmt (ben\u00f6tigt Unterst\u00fctzung)<\/strong>, Sie w\u00e4chst \u00fcppig und tr\u00e4gt den ganzen Sommer \u00fcber reichlich Fr\u00fcchte. <strong data-start=\"1073\" data-end=\"1101\">Die Reifung erfolgt mittelfr\u00fch.<\/strong>, etwa <strong data-start=\"1113\" data-end=\"1140\">80\u201385 Tage nach der Transplantation<\/strong>, und die Fr\u00fcchte eignen sich hervorragend f\u00fcr <strong data-start=\"1167\" data-end=\"1192\">Salate, frische Verwendung<\/strong> Und <strong data-start=\"1196\" data-end=\"1213\">Saucen zubereiten<\/strong>.<\/p>\n<\/div>\n<\/div>\n<\/div>\n<\/div>\n<\/div>\n<\/div>\n<\/div>\n<\/div>","protected":false},"excerpt":{"rendered":"<ul>\n<li><strong>Wissenschaftlicher Name:<\/strong>\u00a0Solanum lycopersicum<\/li>\n<li><strong>Farbe:<\/strong> Schwarz\/Rot<\/li>\n<li><strong>Reifungszeit:\u00a0<\/strong>Fr\u00fchzeitig<\/li>\n<li><strong>Der Beutel enth\u00e4lt 10 \u2013 15 Samen.<\/strong><\/li>\n<\/ul>","protected":false},"featured_media":5562,"template":"","meta":{"_mo_disable_npp":""},"product_brand":[],"product_cat":[127,72,156,71],"product_tag":[],"class_list":{"0":"post-5561","1":"product","2":"type-product","3":"status-publish","4":"has-post-thumbnail","6":"product_cat-novo","7":"product_cat-paradizniki","8":"product_cat-slovenija","9":"product_cat-semena","10":"pa_barva-rdeca","11":"pa_cas-zorenja-pozno","13":"first","14":"instock","15":"shipping-taxable","16":"purchasable","17":"product-type-simple"},"_links":{"self":[{"href":"https:\/\/paradiznik.si\/de\/wp-json\/wp\/v2\/product\/5561","targetHints":{"allow":["GET"]}}],"collection":[{"href":"https:\/\/paradiznik.si\/de\/wp-json\/wp\/v2\/product"}],"about":[{"href":"https:\/\/paradiznik.si\/de\/wp-json\/wp\/v2\/types\/product"}],"wp:featuredmedia":[{"embeddable":true,"href":"https:\/\/paradiznik.si\/de\/wp-json\/wp\/v2\/media\/5562"}],"wp:attachment":[{"href":"https:\/\/paradiznik.si\/de\/wp-json\/wp\/v2\/media?parent=5561"}],"wp:term":[{"taxonomy":"product_brand","embeddable":true,"href":"https:\/\/paradiznik.si\/de\/wp-json\/wp\/v2\/product_brand?post=5561"},{"taxonomy":"product_cat","embeddable":true,"href":"https:\/\/paradiznik.si\/de\/wp-json\/wp\/v2\/product_cat?post=5561"},{"taxonomy":"product_tag","embeddable":true,"href":"https:\/\/paradiznik.si\/de\/wp-json\/wp\/v2\/product_tag?post=5561"}],"curies":[{"name":"wp","href":"https:\/\/api.w.org\/{rel}","templated":true}]}}