{"id":5558,"date":"2025-01-22T21:50:25","date_gmt":"2025-01-22T20:50:25","guid":{"rendered":"https:\/\/paradiznik.si\/?post_type=product&#038;p=5558"},"modified":"2026-03-27T11:27:50","modified_gmt":"2026-03-27T10:27:50","slug":"paradiznik-blue-gold-berry","status":"publish","type":"product","link":"https:\/\/paradiznik.si\/de\/produkt\/paradiznik-blue-gold-berry\/","title":{"rendered":"Tomate \u2013 Blaue Goldbeere"},"content":{"rendered":"<div class=\"flex-shrink-0 flex flex-col relative items-end\">\n<div class=\"pt-0\">\n<div class=\"gizmo-bot-avatar flex h-8 w-8 items-center justify-center overflow-hidden rounded-full\">\n<div class=\"relative p-1 rounded-sm flex items-center justify-center bg-token-main-surface-primary text-token-text-primary h-8 w-8\">\n<div class=\"flex-shrink-0 flex flex-col relative items-end\">\n<div class=\"pt-0\">\n<div class=\"gizmo-bot-avatar flex h-8 w-8 items-center justify-center overflow-hidden rounded-full\">\n<div class=\"relative p-1 rounded-sm flex items-center justify-center bg-token-main-surface-primary text-token-text-primary h-8 w-8\">\n<p data-start=\"288\" data-end=\"633\">Tomaten <strong data-start=\"299\" data-end=\"318\">Blaue Goldbeere<\/strong> ist eine \u00e4u\u00dferst attraktive Sorte aus der \u00bbArtisan\u00ab-paradi\u017enikov-Serie, die von einem renommierten amerikanischen Z\u00fcchter entwickelt wurde. <strong data-start=\"426\" data-end=\"476\">Brad Gates (Wild Boar Farms, Kalifornien, USA)<\/strong>. Die Sorte geh\u00f6rt zur Gruppe <strong data-start=\"500\" data-end=\"533\">Indigo Cherry paradi\u017eniks<\/strong>, bekannt f\u00fcr ihren hohen Gehalt <strong data-start=\"562\" data-end=\"578\">Anthocyane<\/strong> \u2013 nat\u00fcrliche Pigmente mit antioxidativen Eigenschaften.<\/p>\n<p data-start=\"635\" data-end=\"1016\">Die Fr\u00fcchte sind <strong data-start=\"646\" data-end=\"666\">klein (20\u201330 g)<\/strong>, <strong data-start=\"668\" data-end=\"679\">runden<\/strong>, mit einer einzigartigen Farbkombination <strong data-start=\"713\" data-end=\"737\">blau-violette Haut<\/strong> Und <strong data-start=\"741\" data-end=\"762\">goldene Innenr\u00e4ume<\/strong>. Der Geschmack ist ausgewogen \u2013 <strong data-start=\"786\" data-end=\"816\">s\u00fc\u00df, mit einer leichten fruchtigen Note<\/strong>, was sie zu einer der beliebtesten Sorten der Artisan-Linie macht. Die Pflanze ist <strong data-start=\"894\" data-end=\"931\">unbestimmt (ben\u00f6tigt Unterst\u00fctzung)<\/strong>, sehr ertragreich und geeignet f\u00fcr den Anbau im Gew\u00e4chshaus oder im Freien an w\u00e4rmeren Standorten.<\/p>\n<p data-start=\"1018\" data-end=\"1207\">Die Sorte reift ungef\u00e4hr <strong data-start=\"1041\" data-end=\"1071\">innerhalb von 75\u201380 Tagen nach der Transplantation<\/strong>, Die Fr\u00fcchte halten sich auch nach der Ernte gut. Aufgrund ihres Aussehens und Geschmacks ist sie ideal f\u00fcr <strong data-start=\"1165\" data-end=\"1204\">Salate, frischer Gebrauch und Dekoration<\/strong>.<\/p>\n<\/div>\n<\/div>\n<\/div>\n<\/div>\n<\/div>\n<\/div>\n<\/div>\n<\/div>","protected":false},"excerpt":{"rendered":"<ul>\n<li data-start=\"1235\" data-end=\"1281\">\n<p data-start=\"1237\" data-end=\"1281\"><strong data-start=\"1237\" data-end=\"1256\">Wissenschaftlicher Name:<\/strong> <em data-start=\"1257\" data-end=\"1279\">Solanum lycopersicum<\/em><\/p>\n<\/li>\n<li data-start=\"1282\" data-end=\"1328\">\n<p data-start=\"1284\" data-end=\"1328\"><strong data-start=\"1284\" data-end=\"1294\">Farbe:<\/strong> Blauviolett mit goldenem Zentrum<\/p>\n<\/li>\n<li data-start=\"1329\" data-end=\"1391\">\n<p data-start=\"1331\" data-end=\"1391\"><strong data-start=\"1331\" data-end=\"1347\">Reifungszeit:<\/strong> Mittelfr\u00fch (75\u201380 Tage nach der Transplantation)<\/p>\n<\/li>\n<li data-start=\"1392\" data-end=\"1421\">\n<p data-start=\"1394\" data-end=\"1421\"><strong data-start=\"1394\" data-end=\"1407\">Menge:<\/strong> 10-20 Samen<\/p>\n<\/li>\n<li data-start=\"1422\" data-end=\"1469\">\n<p data-start=\"1424\" data-end=\"1469\"><strong data-start=\"1424\" data-end=\"1433\">Wachstum:<\/strong> Unbestimmt (Unterst\u00fctzung erforderlich)<\/p>\n<\/li>\n<li data-start=\"1470\" data-end=\"1518\">\n<p data-start=\"1472\" data-end=\"1518\"><strong data-start=\"1472\" data-end=\"1482\">Herkunft:<\/strong> USA \u2013 Brad Gates, Wildschweinfarmen<\/p>\n<\/li>\n<\/ul>","protected":false},"featured_media":5560,"template":"","meta":{"_mo_disable_npp":""},"product_brand":[],"product_cat":[127,72,156,71],"product_tag":[],"class_list":{"0":"post-5558","1":"product","2":"type-product","3":"status-publish","4":"has-post-thumbnail","6":"product_cat-novo","7":"product_cat-paradizniki","8":"product_cat-slovenija","9":"product_cat-semena","10":"pa_barva-modra-indigo","11":"pa_barva-rumena","12":"pa_cas-zorenja-sredi-sezone","14":"first","15":"instock","16":"shipping-taxable","17":"purchasable","18":"product-type-simple"},"_links":{"self":[{"href":"https:\/\/paradiznik.si\/de\/wp-json\/wp\/v2\/product\/5558","targetHints":{"allow":["GET"]}}],"collection":[{"href":"https:\/\/paradiznik.si\/de\/wp-json\/wp\/v2\/product"}],"about":[{"href":"https:\/\/paradiznik.si\/de\/wp-json\/wp\/v2\/types\/product"}],"wp:featuredmedia":[{"embeddable":true,"href":"https:\/\/paradiznik.si\/de\/wp-json\/wp\/v2\/media\/5560"}],"wp:attachment":[{"href":"https:\/\/paradiznik.si\/de\/wp-json\/wp\/v2\/media?parent=5558"}],"wp:term":[{"taxonomy":"product_brand","embeddable":true,"href":"https:\/\/paradiznik.si\/de\/wp-json\/wp\/v2\/product_brand?post=5558"},{"taxonomy":"product_cat","embeddable":true,"href":"https:\/\/paradiznik.si\/de\/wp-json\/wp\/v2\/product_cat?post=5558"},{"taxonomy":"product_tag","embeddable":true,"href":"https:\/\/paradiznik.si\/de\/wp-json\/wp\/v2\/product_tag?post=5558"}],"curies":[{"name":"wp","href":"https:\/\/api.w.org\/{rel}","templated":true}]}}