{"id":5553,"date":"2025-01-22T21:25:29","date_gmt":"2025-01-22T20:25:29","guid":{"rendered":"https:\/\/paradiznik.si\/?post_type=product&#038;p=5553"},"modified":"2026-03-04T09:17:33","modified_gmt":"2026-03-04T08:17:33","slug":"paradiznik-mountain-gold","status":"publish","type":"product","link":"https:\/\/paradiznik.si\/de\/produkt\/paradiznik-mountain-gold\/","title":{"rendered":"Tomate \u2013 Berggold"},"content":{"rendered":"<div class=\"flex-shrink-0 flex flex-col relative items-end\">\n<div class=\"pt-0\">\n<div class=\"gizmo-bot-avatar flex h-8 w-8 items-center justify-center overflow-hidden rounded-full\">\n<div class=\"relative p-1 rounded-sm flex items-center justify-center bg-token-main-surface-primary text-token-text-primary h-8 w-8\">\n<p data-start=\"254\" data-end=\"621\">Tomaten <strong data-start=\"265\" data-end=\"282\">Berggold<\/strong> ist eine zuverl\u00e4ssige und ertragreiche Sorte aus der amerikanischen &quot;Mountain&quot;-Serie, entwickelt von <strong data-start=\"359\" data-end=\"380\">Dr. Randy Gardner<\/strong> An <strong data-start=\"384\" data-end=\"425\">North Carolina State University (USA)<\/strong>. Die Sorte wurde als verbesserte Version der gelbfr\u00fcchtigen paradi\u017eniks entwickelt und ist haupts\u00e4chlich f\u00fcr <strong data-start=\"524\" data-end=\"549\">Krankheitsresistenz<\/strong> Und <strong data-start=\"553\" data-end=\"578\">gleichm\u00e4\u00dfige Ausbeute<\/strong> selbst bei weniger g\u00fcnstigen Wetterbedingungen.<\/p>\n<p data-start=\"623\" data-end=\"883\">Die Fr\u00fcchte sind <strong data-start=\"634\" data-end=\"664\">mittelgro\u00df (180\u2013220 g)<\/strong>, <strong data-start=\"666\" data-end=\"684\">runde Form<\/strong> Und <strong data-start=\"688\" data-end=\"721\">goldene bis orange-gelbe Farbe<\/strong>, Mit einer zarten Haut und festem, saftigem Fruchtfleisch. Der Geschmack ist <strong data-start=\"772\" data-end=\"788\">leicht s\u00fc\u00df<\/strong>, mit niedrigem S\u00e4uregehalt, was es ideal macht f\u00fcr <strong data-start=\"834\" data-end=\"859\">Salate, frische Verwendung<\/strong> Und <strong data-start=\"863\" data-end=\"880\">Saucen zubereiten<\/strong>.<\/p>\n<p data-start=\"885\" data-end=\"1154\">Die Pflanze ist <strong data-start=\"897\" data-end=\"951\">Determinante (buschiges Wachstum, ben\u00f6tigt keine St\u00fctze)<\/strong>, kompakt in der Form und geeignet f\u00fcr beides <strong data-start=\"990\" data-end=\"1012\">Freilandanbau<\/strong> sowie in gr\u00f6\u00dferen T\u00f6pfen. Die Sorte gedeiht gut in w\u00e4rmeren Klimazonen und ist bekannt f\u00fcr <strong data-start=\"1101\" data-end=\"1151\">ausgezeichnete Resistenz gegen Fusarium und Verticillium<\/strong>.<\/p>\n<\/div>\n<\/div>\n<\/div>\n<\/div>","protected":false},"excerpt":{"rendered":"<ul>\n<li data-start=\"1182\" data-end=\"1228\">\n<p data-start=\"1184\" data-end=\"1228\"><strong data-start=\"1184\" data-end=\"1203\">Wissenschaftlicher Name:<\/strong> <em data-start=\"1204\" data-end=\"1226\">Solanum lycopersicum<\/em><\/p>\n<\/li>\n<li data-start=\"1229\" data-end=\"1256\">\n<p data-start=\"1231\" data-end=\"1256\"><strong data-start=\"1231\" data-end=\"1241\">Farbe:<\/strong> Goldgelb<\/p>\n<\/li>\n<li data-start=\"1257\" data-end=\"1319\">\n<p data-start=\"1259\" data-end=\"1319\"><strong data-start=\"1259\" data-end=\"1275\">Reifungszeit:<\/strong> Mittelfr\u00fch (70\u201375 Tage nach der Transplantation)<\/p>\n<\/li>\n<li data-start=\"1320\" data-end=\"1349\">\n<p data-start=\"1322\" data-end=\"1349\"><strong data-start=\"1322\" data-end=\"1335\">Menge:<\/strong> 10-20 Samen<\/p>\n<\/li>\n<li data-start=\"1350\" data-end=\"1414\">\n<p data-start=\"1352\" data-end=\"1414\"><strong data-start=\"1352\" data-end=\"1361\">Wachstum:<\/strong> Determinant (buschiges Wachstum, ben\u00f6tigt keine St\u00fctze)<\/p>\n<\/li>\n<li data-start=\"1415\" data-end=\"1486\">\n<p data-start=\"1417\" data-end=\"1486\"><strong data-start=\"1417\" data-end=\"1427\">Herkunft:<\/strong> USA \u2013 North Carolina State University, Dr. Randy Gardner<\/p>\n<\/li>\n<\/ul>","protected":false},"featured_media":5554,"template":"","meta":{"_mo_disable_npp":""},"product_brand":[],"product_cat":[127,72,156,71],"product_tag":[],"class_list":{"0":"post-5553","1":"product","2":"type-product","3":"status-publish","4":"has-post-thumbnail","6":"product_cat-novo","7":"product_cat-paradizniki","8":"product_cat-slovenija","9":"product_cat-semena","10":"pa_barva-rumena","11":"pa_cas-zorenja-zgodnje","13":"first","14":"instock","15":"shipping-taxable","16":"purchasable","17":"product-type-simple"},"_links":{"self":[{"href":"https:\/\/paradiznik.si\/de\/wp-json\/wp\/v2\/product\/5553","targetHints":{"allow":["GET"]}}],"collection":[{"href":"https:\/\/paradiznik.si\/de\/wp-json\/wp\/v2\/product"}],"about":[{"href":"https:\/\/paradiznik.si\/de\/wp-json\/wp\/v2\/types\/product"}],"wp:featuredmedia":[{"embeddable":true,"href":"https:\/\/paradiznik.si\/de\/wp-json\/wp\/v2\/media\/5554"}],"wp:attachment":[{"href":"https:\/\/paradiznik.si\/de\/wp-json\/wp\/v2\/media?parent=5553"}],"wp:term":[{"taxonomy":"product_brand","embeddable":true,"href":"https:\/\/paradiznik.si\/de\/wp-json\/wp\/v2\/product_brand?post=5553"},{"taxonomy":"product_cat","embeddable":true,"href":"https:\/\/paradiznik.si\/de\/wp-json\/wp\/v2\/product_cat?post=5553"},{"taxonomy":"product_tag","embeddable":true,"href":"https:\/\/paradiznik.si\/de\/wp-json\/wp\/v2\/product_tag?post=5553"}],"curies":[{"name":"wp","href":"https:\/\/api.w.org\/{rel}","templated":true}]}}