{"id":5042,"date":"2024-03-24T22:49:04","date_gmt":"2024-03-24T21:49:04","guid":{"rendered":"https:\/\/paradiznik.si\/?post_type=product&#038;p=5042"},"modified":"2026-04-07T10:42:48","modified_gmt":"2026-04-07T08:42:48","slug":"kitajski-fizol","status":"publish","type":"product","link":"https:\/\/paradiznik.si\/de\/produkt\/kitajski-fizol\/","title":{"rendered":"Chinesische Bohne"},"content":{"rendered":"<p data-start=\"0\" data-end=\"500\"><strong data-start=\"20\" data-end=\"60\">Vigna unguiculata ssp. Sesquipedalis<\/strong>, auch bekannt als <strong data-start=\"77\" data-end=\"96\">Langbohnenpflanze<\/strong>, <strong data-start=\"98\" data-end=\"116\">Chinesische Bohnen<\/strong> oder <strong data-start=\"121\" data-end=\"140\">Spargelbohnen<\/strong>, ist eine tropische H\u00fclsenfrucht, die ber\u00fchmt ist f\u00fcr ihre <strong data-start=\"183\" data-end=\"217\">extrem lange, d\u00fcnne Schoten<\/strong>, auch lange <strong data-start=\"231\" data-end=\"243\">bis zu 60 cm<\/strong>. Die Kapseln sind <strong data-start=\"255\" data-end=\"282\">gr\u00fcn, schlank und flexibel<\/strong>, mit <strong data-start=\"286\" data-end=\"321\">feiner, leicht s\u00fc\u00dfer Geschmack<\/strong>, Sie \u00e4hneln gr\u00fcnen Bohnen, haben aber ein intensiveres Aroma. Wir genie\u00dfen sie. <strong data-start=\"393\" data-end=\"411\">jung und frisch<\/strong>, bevor sich die Samen entwickeln, meistens <strong data-start=\"454\" data-end=\"497\">gekocht, geschmort, gebraten oder in Wokgerichten<\/strong>.<\/p>\n<p data-start=\"502\" data-end=\"906\">Die Pflanze ist <strong data-start=\"514\" data-end=\"526\">Bergsteiger<\/strong>, die erreichen k\u00f6nnen <strong data-start=\"544\" data-end=\"560\">2\u20133 m hoch<\/strong>, Daher ben\u00f6tigt es <strong data-start=\"577\" data-end=\"586\">Unterst\u00fctzung<\/strong>. Erfolgreich in <strong data-start=\"597\" data-end=\"622\">warme, sonnige Orte<\/strong> z <strong data-start=\"625\" data-end=\"654\">fruchtbarer, gut durchl\u00e4ssiger Boden<\/strong> und regelm\u00e4\u00dfiges Gie\u00dfen. Die Reife dauert etwa <strong data-start=\"701\" data-end=\"723\">70\u201380 Tage nach der Aussaat<\/strong>, und tr\u00e4gt den ganzen Sommer \u00fcber reichlich Fr\u00fcchte. Die Langbohne ist sehr beliebt in <strong data-start=\"796\" data-end=\"815\">Asiatische K\u00fcche<\/strong>, insbesondere in <strong data-start=\"826\" data-end=\"856\">Chinesische und thail\u00e4ndische Gerichte<\/strong>, Dort gilt sie als eine der schmackhaftesten H\u00fclsenfruchtarten.<\/p>","protected":false},"excerpt":{"rendered":"<ul>\n<li data-start=\"913\" data-end=\"973\">\n<p data-start=\"915\" data-end=\"973\"><strong data-start=\"915\" data-end=\"934\">Wissenschaftlicher Name:<\/strong> Vigna unguiculata ssp. Sesquipedalis<\/p>\n<\/li>\n<li data-start=\"974\" data-end=\"995\">\n<p data-start=\"976\" data-end=\"995\"><strong data-start=\"976\" data-end=\"986\">Farbe:<\/strong> Gr\u00fcn<\/p>\n<\/li>\n<li data-start=\"996\" data-end=\"1063\">\n<p data-start=\"998\" data-end=\"1063\"><strong data-start=\"998\" data-end=\"1014\">Reifungszeit:<\/strong> Etwa 70\u201380 Tage nach der Aussaat (mittelfr\u00fch)<\/p>\n<\/li>\n<li data-start=\"1064\" data-end=\"1087\">\n<p data-start=\"1066\" data-end=\"1087\"><strong data-start=\"1066\" data-end=\"1079\">Menge: <\/strong>5 g Samen<\/p>\n<\/li>\n<li data-start=\"1088\" data-end=\"1144\">\n<p data-start=\"1090\" data-end=\"1144\"><strong data-start=\"1090\" data-end=\"1099\">Wachstum:<\/strong> Kletternd, \u00fcppig (bis zu 3 m), ben\u00f6tigt Unterst\u00fctzung<\/p>\n<\/li>\n<li data-start=\"1145\" data-end=\"1177\">\n<p data-start=\"1147\" data-end=\"1177\"><strong data-start=\"1147\" data-end=\"1157\">Herkunft:<\/strong> S\u00fcdostasien<\/p>\n<\/li>\n<\/ul>","protected":false},"featured_media":5043,"template":"","meta":{"_mo_disable_npp":""},"product_brand":[],"product_cat":[71,76,143],"product_tag":[],"class_list":{"0":"post-5042","1":"product","2":"type-product","3":"status-publish","4":"has-post-thumbnail","6":"product_cat-semena","7":"product_cat-posebne-vrste","8":"product_cat-ostalo","10":"first","11":"instock","12":"shipping-taxable","13":"purchasable","14":"product-type-simple"},"_links":{"self":[{"href":"https:\/\/paradiznik.si\/de\/wp-json\/wp\/v2\/product\/5042","targetHints":{"allow":["GET"]}}],"collection":[{"href":"https:\/\/paradiznik.si\/de\/wp-json\/wp\/v2\/product"}],"about":[{"href":"https:\/\/paradiznik.si\/de\/wp-json\/wp\/v2\/types\/product"}],"wp:featuredmedia":[{"embeddable":true,"href":"https:\/\/paradiznik.si\/de\/wp-json\/wp\/v2\/media\/5043"}],"wp:attachment":[{"href":"https:\/\/paradiznik.si\/de\/wp-json\/wp\/v2\/media?parent=5042"}],"wp:term":[{"taxonomy":"product_brand","embeddable":true,"href":"https:\/\/paradiznik.si\/de\/wp-json\/wp\/v2\/product_brand?post=5042"},{"taxonomy":"product_cat","embeddable":true,"href":"https:\/\/paradiznik.si\/de\/wp-json\/wp\/v2\/product_cat?post=5042"},{"taxonomy":"product_tag","embeddable":true,"href":"https:\/\/paradiznik.si\/de\/wp-json\/wp\/v2\/product_tag?post=5042"}],"curies":[{"name":"wp","href":"https:\/\/api.w.org\/{rel}","templated":true}]}}