{"id":4856,"date":"2024-02-29T21:50:10","date_gmt":"2024-02-29T20:50:10","guid":{"rendered":"https:\/\/paradiznik.si\/?post_type=product&#038;p=4856"},"modified":"2026-04-04T20:04:14","modified_gmt":"2026-04-04T18:04:14","slug":"cili-aji-white-fantasy","status":"publish","type":"product","link":"https:\/\/paradiznik.si\/de\/produkt\/cili-aji-white-fantasy\/","title":{"rendered":"Chili \u2013 Aji White Fantasy"},"content":{"rendered":"<p data-start=\"319\" data-end=\"637\">Chili <em data-start=\"341\" data-end=\"360\">AJI WHITE FANTASY<\/em> (Capsicum baccatum) ist eine au\u00dfergew\u00f6hnliche Sorte mit einer einzigartigen <strong data-start=\"411\" data-end=\"436\">cremewei\u00dfe Fr\u00fcchte<\/strong>, Die Fr\u00fcchte f\u00e4rben sich beim Reifen hellgelb. Die Pflanze tr\u00e4gt reichlich Fr\u00fcchte, die kleiner, leicht gedreht sind und ein angenehmes, fruchtiges Aroma verstr\u00f6men. <strong data-start=\"576\" data-end=\"605\">milde bis mittlere Hitze<\/strong> (ungef\u00e4hr 5.000-10.000 SHU).<\/p>\n<p data-start=\"639\" data-end=\"878\">Seine zarte Farbe und Form machen es zu einer hervorragenden Wahl f\u00fcr <strong data-start=\"695\" data-end=\"762\">Neue Nutzungsm\u00f6glichkeiten und Investitionen.<\/strong><\/p>","protected":false},"excerpt":{"rendered":"<ul>\n<li data-start=\"906\" data-end=\"947\">\n<p data-start=\"908\" data-end=\"947\"><strong data-start=\"908\" data-end=\"927\">Wissenschaftlicher Name:<\/strong> Capsicum baccatum<\/p>\n<\/li>\n<li data-start=\"948\" data-end=\"975\">\n<p data-start=\"950\" data-end=\"975\"><strong data-start=\"950\" data-end=\"960\">Farbe:<\/strong> wei\u00df, gelb<\/p>\n<\/li>\n<li data-start=\"976\" data-end=\"1004\">\n<p data-start=\"978\" data-end=\"1004\"><strong data-start=\"978\" data-end=\"994\">Reifungszeit:<\/strong> mittel<\/p>\n<\/li>\n<li data-start=\"1005\" data-end=\"1034\">\n<p data-start=\"1007\" data-end=\"1034\"><strong data-start=\"1007\" data-end=\"1020\">Menge:<\/strong> 10-20 Samen<\/p>\n<\/li>\n<li data-start=\"1035\" data-end=\"1078\">\n<p data-start=\"1037\" data-end=\"1078\"><strong data-start=\"1037\" data-end=\"1057\">Pflanzenh\u00f6he:<\/strong> etwa 60\u201380 cm<\/p>\n<\/li>\n<li data-start=\"1079\" data-end=\"1112\">\n<p data-start=\"1081\" data-end=\"1112\"><strong data-start=\"1081\" data-end=\"1091\">Herkunft:<\/strong> Finnland \/ Auswahl<\/p>\n<\/li>\n<li data-start=\"1113\" data-end=\"1148\">\n<p data-start=\"1115\" data-end=\"1148\"><strong data-start=\"1115\" data-end=\"1123\">SHU:<\/strong> etwa 5.000\u201310.000<\/p>\n<\/li>\n<\/ul>","protected":false},"featured_media":4857,"template":"","meta":{"_mo_disable_npp":""},"product_brand":[],"product_cat":[95,74,156,71],"product_tag":[],"class_list":{"0":"post-4856","1":"product","2":"type-product","3":"status-publish","4":"has-post-thumbnail","6":"product_cat-capsicum-baccatum","7":"product_cat-ciliji","8":"product_cat-slovenija","9":"product_cat-semena","11":"first","12":"instock","13":"shipping-taxable","14":"purchasable","15":"product-type-simple"},"_links":{"self":[{"href":"https:\/\/paradiznik.si\/de\/wp-json\/wp\/v2\/product\/4856","targetHints":{"allow":["GET"]}}],"collection":[{"href":"https:\/\/paradiznik.si\/de\/wp-json\/wp\/v2\/product"}],"about":[{"href":"https:\/\/paradiznik.si\/de\/wp-json\/wp\/v2\/types\/product"}],"wp:featuredmedia":[{"embeddable":true,"href":"https:\/\/paradiznik.si\/de\/wp-json\/wp\/v2\/media\/4857"}],"wp:attachment":[{"href":"https:\/\/paradiznik.si\/de\/wp-json\/wp\/v2\/media?parent=4856"}],"wp:term":[{"taxonomy":"product_brand","embeddable":true,"href":"https:\/\/paradiznik.si\/de\/wp-json\/wp\/v2\/product_brand?post=4856"},{"taxonomy":"product_cat","embeddable":true,"href":"https:\/\/paradiznik.si\/de\/wp-json\/wp\/v2\/product_cat?post=4856"},{"taxonomy":"product_tag","embeddable":true,"href":"https:\/\/paradiznik.si\/de\/wp-json\/wp\/v2\/product_tag?post=4856"}],"curies":[{"name":"wp","href":"https:\/\/api.w.org\/{rel}","templated":true}]}}