{"id":4813,"date":"2024-02-27T23:08:33","date_gmt":"2024-02-27T22:08:33","guid":{"rendered":"https:\/\/paradiznik.si\/?post_type=product&#038;p=4813"},"modified":"2026-03-25T16:27:36","modified_gmt":"2026-03-25T15:27:36","slug":"paradiznik-sart-roloise","status":"publish","type":"product","link":"https:\/\/paradiznik.si\/de\/produkt\/paradiznik-sart-roloise\/","title":{"rendered":"SART ROLOISE Tomaten"},"content":{"rendered":"<p>Man kann wohl ohne \u00dcbertreibung sagen, dass dies eine der sch\u00f6nsten 1TP1-Reben der Welt ist, und auch geschmacklich steht sie ihr in nichts nach. Die Sart Roloise ist vollmundig, fruchtig und komplex im Geschmack mit genau der richtigen S\u00e4ure, die sie ihren Eltern verdankt. Sie ist eine Kreuzung aus paradi\u017enikom \u201cWhite Wonder\u201d, die s\u00fc\u00dfe Ananasnoten beisteuert, und paradi\u017enikom \u201eBaby Blue\u201c, die die tief indigoblauen Streifen an den Schultern erkl\u00e4rt. Diese herausragende Sorte verdanken wir Roland Boulanger aus Sart Eustache, Belgien.<\/p>\n<p>Sammlervariante<\/p>","protected":false},"excerpt":{"rendered":"<ul>\n<li><strong>Wissenschaftlicher Name:<\/strong>\u00a0Solanum lycopersicum<\/li>\n<li><strong>Farbe:<\/strong>\u00a0Mehrfarbig<\/li>\n<li><strong>Reifungszeit:\u00a0<\/strong>Fr\u00fchzeitig<\/li>\n<li><strong>Der Beutel enth\u00e4lt 10 Samen.<\/strong><\/li>\n<\/ul>","protected":false},"featured_media":4814,"template":"","meta":{"_mo_disable_npp":""},"product_brand":[],"product_cat":[127,72,156,71],"product_tag":[],"class_list":{"0":"post-4813","1":"product","2":"type-product","3":"status-publish","4":"has-post-thumbnail","6":"product_cat-novo","7":"product_cat-paradizniki","8":"product_cat-slovenija","9":"product_cat-semena","11":"first","12":"instock","13":"shipping-taxable","14":"purchasable","15":"product-type-simple"},"_links":{"self":[{"href":"https:\/\/paradiznik.si\/de\/wp-json\/wp\/v2\/product\/4813","targetHints":{"allow":["GET"]}}],"collection":[{"href":"https:\/\/paradiznik.si\/de\/wp-json\/wp\/v2\/product"}],"about":[{"href":"https:\/\/paradiznik.si\/de\/wp-json\/wp\/v2\/types\/product"}],"wp:featuredmedia":[{"embeddable":true,"href":"https:\/\/paradiznik.si\/de\/wp-json\/wp\/v2\/media\/4814"}],"wp:attachment":[{"href":"https:\/\/paradiznik.si\/de\/wp-json\/wp\/v2\/media?parent=4813"}],"wp:term":[{"taxonomy":"product_brand","embeddable":true,"href":"https:\/\/paradiznik.si\/de\/wp-json\/wp\/v2\/product_brand?post=4813"},{"taxonomy":"product_cat","embeddable":true,"href":"https:\/\/paradiznik.si\/de\/wp-json\/wp\/v2\/product_cat?post=4813"},{"taxonomy":"product_tag","embeddable":true,"href":"https:\/\/paradiznik.si\/de\/wp-json\/wp\/v2\/product_tag?post=4813"}],"curies":[{"name":"wp","href":"https:\/\/api.w.org\/{rel}","templated":true}]}}