{"id":4804,"date":"2024-02-27T22:23:39","date_gmt":"2024-02-27T21:23:39","guid":{"rendered":"https:\/\/paradiznik.si\/?post_type=product&#038;p=4804"},"modified":"2026-04-04T12:08:41","modified_gmt":"2026-04-04T10:08:41","slug":"paradiznik-pitanga","status":"publish","type":"product","link":"https:\/\/paradiznik.si\/de\/produkt\/paradiznik-pitanga\/","title":{"rendered":"Tomate \u2013 Pitanga"},"content":{"rendered":"<p data-start=\"148\" data-end=\"204\"><strong data-start=\"148\" data-end=\"204\">Pitanga-Tomate \u2013 eine runzlige Riesin mit au\u00dfergew\u00f6hnlichem Geschmack<\/strong><\/p>\n<p data-start=\"206\" data-end=\"470\"><strong data-start=\"206\" data-end=\"217\">Pitanga<\/strong> Ist <strong data-start=\"221\" data-end=\"254\">sehr seltene Sammlervariante<\/strong>, das sich durch seine <strong data-start=\"276\" data-end=\"332\">die au\u00dfergew\u00f6hnliche Gr\u00f6\u00dfe und das charakteristische runzelige Aussehen der Fr\u00fcchte<\/strong>, Sie \u00e4hneln exotischen Fr\u00fcchten. Einzelne Fr\u00fcchte k\u00f6nnen bis zu wiegen. <strong data-start=\"406\" data-end=\"417\">bis zu 1 kg<\/strong>, womit sie zu den Schwergewichten unter den paradi\u017eniki z\u00e4hlt.<\/p>\n<p data-start=\"472\" data-end=\"718\"><strong data-start=\"472\" data-end=\"485\">Anlage:<\/strong><br data-start=\"485\" data-end=\"488\" \/>Es geht um <strong data-start=\"495\" data-end=\"520\">unbestimmte Sorte<\/strong>, das entwickelt <strong data-start=\"533\" data-end=\"556\">starkes und \u00fcppiges Wachstum<\/strong> und Anfrage <strong data-start=\"569\" data-end=\"589\">zuverl\u00e4ssiger Support<\/strong>. Es reift <strong data-start=\"596\" data-end=\"605\">sp\u00e4t<\/strong>, oft nur in <strong data-start=\"622\" data-end=\"643\">Herbstmonate<\/strong>, aber wegen <strong data-start=\"659\" data-end=\"680\">hoher Widerstand<\/strong> und die Haltbarkeit h\u00e4lt bis weit in die Saison hinein an.<\/p>\n<p data-start=\"720\" data-end=\"989\"><strong data-start=\"720\" data-end=\"732\">Fr\u00fcchte:<\/strong><br data-start=\"732\" data-end=\"735\" \/>Die Fr\u00fcchte sind <strong data-start=\"746\" data-end=\"764\">stark gerippt<\/strong>, oft tief faltig, mit <strong data-start=\"793\" data-end=\"819\">vollmundiger, s\u00fc\u00dfer Geschmack<\/strong> Und <strong data-start=\"823\" data-end=\"843\">fleischige Textur<\/strong>. Sie enthalten <strong data-start=\"855\" data-end=\"874\">sehr wenige Samen<\/strong>, was bedeutet, dass das Saatgut <strong data-start=\"912\" data-end=\"931\">selten verf\u00fcgbar<\/strong>, und ist daher besonders wertvoll f\u00fcr Liebhaber besonderer Sorten.<\/p>\n<p data-start=\"991\" data-end=\"1198\"><strong data-start=\"991\" data-end=\"1003\">Verwendung:<\/strong><br data-start=\"1003\" data-end=\"1006\" \/>Aufgrund ihrer Gr\u00f6\u00dfe und ihres s\u00fc\u00dfen Geschmacks ist Pitanga ideal f\u00fcr <strong data-start=\"1069\" data-end=\"1134\">Frisch verzehren, in Scheiben schneiden, Sandwiches zubereiten oder So\u00dfen herstellen<\/strong>. Aufgrund ihrer dekorativen Form ist sie auch eine sch\u00f6ne Erg\u00e4nzung f\u00fcr einen Teller.<\/p>","protected":false},"excerpt":{"rendered":"<ul>\n<li data-start=\"1219\" data-end=\"1265\">\n<p data-start=\"1221\" data-end=\"1265\"><strong data-start=\"1221\" data-end=\"1240\">Wissenschaftlicher Name:<\/strong> <em data-start=\"1241\" data-end=\"1263\">Solanum lycopersicum<\/em><\/p>\n<\/li>\n<li data-start=\"1266\" data-end=\"1286\">\n<p data-start=\"1268\" data-end=\"1286\"><strong data-start=\"1268\" data-end=\"1278\">Farbe:<\/strong> Rot<\/p>\n<\/li>\n<li data-start=\"1287\" data-end=\"1313\">\n<p data-start=\"1289\" data-end=\"1313\"><strong data-start=\"1289\" data-end=\"1305\">Reifungszeit:<\/strong> Sp\u00e4te<\/p>\n<\/li>\n<li data-start=\"1314\" data-end=\"1331\">\n<p data-start=\"1316\" data-end=\"1331\"><strong data-start=\"1316\" data-end=\"1329\">Menge: 10 Samen<\/strong><\/p>\n<\/li>\n<li data-start=\"1332\" data-end=\"1379\">\n<p data-start=\"1334\" data-end=\"1379\"><strong data-start=\"1334\" data-end=\"1343\">Wachstum:<\/strong> Unbestimmt (Unterst\u00fctzung erforderlich)<\/p>\n<\/li>\n<li data-start=\"1380\" data-end=\"1404\">\n<p data-start=\"1382\" data-end=\"1404\"><strong data-start=\"1382\" data-end=\"1404\">Sammlervariante<\/strong><\/p>\n<\/li>\n<\/ul>","protected":false},"featured_media":4805,"template":"","meta":{"_mo_disable_npp":""},"product_brand":[],"product_cat":[127,72,156,71],"product_tag":[],"class_list":{"0":"post-4804","1":"product","2":"type-product","3":"status-publish","4":"has-post-thumbnail","6":"product_cat-novo","7":"product_cat-paradizniki","8":"product_cat-slovenija","9":"product_cat-semena","10":"pa_barva-rumena","11":"pa_cas-zorenja-sredi-sezone","13":"first","14":"instock","15":"shipping-taxable","16":"purchasable","17":"product-type-simple"},"_links":{"self":[{"href":"https:\/\/paradiznik.si\/de\/wp-json\/wp\/v2\/product\/4804","targetHints":{"allow":["GET"]}}],"collection":[{"href":"https:\/\/paradiznik.si\/de\/wp-json\/wp\/v2\/product"}],"about":[{"href":"https:\/\/paradiznik.si\/de\/wp-json\/wp\/v2\/types\/product"}],"wp:featuredmedia":[{"embeddable":true,"href":"https:\/\/paradiznik.si\/de\/wp-json\/wp\/v2\/media\/4805"}],"wp:attachment":[{"href":"https:\/\/paradiznik.si\/de\/wp-json\/wp\/v2\/media?parent=4804"}],"wp:term":[{"taxonomy":"product_brand","embeddable":true,"href":"https:\/\/paradiznik.si\/de\/wp-json\/wp\/v2\/product_brand?post=4804"},{"taxonomy":"product_cat","embeddable":true,"href":"https:\/\/paradiznik.si\/de\/wp-json\/wp\/v2\/product_cat?post=4804"},{"taxonomy":"product_tag","embeddable":true,"href":"https:\/\/paradiznik.si\/de\/wp-json\/wp\/v2\/product_tag?post=4804"}],"curies":[{"name":"wp","href":"https:\/\/api.w.org\/{rel}","templated":true}]}}