{"id":4672,"date":"2024-02-17T18:58:45","date_gmt":"2024-02-17T17:58:45","guid":{"rendered":"https:\/\/paradiznik.si\/?post_type=product&#038;p=4672"},"modified":"2026-03-15T21:08:59","modified_gmt":"2026-03-15T20:08:59","slug":"jajcevec-tsakoniki","status":"publish","type":"product","link":"https:\/\/paradiznik.si\/de\/produkt\/jajcevec-tsakoniki\/","title":{"rendered":"Aubergine \u2013 Tsakoniki"},"content":{"rendered":"<p data-start=\"0\" data-end=\"425\">Aubergine <strong data-start=\"29\" data-end=\"42\">Tsakoni<\/strong> ist eine traditionelle griechische Sorte, bekannt f\u00fcr ihre <strong data-start=\"89\" data-end=\"114\">l\u00e4ngliche Fr\u00fcchte<\/strong> mit einer charakteristischen <strong data-start=\"126\" data-end=\"154\">lila und wei\u00dfe Streifen<\/strong>. Die Fr\u00fcchte sind normalerweise <strong data-start=\"176\" data-end=\"194\">20\u201325 cm lang<\/strong>, mit <strong data-start=\"198\" data-end=\"224\" data-is-only-node=\"\">d\u00fcnne, gl\u00e4nzende Schale<\/strong> Und <strong data-start=\"228\" data-end=\"251\">zartes, wei\u00dfes Fleisch<\/strong>, was ist <strong data-start=\"259\" data-end=\"276\">ohne Bitterkeit<\/strong>. Der Geschmack ist <strong data-start=\"286\" data-end=\"311\">weich, leicht s\u00fc\u00df<\/strong>, was Tsakoniki zu einer der begehrtesten Sorten macht f\u00fcr <strong data-start=\"374\" data-end=\"422\">Backen, F\u00fcllen, Braten oder Grillen<\/strong>.<\/p>\n<p data-start=\"427\" data-end=\"804\">Die Pflanze hat <strong data-start=\"440\" data-end=\"472\">mittelstarkes, \u00fcppiges, aufrechtes Wachstum<\/strong> und vertr\u00e4gt Hitze gut, sodass sie im w\u00e4rmeren Teil der Jahreszeit Fr\u00fcchte tr\u00e4gt. <strong data-start=\"535\" data-end=\"559\">reichlich und gleichm\u00e4\u00dfig<\/strong>. Die Reifung dauert ungef\u00e4hr <strong data-start=\"585\" data-end=\"607\">70\u201380 Tage nach der Aussaat<\/strong>, was es unter <strong data-start=\"627\" data-end=\"652\">mittelfr\u00fche Sorten<\/strong>. Die Auberginensorte Tsakoniki eignet sich sowohl f\u00fcr den Anbau im Freien als auch im Gew\u00e4chshaus.<\/p>","protected":false},"excerpt":{"rendered":"<ul>\n<li data-start=\"811\" data-end=\"852\">\n<p data-start=\"813\" data-end=\"852\"><strong data-start=\"813\" data-end=\"832\">Wissenschaftlicher Name:<\/strong> Solanum melongena<\/p>\n<\/li>\n<li data-start=\"853\" data-end=\"905\">\n<p data-start=\"855\" data-end=\"905\"><strong data-start=\"855\" data-end=\"865\">Farbe:<\/strong> Lila mit wei\u00dfen Streifen, wei\u00dfes Fleisch<\/p>\n<\/li>\n<li data-start=\"906\" data-end=\"973\">\n<p data-start=\"908\" data-end=\"973\"><strong data-start=\"908\" data-end=\"924\">Reifungszeit:<\/strong> Etwa 70\u201380 Tage nach der Aussaat (mittelfr\u00fch)<\/p>\n<\/li>\n<li data-start=\"974\" data-end=\"997\">\n<p data-start=\"976\" data-end=\"997\"><strong data-start=\"976\" data-end=\"989\">Menge:<\/strong> 10 \u2013 20 Samen<\/p>\n<\/li>\n<li data-start=\"998\" data-end=\"1046\">\n<p data-start=\"1000\" data-end=\"1046\"><strong data-start=\"1000\" data-end=\"1009\">Wachstum: S<\/strong>m\u00e4\u00dfig \u00fcppig (bis zu 80 cm)<\/p>\n<\/li>\n<li data-start=\"1047\" data-end=\"1068\">\n<p data-start=\"1049\" data-end=\"1068\"><strong data-start=\"1049\" data-end=\"1059\">Herkunft:<\/strong> Griechenland<\/p>\n<\/li>\n<\/ul>","protected":false},"featured_media":4673,"template":"","meta":{"_mo_disable_npp":""},"product_brand":[],"product_cat":[73,71],"product_tag":[],"class_list":{"0":"post-4672","1":"product","2":"type-product","3":"status-publish","4":"has-post-thumbnail","6":"product_cat-jajcevci","7":"product_cat-semena","9":"first","10":"instock","11":"shipping-taxable","12":"purchasable","13":"product-type-simple"},"_links":{"self":[{"href":"https:\/\/paradiznik.si\/de\/wp-json\/wp\/v2\/product\/4672","targetHints":{"allow":["GET"]}}],"collection":[{"href":"https:\/\/paradiznik.si\/de\/wp-json\/wp\/v2\/product"}],"about":[{"href":"https:\/\/paradiznik.si\/de\/wp-json\/wp\/v2\/types\/product"}],"wp:featuredmedia":[{"embeddable":true,"href":"https:\/\/paradiznik.si\/de\/wp-json\/wp\/v2\/media\/4673"}],"wp:attachment":[{"href":"https:\/\/paradiznik.si\/de\/wp-json\/wp\/v2\/media?parent=4672"}],"wp:term":[{"taxonomy":"product_brand","embeddable":true,"href":"https:\/\/paradiznik.si\/de\/wp-json\/wp\/v2\/product_brand?post=4672"},{"taxonomy":"product_cat","embeddable":true,"href":"https:\/\/paradiznik.si\/de\/wp-json\/wp\/v2\/product_cat?post=4672"},{"taxonomy":"product_tag","embeddable":true,"href":"https:\/\/paradiznik.si\/de\/wp-json\/wp\/v2\/product_tag?post=4672"}],"curies":[{"name":"wp","href":"https:\/\/api.w.org\/{rel}","templated":true}]}}