{"id":4578,"date":"2024-02-12T23:27:50","date_gmt":"2024-02-12T22:27:50","guid":{"rendered":"https:\/\/paradiznik.si\/?post_type=product&#038;p=4578"},"modified":"2026-03-27T12:07:20","modified_gmt":"2026-03-27T11:07:20","slug":"cili-carolina-reaper-neizolirano","status":"publish","type":"product","link":"https:\/\/paradiznik.si\/de\/produkt\/cili-carolina-reaper-neizolirano\/","title":{"rendered":"Chili \u2013 Aji Ananas"},"content":{"rendered":"<p data-start=\"174\" data-end=\"492\">Chili <strong data-start=\"196\" data-end=\"213\">Ananas<\/strong> (Capsicum baccatum) ist eine extrem aromatische peruanische Sorte, die ber\u00fchmt ist f\u00fcr ihre <strong data-start=\"291\" data-end=\"321\">erfrischender tropischer Geschmack<\/strong>, was an erinnert <strong data-start=\"338\" data-end=\"381\">Ananas, Zitrone und s\u00fc\u00dfe Zitrusfr\u00fcchte<\/strong>. Die Fr\u00fcchte sind mittelgro\u00df, l\u00e4nglich, leicht gewellt und haben eine charakteristische <strong data-start=\"450\" data-end=\"473\">hellgelbe Farbe<\/strong> bei voller Reife.<\/p>\n<p data-start=\"494\" data-end=\"837\">Das Brennen ist <strong data-start=\"506\" data-end=\"517\">Medium<\/strong>, Genau richtig f\u00fcr alle, die ein unverwechselbares Aroma ohne zu aufdringliche Note w\u00fcnschen. Mit seinem au\u00dfergew\u00f6hnlichen Fruchtprofil ist Aji Pineapple perfekt f\u00fcr <strong data-start=\"661\" data-end=\"745\">frische Salsas, tropische und fruchtig-scharfe Saucen, Marinaden und Fermentation<\/strong>. D\u00fcnnes Fleisch erlaubt auch <strong data-start=\"771\" data-end=\"790\">ausgezeichnete Trocknung<\/strong>, wodurch ein wunderbar aromatisches Pulver entsteht.<\/p>\n<p data-start=\"839\" data-end=\"1028\">Die Pflanze ist hochw\u00fcchsig, sehr ertragreich und \u00e4u\u00dferst pflegeleicht. Unter den richtigen Bedingungen tr\u00e4gt sie \u00fcber einen langen Zeitraum reichlich Fr\u00fcchte \u2013 ein wahrer Genuss f\u00fcr alle Liebhaber von Baccatum-Fr\u00fcchten.<\/p>","protected":false},"excerpt":{"rendered":"<ul>\n<li data-start=\"1056\" data-end=\"1097\">\n<p data-start=\"1058\" data-end=\"1097\"><strong data-start=\"1058\" data-end=\"1077\">Wissenschaftlicher Name:<\/strong> Capsicum baccatum<\/p>\n<\/li>\n<li data-start=\"1098\" data-end=\"1127\">\n<p data-start=\"1100\" data-end=\"1127\"><strong data-start=\"1100\" data-end=\"1110\">Farbe:<\/strong> gr\u00fcn, gelb<\/p>\n<\/li>\n<li data-start=\"1128\" data-end=\"1156\">\n<p data-start=\"1130\" data-end=\"1156\"><strong data-start=\"1130\" data-end=\"1146\">Reifungszeit:<\/strong> mittel<\/p>\n<\/li>\n<li data-start=\"1157\" data-end=\"1186\">\n<p data-start=\"1159\" data-end=\"1186\"><strong data-start=\"1159\" data-end=\"1172\">Menge:<\/strong> 10-20 Samen<\/p>\n<\/li>\n<li data-start=\"1187\" data-end=\"1231\">\n<p data-start=\"1189\" data-end=\"1231\"><strong data-start=\"1189\" data-end=\"1209\">Pflanzenh\u00f6he:<\/strong> etwa 80\u2013120 cm<\/p>\n<\/li>\n<li data-start=\"1232\" data-end=\"1251\">\n<p data-start=\"1234\" data-end=\"1251\"><strong data-start=\"1234\" data-end=\"1244\">Herkunft:<\/strong> Peru<\/p>\n<\/li>\n<li data-start=\"1252\" data-end=\"1288\">\n<p data-start=\"1254\" data-end=\"1288\"><strong data-start=\"1254\" data-end=\"1262\">SHU:<\/strong> etwa 20.000\u201330.000<\/p>\n<\/li>\n<\/ul>","protected":false},"featured_media":7015,"template":"","meta":{"_mo_disable_npp":""},"product_brand":[],"product_cat":[95,74,127,156,71],"product_tag":[],"class_list":{"0":"post-4578","1":"product","2":"type-product","3":"status-publish","4":"has-post-thumbnail","6":"product_cat-capsicum-baccatum","7":"product_cat-ciliji","8":"product_cat-novo","9":"product_cat-slovenija","10":"product_cat-semena","12":"first","13":"instock","14":"shipping-taxable","15":"purchasable","16":"product-type-simple"},"_links":{"self":[{"href":"https:\/\/paradiznik.si\/de\/wp-json\/wp\/v2\/product\/4578","targetHints":{"allow":["GET"]}}],"collection":[{"href":"https:\/\/paradiznik.si\/de\/wp-json\/wp\/v2\/product"}],"about":[{"href":"https:\/\/paradiznik.si\/de\/wp-json\/wp\/v2\/types\/product"}],"wp:featuredmedia":[{"embeddable":true,"href":"https:\/\/paradiznik.si\/de\/wp-json\/wp\/v2\/media\/7015"}],"wp:attachment":[{"href":"https:\/\/paradiznik.si\/de\/wp-json\/wp\/v2\/media?parent=4578"}],"wp:term":[{"taxonomy":"product_brand","embeddable":true,"href":"https:\/\/paradiznik.si\/de\/wp-json\/wp\/v2\/product_brand?post=4578"},{"taxonomy":"product_cat","embeddable":true,"href":"https:\/\/paradiznik.si\/de\/wp-json\/wp\/v2\/product_cat?post=4578"},{"taxonomy":"product_tag","embeddable":true,"href":"https:\/\/paradiznik.si\/de\/wp-json\/wp\/v2\/product_tag?post=4578"}],"curies":[{"name":"wp","href":"https:\/\/api.w.org\/{rel}","templated":true}]}}