{"id":4576,"date":"2024-02-12T23:15:11","date_gmt":"2024-02-12T22:15:11","guid":{"rendered":"https:\/\/paradiznik.si\/?post_type=product&#038;p=4576"},"modified":"2026-05-11T20:25:30","modified_gmt":"2026-05-11T18:25:30","slug":"cili-scarlett-variegated-2","status":"publish","type":"product","link":"https:\/\/paradiznik.si\/de\/produkt\/cili-scarlett-variegated-2\/","title":{"rendered":"Chili \u2013 Scharlachrot Bunt"},"content":{"rendered":"<p>Capsicum annuum. Diese Sorte ist f\u00fcr ihre einzigartige Farbpalette bekannt, die ihr ein attraktives, farbenfroh geflecktes Aussehen verleiht. Das \u201cVariegated\u201d im Namen bezieht sich auf diese F\u00e4rbung, die sowohl an den Bl\u00e4ttern der Pflanze als auch an den Chilischoten selbst zu finden ist. Die Fr\u00fcchte der Sorte \u201cScarlett Variegated\u201d entwickeln sich typischerweise von Gr\u00fcn im unreifen Zustand zu einem leuchtenden Rot im reifen Zustand, wobei w\u00e4hrend des Wachstums verschiedene Farbschattierungen sichtbar sind. <strong>Diese Sorte erreicht einen SHU-Wert von bis zu 10.000.<\/strong> Neben ihrer attraktiven Optik sind \u201cScarlett Variegated\u201d-Chilipflanzen auch f\u00fcr ihre Robustheit und Resistenz gegen viele h\u00e4ufige Krankheiten bekannt, was ihren Anbau erleichtert.<\/p>","protected":false},"excerpt":{"rendered":"<ul>\n<li data-start=\"963\" data-end=\"1002\">\n<p data-start=\"965\" data-end=\"1002\"><strong data-start=\"965\" data-end=\"984\">Wissenschaftlicher Name:<\/strong> Capsicum annuum<\/p>\n<\/li>\n<li data-start=\"1003\" data-end=\"1051\">\n<p data-start=\"1005\" data-end=\"1051\"><strong data-start=\"1005\" data-end=\"1015\">Farbe:<\/strong> gr\u00fcn, wei\u00df, lila, rot<\/p>\n<\/li>\n<li data-start=\"1052\" data-end=\"1088\">\n<p data-start=\"1054\" data-end=\"1088\"><strong data-start=\"1054\" data-end=\"1070\">Reifungszeit:<\/strong> mittelfr\u00fch<\/p>\n<\/li>\n<li data-start=\"1089\" data-end=\"1106\">\n<p data-start=\"1091\" data-end=\"1106\"><strong data-start=\"1091\" data-end=\"1104\">Menge: <\/strong>10 \u2013 20 Samen<\/p>\n<\/li>\n<li data-start=\"1107\" data-end=\"1167\">\n<p data-start=\"1109\" data-end=\"1167\"><strong data-start=\"1109\" data-end=\"1129\">Pflanzenh\u00f6he:<\/strong> etwa 50\u201360 cm (kompaktes Wachstum)<\/p>\n<\/li>\n<li data-start=\"1168\" data-end=\"1193\">\n<p data-start=\"1170\" data-end=\"1193\"><strong data-start=\"1170\" data-end=\"1180\">Herkunft:<\/strong> Australien<\/p>\n<\/li>\n<li data-start=\"1194\" data-end=\"1253\">\n<p data-start=\"1196\" data-end=\"1253\"><strong data-start=\"1196\" data-end=\"1204\">SHU:<\/strong> etwa 5.000\u201310.000<\/p>\n<\/li>\n<\/ul>","protected":false},"featured_media":3680,"template":"","meta":{"_mo_disable_npp":""},"product_brand":[],"product_cat":[92,74,156,71],"product_tag":[],"class_list":{"0":"post-4576","1":"product","2":"type-product","3":"status-publish","4":"has-post-thumbnail","6":"product_cat-capsicum-annuum","7":"product_cat-ciliji","8":"product_cat-slovenija","9":"product_cat-semena","11":"first","12":"instock","13":"shipping-taxable","14":"purchasable","15":"product-type-simple"},"_links":{"self":[{"href":"https:\/\/paradiznik.si\/de\/wp-json\/wp\/v2\/product\/4576","targetHints":{"allow":["GET"]}}],"collection":[{"href":"https:\/\/paradiznik.si\/de\/wp-json\/wp\/v2\/product"}],"about":[{"href":"https:\/\/paradiznik.si\/de\/wp-json\/wp\/v2\/types\/product"}],"wp:featuredmedia":[{"embeddable":true,"href":"https:\/\/paradiznik.si\/de\/wp-json\/wp\/v2\/media\/3680"}],"wp:attachment":[{"href":"https:\/\/paradiznik.si\/de\/wp-json\/wp\/v2\/media?parent=4576"}],"wp:term":[{"taxonomy":"product_brand","embeddable":true,"href":"https:\/\/paradiznik.si\/de\/wp-json\/wp\/v2\/product_brand?post=4576"},{"taxonomy":"product_cat","embeddable":true,"href":"https:\/\/paradiznik.si\/de\/wp-json\/wp\/v2\/product_cat?post=4576"},{"taxonomy":"product_tag","embeddable":true,"href":"https:\/\/paradiznik.si\/de\/wp-json\/wp\/v2\/product_tag?post=4576"}],"curies":[{"name":"wp","href":"https:\/\/api.w.org\/{rel}","templated":true}]}}