{"id":4078,"date":"2024-01-17T19:49:02","date_gmt":"2024-01-17T18:49:02","guid":{"rendered":"https:\/\/paradiznik.si\/izdelek\/micelij-na-lesenih-cepkih-bukov-ostrigar\/"},"modified":"2026-02-06T22:21:12","modified_gmt":"2026-02-06T21:21:12","slug":"micelij-bukov-ostrigar","status":"publish","type":"product","link":"https:\/\/paradiznik.si\/de\/produkt\/micelij-bukov-ostrigar\/","title":{"rendered":"Myzel \u2013 Buchen-Austernfischer"},"content":{"rendered":"<p data-start=\"72\" data-end=\"857\">Der Austernpilz ist ein sehr beliebter Zuchtpilz, der f\u00fcr seine F\u00e4higkeit bekannt ist, <strong data-start=\"147\" data-end=\"191\">Auch f\u00fcr absolute Anf\u00e4nger leicht anzubauen<\/strong>, weil es <strong data-start=\"201\" data-end=\"235\">extrem starkes Unterholzwachstum<\/strong>, was die Pr\u00e4paration des Substrats erschwert. <strong data-start=\"273\" data-end=\"302\">Keine Sterilisation erforderlich<\/strong> \u2013 Kochen oder D\u00e4mpfen gen\u00fcgt.<\/p>\n<p>Es zeichnet sich aus durch <strong data-start=\"359\" data-end=\"380\">s\u00fc\u00dfer, milder Geschmack<\/strong>, und in der traditionellen \u00f6stlichen Medizin wird es verwendet f\u00fcr <strong data-start=\"438\" data-end=\"454\">St\u00e4rkung<\/strong>, <strong data-start=\"456\" data-end=\"474\">Sehnenfreisetzung<\/strong> und zur Regulierung verschiedener Ungleichgewichte im K\u00f6rper. Buchenrinde ist von Natur aus <strong data-start=\"552\" data-end=\"577\">reich an Protein<\/strong>, enth\u00e4lt zahlreiche <strong data-start=\"596\" data-end=\"623\">essentielle Aminos\u00e4uren<\/strong>, <strong data-start=\"625\" data-end=\"647\">B-Vitamine<\/strong>, <strong data-start=\"649\" data-end=\"680\">unges\u00e4ttigte Fetts\u00e4uren<\/strong> (haupts\u00e4chlich \u00d6ls\u00e4ure), <strong data-start=\"702\" data-end=\"714\">Mineralien<\/strong> Und <strong data-start=\"718\" data-end=\"730\">Faser<\/strong>.<\/p>\n<p>Wegen <strong data-start=\"739\" data-end=\"766\">hoher Eisengehalt<\/strong> Er wird als Pilz gesch\u00e4tzt, der die Blutbildung unterst\u00fctzt und den allgemeinen N\u00e4hrwert der Speisepl\u00e4ne erh\u00f6ht.<\/p>\n<ol>\n<li><strong>Buchen-Austernpilz-Stopfen<\/strong> Sie eignen sich zum Anpflanzen auf Buchen-, Hainbuchen-, Birken- und Pappelholz. Die Packung enth\u00e4lt ca. 100 Holzstecklinge.<\/li>\n<li><strong>Myzel auf Getreide<\/strong> Es eignet sich zum Anz\u00fcchten auf Stroh, S\u00e4gemehl oder Holz von Buche, Hainbuche, Birke und Pappel. Die Packung enth\u00e4lt ca. 1 kg Myzel auf Getreide.<\/li>\n<\/ol>\n<p>Mit Ihrem Kauf erhalten Sie au\u00dferdem eine Anleitung, die Sie Schritt f\u00fcr Schritt durch alle Verfahren f\u00fcr den erfolgreichen Anbau von Pilzen f\u00fchrt.<\/p>\n<p>Mehr Informationen zum Anbau von Pilzen zu Hause finden Sie hier. <a href=\"https:\/\/paradiznik.si\/de\/gojenje-gob\/\">HIER<\/a><\/p>","protected":false},"excerpt":{"rendered":"<ul>\n<li><strong>Wissenschaftlicher Name:<\/strong> Austernpilz<\/li>\n<\/ul>\n<p><strong>Das Myzel wird auf Bestellung zubereitet, daher kann die Lieferung 2-3 Wochen dauern. So stellen wir sicher, dass Sie stets Myzel von h\u00f6chster Qualit\u00e4t erhalten.<\/strong><\/p>","protected":false},"featured_media":3986,"template":"","meta":{"_mo_disable_npp":""},"product_brand":[],"product_cat":[83],"product_tag":[],"class_list":{"0":"post-4078","1":"product","2":"type-product","3":"status-publish","4":"has-post-thumbnail","6":"product_cat-miceliji-za-gojenje-gob","7":"pa_micelij-na-lesnih-cepkih-500-kom","8":"pa_micelij-na-lesnih-cepkih-100","9":"pa_micelij-na-zitu-1-kg","11":"first","12":"outofstock","13":"shipping-taxable","14":"product-type-variable"},"_links":{"self":[{"href":"https:\/\/paradiznik.si\/de\/wp-json\/wp\/v2\/product\/4078","targetHints":{"allow":["GET"]}}],"collection":[{"href":"https:\/\/paradiznik.si\/de\/wp-json\/wp\/v2\/product"}],"about":[{"href":"https:\/\/paradiznik.si\/de\/wp-json\/wp\/v2\/types\/product"}],"wp:featuredmedia":[{"embeddable":true,"href":"https:\/\/paradiznik.si\/de\/wp-json\/wp\/v2\/media\/3986"}],"wp:attachment":[{"href":"https:\/\/paradiznik.si\/de\/wp-json\/wp\/v2\/media?parent=4078"}],"wp:term":[{"taxonomy":"product_brand","embeddable":true,"href":"https:\/\/paradiznik.si\/de\/wp-json\/wp\/v2\/product_brand?post=4078"},{"taxonomy":"product_cat","embeddable":true,"href":"https:\/\/paradiznik.si\/de\/wp-json\/wp\/v2\/product_cat?post=4078"},{"taxonomy":"product_tag","embeddable":true,"href":"https:\/\/paradiznik.si\/de\/wp-json\/wp\/v2\/product_tag?post=4078"}],"curies":[{"name":"wp","href":"https:\/\/api.w.org\/{rel}","templated":true}]}}