{"id":4075,"date":"2024-01-17T19:49:02","date_gmt":"2024-01-17T18:49:02","guid":{"rendered":"https:\/\/paradiznik.si\/izdelek\/aussie-gold-dragon-fruit\/"},"modified":"2026-03-15T00:49:07","modified_gmt":"2026-03-14T23:49:07","slug":"aussie-gold-dragon-fruit","status":"publish","type":"product","link":"https:\/\/paradiznik.si\/de\/produkt\/aussie-gold-dragon-fruit\/","title":{"rendered":"Drachenfrucht \u2013 Gelbe Thai-Frucht"},"content":{"rendered":"<p data-start=\"58\" data-end=\"319\">Pitaya <strong data-start=\"65\" data-end=\"80\">Gelbes Thai<\/strong> ist etwas Besonderes <strong data-start=\"92\" data-end=\"110\">Hybridsorte<\/strong>, entstanden durch Kreuzung <strong data-start=\"135\" data-end=\"184\">Selenicereus megalanthus \u00d7 Hylocereus undatus<\/strong>, Dadurch vereint es die hervorragenden Eigenschaften beider Typen: <strong data-start=\"240\" data-end=\"286\">hohe Fruchtbarkeit, Selbstbest\u00e4ubung, gutes Aroma<\/strong> und die charakteristischen Stacheln von Megalanthus.<\/p>\n<p data-start=\"321\" data-end=\"641\">Die Pflanze ist <strong data-start=\"333\" data-end=\"347\">sehr \u00fcppig<\/strong>, mit kr\u00e4ftigen, dreiseitigen Trieben, die oft an den unteren Teilen der Fr\u00fcchte <strong data-start=\"423\" data-end=\"438\">l\u00e4ngere Stacheln<\/strong>. Seine Bl\u00fcten sind <strong data-start=\"492\" data-end=\"539\">gro\u00df, wei\u00df, stark duftend,<\/strong>\u00a0mit gutem Fruchtansatz auch ohne Anwesenheit einer anderen Sorte, wie es ist <strong data-start=\"613\" data-end=\"638\">vollst\u00e4ndig selbstfruchtbar<\/strong>.<\/p>\n<p data-start=\"643\" data-end=\"1034\">Die Fr\u00fcchte sind normalerweise <strong data-start=\"663\" data-end=\"681\">mehr als 450 g<\/strong>, mit <strong data-start=\"685\" data-end=\"720\">dickere, leicht rosa Haut<\/strong>, Die Fr\u00fcchte f\u00e4rben sich im reifen Zustand in eine Mischung aus rosa und hellgelblichen T\u00f6nen, was sie sehr dekorativ macht. Das Fruchtfleisch ist <strong data-start=\"839\" data-end=\"853\">komplett wei\u00df<\/strong>, weich und saftig, mit kleinen, knackigen Kernen. Der Geschmack ist <strong data-start=\"911\" data-end=\"927\">leicht s\u00fc\u00dflich<\/strong>, mit einem ausgepr\u00e4gten <strong data-start=\"940\" data-end=\"967\">Zitronennote<\/strong>, was der Frucht Frische verleiht und sie von klassischen wei\u00dffleischigen Sorten unterscheidet.<\/p>\n<p data-start=\"1036\" data-end=\"1235\">","protected":false},"excerpt":{"rendered":"<ul>\n<li data-start=\"1273\" data-end=\"1344\">\n<p data-start=\"1275\" data-end=\"1344\"><strong data-start=\"1275\" data-end=\"1294\">Wissenschaftlicher Name:<\/strong> <em data-start=\"1295\" data-end=\"1342\">Selenicereus megalanthus \u00d7 Hylocereus undatus<\/em><\/p>\n<\/li>\n<li data-start=\"1345\" data-end=\"1397\">\n<p data-start=\"1347\" data-end=\"1397\"><strong data-start=\"1347\" data-end=\"1364\">Geh\u00e4usefarbe:<\/strong> Rosa mit gelblichen Nuancen<\/p>\n<\/li>\n<li data-start=\"1398\" data-end=\"1422\">\n<p data-start=\"1400\" data-end=\"1422\"><strong data-start=\"1400\" data-end=\"1415\">Fleischfarbe:<\/strong> Wei\u00df<\/p>\n<\/li>\n<li data-start=\"1423\" data-end=\"1465\">\n<p data-start=\"1425\" data-end=\"1465\"><strong data-start=\"1425\" data-end=\"1435\">Herkunft:<\/strong> Thailand (Hybridselektion)<\/p>\n<\/li>\n<li data-start=\"1466\" data-end=\"1504\">\n<p data-start=\"1468\" data-end=\"1504\"><strong data-start=\"1468\" data-end=\"1486\">Selbstbefruchtung:<\/strong> Ja, selbstfruchtbar<\/p>\n<\/li>\n<li data-start=\"1505\" data-end=\"1539\">\n<p data-start=\"1507\" data-end=\"1539\"><strong data-start=\"1507\" data-end=\"1537\">Gr\u00f6\u00dfe der Setzlinge bei Lieferung: <\/strong>20 \u2013 25 cm<\/p>\n<\/li>\n<\/ul>","protected":false},"featured_media":6978,"template":"","meta":{"_mo_disable_npp":""},"product_brand":[],"product_cat":[81],"product_tag":[],"class_list":{"0":"post-4075","1":"product","2":"type-product","3":"status-publish","4":"has-post-thumbnail","6":"product_cat-sadike","8":"first","9":"instock","10":"featured","11":"shipping-taxable","12":"purchasable","13":"product-type-simple"},"_links":{"self":[{"href":"https:\/\/paradiznik.si\/de\/wp-json\/wp\/v2\/product\/4075","targetHints":{"allow":["GET"]}}],"collection":[{"href":"https:\/\/paradiznik.si\/de\/wp-json\/wp\/v2\/product"}],"about":[{"href":"https:\/\/paradiznik.si\/de\/wp-json\/wp\/v2\/types\/product"}],"wp:featuredmedia":[{"embeddable":true,"href":"https:\/\/paradiznik.si\/de\/wp-json\/wp\/v2\/media\/6978"}],"wp:attachment":[{"href":"https:\/\/paradiznik.si\/de\/wp-json\/wp\/v2\/media?parent=4075"}],"wp:term":[{"taxonomy":"product_brand","embeddable":true,"href":"https:\/\/paradiznik.si\/de\/wp-json\/wp\/v2\/product_brand?post=4075"},{"taxonomy":"product_cat","embeddable":true,"href":"https:\/\/paradiznik.si\/de\/wp-json\/wp\/v2\/product_cat?post=4075"},{"taxonomy":"product_tag","embeddable":true,"href":"https:\/\/paradiznik.si\/de\/wp-json\/wp\/v2\/product_tag?post=4075"}],"curies":[{"name":"wp","href":"https:\/\/api.w.org\/{rel}","templated":true}]}}