{"id":4054,"date":"2024-01-17T19:48:59","date_gmt":"2024-01-17T18:48:59","guid":{"rendered":"https:\/\/paradiznik.si\/izdelek\/buca-atlentic-giant\/"},"modified":"2026-03-29T21:59:46","modified_gmt":"2026-03-29T19:59:46","slug":"buca-atlentic-giant","status":"publish","type":"product","link":"https:\/\/paradiznik.si\/de\/produkt\/buca-atlentic-giant\/","title":{"rendered":"K\u00fcrbis \u2013 Atlantischer Riese"},"content":{"rendered":"<p><strong data-start=\"1759\" data-end=\"1782\">Atlantischer Riesenk\u00fcrbis<\/strong> ist bekannt f\u00fcr <strong data-start=\"1795\" data-end=\"1816\">riesige Fr\u00fcchte<\/strong>, Die Fr\u00fcchte k\u00f6nnen unter idealen Bedingungen Hunderte von Kilogramm wiegen \u2013 ideal f\u00fcr alle, die ein Spektakel im Garten suchen oder einen Rekord aufstellen m\u00f6chten. <strong data-start=\"1954\" data-end=\"2005\">dicke Orangenschale mit stark gerippter Oberfl\u00e4che<\/strong> und Fleisch, auch f\u00fcr die Zubereitung von Suppen, P\u00fcrees und zum Braten geeignet. Wachstum ist <strong data-start=\"2089\" data-end=\"2107\">\u00fcppig<\/strong>, Sie ben\u00f6tigt viel Platz, einen sonnigen Standort und eine regelm\u00e4\u00dfige Versorgung mit N\u00e4hrstoffen und Wasser \u2013 wenn Sie ein oder zwei gro\u00dfe K\u00fcrbisse z\u00fcchten m\u00f6chten, ist dies die richtige Sorte.<\/p>","protected":false},"excerpt":{"rendered":"<ul>\n<li data-start=\"1435\" data-end=\"1477\">\n<p data-start=\"1437\" data-end=\"1477\"><strong data-start=\"1437\" data-end=\"1456\">Nachname:<\/strong> <em data-start=\"1457\" data-end=\"1475\">Cucurbita maxima<\/em><\/p>\n<\/li>\n<li data-start=\"1478\" data-end=\"1527\">\n<p data-start=\"1480\" data-end=\"1527\"><strong data-start=\"1480\" data-end=\"1490\">Farbe:<\/strong> Orangenschale mit gerippter Textur<\/p>\n<\/li>\n<li data-start=\"1528\" data-end=\"1554\">\n<p data-start=\"1530\" data-end=\"1554\"><strong data-start=\"1530\" data-end=\"1546\">Reifungszeit:<\/strong> sp\u00e4t<\/p>\n<\/li>\n<li data-start=\"1555\" data-end=\"1572\">\n<p data-start=\"1557\" data-end=\"1572\"><strong data-start=\"1557\" data-end=\"1570\">Menge<\/strong>8 \u2013 12 Samen<\/p>\n<\/li>\n<li data-start=\"1573\" data-end=\"1601\">\n<p data-start=\"1575\" data-end=\"1601\"><strong data-start=\"1575\" data-end=\"1584\">Wachstum:<\/strong> \u00fcppige Kletterpflanze<\/p>\n<\/li>\n<li data-start=\"1602\" data-end=\"1661\">\n<p data-start=\"1604\" data-end=\"1661\"><strong data-start=\"1604\" data-end=\"1614\">Herkunft:<\/strong> Kanada \/ Nordamerika (ausgew\u00e4hlte Sorten)<\/p>\n<\/li>\n<\/ul>","protected":false},"featured_media":3942,"template":"","meta":{"_mo_disable_npp":""},"product_brand":[],"product_cat":[78,71],"product_tag":[],"class_list":{"0":"post-4054","1":"product","2":"type-product","3":"status-publish","4":"has-post-thumbnail","6":"product_cat-bucke-in-kumare","7":"product_cat-semena","9":"first","10":"instock","11":"shipping-taxable","12":"purchasable","13":"product-type-simple"},"_links":{"self":[{"href":"https:\/\/paradiznik.si\/de\/wp-json\/wp\/v2\/product\/4054","targetHints":{"allow":["GET"]}}],"collection":[{"href":"https:\/\/paradiznik.si\/de\/wp-json\/wp\/v2\/product"}],"about":[{"href":"https:\/\/paradiznik.si\/de\/wp-json\/wp\/v2\/types\/product"}],"wp:featuredmedia":[{"embeddable":true,"href":"https:\/\/paradiznik.si\/de\/wp-json\/wp\/v2\/media\/3942"}],"wp:attachment":[{"href":"https:\/\/paradiznik.si\/de\/wp-json\/wp\/v2\/media?parent=4054"}],"wp:term":[{"taxonomy":"product_brand","embeddable":true,"href":"https:\/\/paradiznik.si\/de\/wp-json\/wp\/v2\/product_brand?post=4054"},{"taxonomy":"product_cat","embeddable":true,"href":"https:\/\/paradiznik.si\/de\/wp-json\/wp\/v2\/product_cat?post=4054"},{"taxonomy":"product_tag","embeddable":true,"href":"https:\/\/paradiznik.si\/de\/wp-json\/wp\/v2\/product_tag?post=4054"}],"curies":[{"name":"wp","href":"https:\/\/api.w.org\/{rel}","templated":true}]}}