{"id":4034,"date":"2024-01-17T19:48:55","date_gmt":"2024-01-17T18:48:55","guid":{"rendered":"https:\/\/paradiznik.si\/izdelek\/momordika-gorka-dinija\/"},"modified":"2026-03-26T16:21:50","modified_gmt":"2026-03-26T15:21:50","slug":"momordika-gorka-dinija","status":"publish","type":"product","link":"https:\/\/paradiznik.si\/de\/produkt\/momordika-gorka-dinija\/","title":{"rendered":"Momordica \u2013 Bittermelone"},"content":{"rendered":"<p data-start=\"0\" data-end=\"454\"><strong data-start=\"20\" data-end=\"33\">Momordica<\/strong> (<em data-start=\"35\" data-end=\"56\">Momordica charantia<\/em>), auch bekannt als <strong data-start=\"74\" data-end=\"91\">Bittermelone<\/strong> oder <strong data-start=\"96\" data-end=\"106\">Karela<\/strong>, Ist <strong data-start=\"111\" data-end=\"133\">exotischer Kletterer<\/strong>, das seinen Ursprung hat in <strong data-start=\"148\" data-end=\"175\">tropische Regionen Asiens<\/strong>. Es ist ein gesch\u00e4tztes Gem\u00fcse, das h\u00e4ufig verwendet wird in <strong data-start=\"225\" data-end=\"265\">Asiatische, afrikanische und karibische K\u00fcche<\/strong>, wo sie als echte Spezialit\u00e4t gilt. Die Pflanzenformen <strong data-start=\"316\" data-end=\"368\">charakteristische warzige Fr\u00fcchte von l\u00e4nglicher Form<\/strong>, die beim Reifen <strong data-start=\"384\" data-end=\"412\">Sie verf\u00e4rben sich gelb und \u00f6ffnen sich<\/strong>, aufschlussreich <strong data-start=\"435\" data-end=\"451\">rote Samen<\/strong>.<\/p>\n<p data-start=\"456\" data-end=\"974\">Fr\u00fcchte <strong data-start=\"464\" data-end=\"494\">Wir pfl\u00fccken gr\u00fcne und unreife<\/strong>, wenn sie am meisten <strong data-start=\"510\" data-end=\"543\">aromatisch und angenehm bitter<\/strong>. Sie werden verwendet f\u00fcr <strong data-start=\"563\" data-end=\"613\">Kochen, Schmoren, F\u00fcllen, Wok- und Currygerichte<\/strong>. Die reifen Fr\u00fcchte sind essbar, haben aber <strong data-start=\"659\" data-end=\"693\">st\u00e4rkerer, deutlich bitterer Geschmack<\/strong>. Neben seinem kulinarischen Wert ist es auch bekannt f\u00fcr seine <strong data-start=\"835\" data-end=\"860\">medizinische Eigenschaften<\/strong>, da es enth\u00e4lt <strong data-start=\"874\" data-end=\"938\">Antioxidantien und Substanzen, die zur Regulierung des Blutzuckerspiegels beitragen<\/strong>.<\/p>\n<p>Fleisch enth\u00e4lt nat\u00fcrliche <strong data-start=\"716\" data-end=\"741\">Bitterstoffe und Alkaloide<\/strong>, wie zum Beispiel <strong data-start=\"750\" data-end=\"784\">Momordicin, Charantin und Vicin<\/strong>, die einen positiven Einfluss haben auf <strong data-start=\"808\" data-end=\"850\">Zuckerstoffwechsel und Leberfunktion<\/strong>. Aufgrund dieser Wirkstoffe <strong data-start=\"876\" data-end=\"929\">Der Verzehr wird f\u00fcr schwangere oder stillende M\u00fctter nicht empfohlen.<\/strong> Und <strong data-start=\"934\" data-end=\"971\">Menschen mit niedrigem Blutzucker<\/strong>.<\/p>\n<p data-start=\"976\" data-end=\"1242\">In Asien, von <strong data-start=\"990\" data-end=\"1020\">getrocknete Momordica-Bl\u00e4tter<\/strong> traditionell zubereitet <strong data-start=\"1046\" data-end=\"1071\">bitter-aromatischer Tee<\/strong>, das nach dem Essen getrunken wird als <strong data-start=\"1098\" data-end=\"1129\">Unterst\u00fctzung der Verdauung und des Stoffwechsels<\/strong>. Es wird empfohlen <strong data-start=\"1144\" data-end=\"1163\">m\u00e4\u00dfiger Konsum<\/strong>, da eine \u00dcberdosierung dazu f\u00fchren kann <strong data-start=\"1197\" data-end=\"1239\">\u00dcbelkeit oder niedriger Blutzucker<\/strong>.<\/p>\n<p data-start=\"1244\" data-end=\"1661\">Bittermelone ist <strong data-start=\"1261\" data-end=\"1302\">w\u00e4rmeliebende, schnellwachsende Kletterpflanze<\/strong>, \u00e4hnlich wie Gurken. Es braucht <strong data-start=\"1331\" data-end=\"1340\">Unterst\u00fctzung<\/strong>, <strong data-start=\"1342\" data-end=\"1357\">sonnige Lage<\/strong> Und <strong data-start=\"1361\" data-end=\"1387\">fruchtbarer, gut durchl\u00e4ssiger Boden<\/strong>. Wir s\u00e4en es ein <strong data-start=\"1401\" data-end=\"1436\">T\u00f6pfe oder warmes Wasser gehen im Fr\u00fchling<\/strong>, und ins Freie verpflanzt <strong data-start=\"1461\" data-end=\"1481\">nach dem letzten Frost<\/strong>. Regelm\u00e4\u00dfiges Gie\u00dfen f\u00f6rdert die Fruchtbildung.<\/p>","protected":false},"excerpt":{"rendered":"<ul>\n<li data-start=\"1668\" data-end=\"1711\">\n<p data-start=\"1670\" data-end=\"1711\"><strong data-start=\"1670\" data-end=\"1689\">Wissenschaftlicher Name:<\/strong> Momordica charantia<\/p>\n<\/li>\n<li data-start=\"1712\" data-end=\"1776\">\n<p data-start=\"1714\" data-end=\"1776\"><strong data-start=\"1714\" data-end=\"1724\">Farbe:<\/strong> Gr\u00fcne bis orange-gelbe Schale, rotes Inneres<\/p>\n<\/li>\n<li data-start=\"1777\" data-end=\"1842\">\n<p data-start=\"1779\" data-end=\"1842\"><strong data-start=\"1779\" data-end=\"1795\">Reifungszeit:<\/strong> Etwa 80\u201390 Tage nach der Aussaat (mittelsp\u00e4t)<\/p>\n<\/li>\n<li data-start=\"1843\" data-end=\"1866\">\n<p data-start=\"1845\" data-end=\"1866\"><strong data-start=\"1845\" data-end=\"1858\">Menge:<\/strong> 10 Samen<\/p>\n<\/li>\n<li data-start=\"1867\" data-end=\"1923\">\n<p data-start=\"1869\" data-end=\"1923\"><strong data-start=\"1869\" data-end=\"1878\">Wachstum:<\/strong> \u00dcppig, kletternd (bis zu 4 m), ben\u00f6tigt Unterst\u00fctzung<\/p>\n<\/li>\n<li data-start=\"1924\" data-end=\"1952\">\n<p data-start=\"1926\" data-end=\"1952\"><strong data-start=\"1926\" data-end=\"1936\">Herkunft:<\/strong> Asien<\/p>\n<\/li>\n<\/ul>","protected":false},"featured_media":4000,"template":"","meta":{"_mo_disable_npp":""},"product_brand":[],"product_cat":[76,71],"product_tag":[],"class_list":{"0":"post-4034","1":"product","2":"type-product","3":"status-publish","4":"has-post-thumbnail","6":"product_cat-posebne-vrste","7":"product_cat-semena","9":"first","10":"instock","11":"shipping-taxable","12":"purchasable","13":"product-type-simple"},"_links":{"self":[{"href":"https:\/\/paradiznik.si\/de\/wp-json\/wp\/v2\/product\/4034","targetHints":{"allow":["GET"]}}],"collection":[{"href":"https:\/\/paradiznik.si\/de\/wp-json\/wp\/v2\/product"}],"about":[{"href":"https:\/\/paradiznik.si\/de\/wp-json\/wp\/v2\/types\/product"}],"wp:featuredmedia":[{"embeddable":true,"href":"https:\/\/paradiznik.si\/de\/wp-json\/wp\/v2\/media\/4000"}],"wp:attachment":[{"href":"https:\/\/paradiznik.si\/de\/wp-json\/wp\/v2\/media?parent=4034"}],"wp:term":[{"taxonomy":"product_brand","embeddable":true,"href":"https:\/\/paradiznik.si\/de\/wp-json\/wp\/v2\/product_brand?post=4034"},{"taxonomy":"product_cat","embeddable":true,"href":"https:\/\/paradiznik.si\/de\/wp-json\/wp\/v2\/product_cat?post=4034"},{"taxonomy":"product_tag","embeddable":true,"href":"https:\/\/paradiznik.si\/de\/wp-json\/wp\/v2\/product_tag?post=4034"}],"curies":[{"name":"wp","href":"https:\/\/api.w.org\/{rel}","templated":true}]}}