{"id":4027,"date":"2024-01-17T19:48:52","date_gmt":"2024-01-17T18:48:52","guid":{"rendered":"https:\/\/paradiznik.si\/izdelek\/andska-jagoda\/"},"modified":"2026-03-26T16:21:50","modified_gmt":"2026-03-26T15:21:50","slug":"andska-jagoda","status":"publish","type":"product","link":"https:\/\/paradiznik.si\/de\/produkt\/andska-jagoda\/","title":{"rendered":"Anden-Erdbeere \u2013 Physalis"},"content":{"rendered":"<p><strong data-start=\"4324\" data-end=\"4341\">Anden-Erdbeere<\/strong> ist eine magische Pflanze mit <strong data-start=\"4364\" data-end=\"4389\">mittelgro\u00dfe B\u00fcsche<\/strong>, die bringen <strong data-start=\"4404\" data-end=\"4475\">Gesunde, goldorange Fr\u00fcchte, versteckt in einer Papierlaterne\u201e<\/strong>, was der Pflanze eine besondere dekorative Wirkung verleiht. Die Fr\u00fcchte sind <strong data-start=\"4534\" data-end=\"4582\">s\u00fc\u00df-sauer, aromatisch und reich an Vitaminen<\/strong>, und geeignet f\u00fcr <strong data-start=\"4600\" data-end=\"4680\">Zum Frischverzehr, zur Marmeladenherstellung oder als Dekoration.<\/strong> Aufgrund ihrer botanischen Herkunft aus den Anden und ihrer Originalit\u00e4t ist sie hervorragend geeignet f\u00fcr G\u00e4rtner, die sich zumindest ein wenig Exotik und Farbe in ihrem Garten oder Topf w\u00fcnschen.<\/p>","protected":false},"excerpt":{"rendered":"<ul>\n<li data-start=\"4025\" data-end=\"4069\">\n<p data-start=\"4027\" data-end=\"4069\"><strong data-start=\"4027\" data-end=\"4046\">Wissenschaftlicher Name:<\/strong> <em data-start=\"4047\" data-end=\"4067\">Physalis peruviana<\/em><\/p>\n<\/li>\n<li data-start=\"4070\" data-end=\"4125\">\n<p data-start=\"4072\" data-end=\"4125\"><strong data-start=\"4072\" data-end=\"4082\">Farbe:<\/strong> goldorange Fr\u00fcchte<\/p>\n<\/li>\n<li data-start=\"4126\" data-end=\"4159\">\n<p data-start=\"4128\" data-end=\"4159\"><strong data-start=\"4128\" data-end=\"4144\">Reifungszeit:<\/strong> sp\u00e4t<\/p>\n<\/li>\n<li data-start=\"4160\" data-end=\"4177\">\n<p data-start=\"4162\" data-end=\"4177\"><strong data-start=\"4162\" data-end=\"4175\">Menge: <\/strong>20 \u2013 30 Samen<\/p>\n<\/li>\n<li data-start=\"4178\" data-end=\"4203\">\n<p data-start=\"4180\" data-end=\"4203\"><strong data-start=\"4180\" data-end=\"4189\">Wachstum:<\/strong> mittelgro\u00dfer Busch<\/p>\n<\/li>\n<li data-start=\"4204\" data-end=\"4239\">\n<p data-start=\"4206\" data-end=\"4239\"><strong data-start=\"4206\" data-end=\"4216\">Herkunft:<\/strong> S\u00fcdamerika (Anden)<\/p>\n<\/li>\n<\/ul>","protected":false},"featured_media":4010,"template":"","meta":{"_mo_disable_npp":""},"product_brand":[],"product_cat":[143,71],"product_tag":[],"class_list":{"0":"post-4027","1":"product","2":"type-product","3":"status-publish","4":"has-post-thumbnail","6":"product_cat-ostalo","7":"product_cat-semena","9":"first","10":"outofstock","11":"shipping-taxable","12":"purchasable","13":"product-type-simple"},"_links":{"self":[{"href":"https:\/\/paradiznik.si\/de\/wp-json\/wp\/v2\/product\/4027","targetHints":{"allow":["GET"]}}],"collection":[{"href":"https:\/\/paradiznik.si\/de\/wp-json\/wp\/v2\/product"}],"about":[{"href":"https:\/\/paradiznik.si\/de\/wp-json\/wp\/v2\/types\/product"}],"wp:featuredmedia":[{"embeddable":true,"href":"https:\/\/paradiznik.si\/de\/wp-json\/wp\/v2\/media\/4010"}],"wp:attachment":[{"href":"https:\/\/paradiznik.si\/de\/wp-json\/wp\/v2\/media?parent=4027"}],"wp:term":[{"taxonomy":"product_brand","embeddable":true,"href":"https:\/\/paradiznik.si\/de\/wp-json\/wp\/v2\/product_brand?post=4027"},{"taxonomy":"product_cat","embeddable":true,"href":"https:\/\/paradiznik.si\/de\/wp-json\/wp\/v2\/product_cat?post=4027"},{"taxonomy":"product_tag","embeddable":true,"href":"https:\/\/paradiznik.si\/de\/wp-json\/wp\/v2\/product_tag?post=4027"}],"curies":[{"name":"wp","href":"https:\/\/api.w.org\/{rel}","templated":true}]}}