{"id":4025,"date":"2024-01-17T19:48:52","date_gmt":"2024-01-17T18:48:52","guid":{"rendered":"https:\/\/paradiznik.si\/izdelek\/mehiska-kumara\/"},"modified":"2026-03-21T17:24:34","modified_gmt":"2026-03-21T16:24:34","slug":"mehiska-kumara","status":"publish","type":"product","link":"https:\/\/paradiznik.si\/de\/produkt\/mehiska-kumara\/","title":{"rendered":"Mexikanische Gurke \u2013 Cucamelon"},"content":{"rendered":"<p><strong data-start=\"1922\" data-end=\"1940\">Mexikanische Gurke<\/strong>, auch bekannt als <strong data-start=\"1957\" data-end=\"1970\">Cucamelon<\/strong> oder <strong data-start=\"1975\" data-end=\"1999\">Mexikanische saure Gew\u00fcrzgurke<\/strong>, ist charmant <strong data-start=\"2014\" data-end=\"2029\">Minigurke<\/strong>, was aussieht wie <strong data-start=\"2055\" data-end=\"2078\">kleine Wassermelone<\/strong>. Seine winzigen Fr\u00fcchte sind <strong data-start=\"2104\" data-end=\"2145\">knusprig, erfrischend und leicht s\u00e4uerlich<\/strong>, mit einem angenehmen <strong data-start=\"2158\" data-end=\"2177\">Zitronennote<\/strong>, was sie perfekt macht f\u00fcr <strong data-start=\"2205\" data-end=\"2239\">Salate, Snacks oder Eingelegtes<\/strong>. Die Pflanze ist <strong data-start=\"2253\" data-end=\"2273\">\u00fcppige Kletterpflanze<\/strong>, die reichlich Fr\u00fcchte tr\u00e4gt und sowohl im Garten als auch in T\u00f6pfen auf dem Balkon pr\u00e4chtig gedeiht \u2013 man muss ihr nur geben <strong data-start=\"2356\" data-end=\"2365\">Unterst\u00fctzung<\/strong>.<\/p>\n<p>Es geht um <strong data-start=\"2374\" data-end=\"2402\">altmexikanische Variet\u00e4t<\/strong>, Diese Sorte ist robust, anspruchslos im Anbau und erfreut sich mit ihren kleinen Fr\u00fcchten gro\u00dfer Beliebtheit bei Kindern und Erwachsenen. Eine ideale Wahl f\u00fcr alle, die gerne Neues ausprobieren. <strong data-start=\"2574\" data-end=\"2594\">etwas anderes<\/strong>, unterhaltsam und lecker zugleich.<\/p>","protected":false},"excerpt":{"rendered":"<ul>\n<li><strong data-start=\"1665\" data-end=\"1684\">Wissenschaftlicher Name:<\/strong> <em data-start=\"1685\" data-end=\"1703\"><em data-start=\"1685\" data-end=\"1703\">Melothria scabra<\/em><\/em>&nbsp;<\/li>\n<li><strong data-start=\"1706\" data-end=\"1716\">Farbe:<\/strong> hellgr\u00fcn mit dunkelgr\u00fcnen Streifen<\/li>\n<li><strong data-start=\"1758\" data-end=\"1774\">Reifungszeit:<\/strong> etwa 60\u201375 Tage<\/li>\n<li><strong data-start=\"1797\" data-end=\"1810\">Menge: <\/strong>10 \u2013 20 Samen<\/li>\n<li><strong data-start=\"1813\" data-end=\"1833\">Wachstum:<\/strong> bis zu 200 cm oder mehr (Kletterer)<\/li>\n<li><strong data-start=\"1865\" data-end=\"1875\">Herkunft:<\/strong> Mexiko, Mittelamerika \u2013 antike Variante<\/li>\n<\/ul>","protected":false},"featured_media":3979,"template":"","meta":{"_mo_disable_npp":""},"product_brand":[],"product_cat":[71,156,78,76],"product_tag":[],"class_list":{"0":"post-4025","1":"product","2":"type-product","3":"status-publish","4":"has-post-thumbnail","6":"product_cat-semena","7":"product_cat-slovenija","8":"product_cat-bucke-in-kumare","9":"product_cat-posebne-vrste","10":"pa_barva-zelena","11":"pa_cas-zorenja-sredi-sezone","13":"first","14":"outofstock","15":"sale","16":"shipping-taxable","17":"purchasable","18":"product-type-simple"},"_links":{"self":[{"href":"https:\/\/paradiznik.si\/de\/wp-json\/wp\/v2\/product\/4025","targetHints":{"allow":["GET"]}}],"collection":[{"href":"https:\/\/paradiznik.si\/de\/wp-json\/wp\/v2\/product"}],"about":[{"href":"https:\/\/paradiznik.si\/de\/wp-json\/wp\/v2\/types\/product"}],"wp:featuredmedia":[{"embeddable":true,"href":"https:\/\/paradiznik.si\/de\/wp-json\/wp\/v2\/media\/3979"}],"wp:attachment":[{"href":"https:\/\/paradiznik.si\/de\/wp-json\/wp\/v2\/media?parent=4025"}],"wp:term":[{"taxonomy":"product_brand","embeddable":true,"href":"https:\/\/paradiznik.si\/de\/wp-json\/wp\/v2\/product_brand?post=4025"},{"taxonomy":"product_cat","embeddable":true,"href":"https:\/\/paradiznik.si\/de\/wp-json\/wp\/v2\/product_cat?post=4025"},{"taxonomy":"product_tag","embeddable":true,"href":"https:\/\/paradiznik.si\/de\/wp-json\/wp\/v2\/product_tag?post=4025"}],"curies":[{"name":"wp","href":"https:\/\/api.w.org\/{rel}","templated":true}]}}