{"id":3911,"date":"2024-01-17T14:52:10","date_gmt":"2024-01-17T13:52:10","guid":{"rendered":"https:\/\/paradiznik.si\/izdelek\/paprika-olenka\/"},"modified":"2026-02-20T07:54:39","modified_gmt":"2026-02-20T06:54:39","slug":"paprika-olenka","status":"publish","type":"product","link":"https:\/\/paradiznik.si\/de\/produkt\/paprika-olenka\/","title":{"rendered":"Pfeffer \u2013 Olenka"},"content":{"rendered":"<p>Pfeffer <strong data-start=\"1375\" data-end=\"1405\">\u201c&quot;Olenka&quot; (Capsicum annuum)<\/strong> Ist <strong data-start=\"1409\" data-end=\"1434\">s\u00fc\u00dfe, fleischige Sorte<\/strong> mit einer charakteristischen <strong data-start=\"1446\" data-end=\"1488\">flache, leicht gerippte Fruchtform<\/strong>, die Mini-paradi\u017enike \u00e4hneln. Sie reifen von gr\u00fcn zu <strong data-start=\"1544\" data-end=\"1570\">intensive rote Farbe<\/strong>, Aber das Fleisch ist <strong data-start=\"1583\" data-end=\"1610\">dickfl\u00fcssig, saftig und s\u00fc\u00df<\/strong>. Die Pflanze ist <strong data-start=\"1624\" data-end=\"1656\">mittlere Gr\u00f6\u00dfe und sehr fruchtbar<\/strong>, Dadurch eignet sie sich hervorragend f\u00fcr den Anbau im Freien oder im Gew\u00e4chshaus. Olenka-Paprika ist ideal f\u00fcr <strong data-start=\"1733\" data-end=\"1776\">F\u00fcllen, Backen, Salate oder Einlegen<\/strong>, da es auch nach der W\u00e4rmebehandlung seine sch\u00f6ne Farbe und seinen Geschmack beh\u00e4lt.<\/p>","protected":false},"excerpt":{"rendered":"<ul>\n<li data-start=\"1862\" data-end=\"1901\">\n<p data-start=\"1864\" data-end=\"1901\"><strong data-start=\"1864\" data-end=\"1883\">Wissenschaftlicher Name:<\/strong> Capsicum annuum<\/p>\n<\/li>\n<li data-start=\"1902\" data-end=\"1930\">\n<p data-start=\"1904\" data-end=\"1930\"><strong data-start=\"1904\" data-end=\"1914\">Farbe:<\/strong> gr\u00fcn, rot<\/p>\n<\/li>\n<li data-start=\"1931\" data-end=\"1965\">\n<p data-start=\"1933\" data-end=\"1965\"><strong data-start=\"1933\" data-end=\"1949\">Reifungszeit:<\/strong> mittel bis sp\u00e4t<\/p>\n<\/li>\n<li data-start=\"1966\" data-end=\"1995\">\n<p data-start=\"1968\" data-end=\"1995\"><strong data-start=\"1968\" data-end=\"1981\">Menge:<\/strong> 10-20 Samen<\/p>\n<\/li>\n<li data-start=\"1996\" data-end=\"2039\">\n<p data-start=\"1998\" data-end=\"2039\"><strong data-start=\"1998\" data-end=\"2018\">Pflanzenh\u00f6he:<\/strong> etwa 60\u201380 cm<\/p>\n<\/li>\n<li data-start=\"2040\" data-end=\"2062\">\n<p data-start=\"2042\" data-end=\"2062\"><strong data-start=\"2042\" data-end=\"2052\">Herkunft:<\/strong> Polen<\/p>\n<\/li>\n<\/ul>","protected":false},"featured_media":3889,"template":"","meta":{"_mo_disable_npp":""},"product_brand":[],"product_cat":[114,71],"product_tag":[],"class_list":{"0":"post-3911","1":"product","2":"type-product","3":"status-publish","4":"has-post-thumbnail","6":"product_cat-paprike","7":"product_cat-semena","8":"pa_barva-rdeca","9":"pa_cas-zorenja-sredi-sezone","11":"first","12":"instock","13":"shipping-taxable","14":"purchasable","15":"product-type-simple"},"_links":{"self":[{"href":"https:\/\/paradiznik.si\/de\/wp-json\/wp\/v2\/product\/3911","targetHints":{"allow":["GET"]}}],"collection":[{"href":"https:\/\/paradiznik.si\/de\/wp-json\/wp\/v2\/product"}],"about":[{"href":"https:\/\/paradiznik.si\/de\/wp-json\/wp\/v2\/types\/product"}],"wp:featuredmedia":[{"embeddable":true,"href":"https:\/\/paradiznik.si\/de\/wp-json\/wp\/v2\/media\/3889"}],"wp:attachment":[{"href":"https:\/\/paradiznik.si\/de\/wp-json\/wp\/v2\/media?parent=3911"}],"wp:term":[{"taxonomy":"product_brand","embeddable":true,"href":"https:\/\/paradiznik.si\/de\/wp-json\/wp\/v2\/product_brand?post=3911"},{"taxonomy":"product_cat","embeddable":true,"href":"https:\/\/paradiznik.si\/de\/wp-json\/wp\/v2\/product_cat?post=3911"},{"taxonomy":"product_tag","embeddable":true,"href":"https:\/\/paradiznik.si\/de\/wp-json\/wp\/v2\/product_tag?post=3911"}],"curies":[{"name":"wp","href":"https:\/\/api.w.org\/{rel}","templated":true}]}}